{"id":11,"date":"2017-02-24T08:22:20","date_gmt":"2017-02-24T07:22:20","guid":{"rendered":"https:\/\/trennungundscheidung.web-email.at\/besuchsbegleitung\/?page_id=11"},"modified":"2020-11-13T11:30:55","modified_gmt":"2020-11-13T10:30:55","slug":"den-kontakt-zwischen-kindern-und-eltern-auch-schwierigen-zeiten-ermoeglichen","status":"publish","type":"page","link":"https:\/\/trennungundscheidung.web-email.at\/besuchsbegleitung\/","title":{"rendered":"Den Kontakt zwischen Kindern und Eltern auch in schwierigen Zeiten erm\u00f6glichen!"},"content":{"rendered":"<p>Mit der vom Sozialministerium gef\u00f6rderten Besuchsbegleitung soll f\u00fcr das Kind ein regelm\u00e4\u00dfiger Kontakt zum besuchsberechtigten Elternteil in Anwesenheit einer daf\u00fcr ausgebildeten Begleitperson sichergestellt werden, wenn es sonst keine oder nur eingeschr\u00e4nkte M\u00f6glichkeiten hat, diesen Elternteil zu sehen.<\/p>\n<p>Die begleiteten Treffen zwischen dem Kind und dem getrennt lebenden Elternteil erfolgen auf neutralem Boden. Eine Besuchsbegleitung wird entweder durch das Gericht angeordnet, oder auf Wunsch eines Elternteils \u2013 mit Zustimmung des anderen Elternteils \u2013&nbsp;sowie aufgrund einer \u201eoffiziellen\u201d Empfehlung durch das Jugendamt oder die Kinder- und Jugendanwaltschaft durchgef\u00fchrt.<\/p>\n<p>Die Besuchsbegleitung des BMASGK ist fu\u0308r sozial schwache Familien kostenlos.<\/p>\n<p>Eine Auflistung der gef\u00f6rderten Besuchscaf\u00e9s finden Sie auf folgendem Link:&nbsp;<a id=\"yiv9529114143yui_3_16_0_1_1490720659335_387509\" class=\"yiv9529114143enhancr2_f32c7daa-bba1-8ba0-2632-e4de3666187e\" href=\"https:\/\/www.sozialministerium.at\/site\/Soziales_und_KonsumentInnen\/Soziale_Themen\/Soziale_Sicherheit\/Besuchsbegleitung\/#intertitle-22\" target=\"_blank\" rel=\"nofollow noopener noreferrer\">Besuchsbegleitung<\/a><\/p>\n\n\n<figure class=\"wp-block-image size-large\"><a href=\"https:\/\/trennungundscheidung.web-email.at\/besuchsbegleitung\/enabling-contact-between-children-and-parents-in-difficult-times-as-well-en\/\"><img loading=\"lazy\" decoding=\"async\" width=\"50\" height=\"32\" src=\"https:\/\/trennungundscheidung.web-email.at\/besuchsbegleitung\/wp-content\/uploads\/sites\/9\/2020\/11\/englisch_english.jpg\" alt=\"\" class=\"wp-image-68\"\/><\/a><\/figure>\n","protected":false},"excerpt":{"rendered":"<p>Mit der vom Sozialministerium gef\u00f6rderten Besuchsbegleitung soll f\u00fcr das Kind ein regelm\u00e4\u00dfiger Kontakt zum besuchsberechtigten Elternteil in Anwesenheit einer daf\u00fcr ausgebildeten Begleitperson sichergestellt werden, wenn es sonst keine oder nur eingeschr\u00e4nkte M\u00f6glichkeiten hat, diesen Elternteil zu sehen. Die begleiteten Treffen zwischen dem Kind und dem getrennt lebenden Elternteil erfolgen auf neutralem Boden. Eine Besuchsbegleitung wird [&hellip;]<\/p>\n","protected":false},"author":1,"featured_media":0,"parent":0,"menu_order":0,"comment_status":"closed","ping_status":"closed","template":"","meta":{"_acf_changed":false,"footnotes":""},"class_list":["post-11","page","type-page","status-publish","hentry"],"acf":[],"yoast_head":"<!-- This site is optimized with the Yoast SEO plugin v26.9 - https:\/\/yoast.com\/product\/yoast-seo-wordpress\/ -->\n<title>Besuchsbegleitung | Trennung &amp; Scheidung<\/title>\n<meta name=\"description\" content=\"Mit der Besuchsbegleitung wird dem Kind ein regelm\u00e4\u00dfiger Kontakt zum besuchsberechtigten Elternteil in Anwesenheit einer Begleitperson erm\u00f6glicht.\" \/>\n<meta name=\"robots\" content=\"index, follow, max-snippet:-1, max-image-preview:large, max-video-preview:-1\" \/>\n<link rel=\"canonical\" href=\"https:\/\/trennungundscheidung.web-email.at\/besuchsbegleitung\/\" \/>\n<meta property=\"og:locale\" content=\"de_DE\" \/>\n<meta property=\"og:type\" content=\"article\" \/>\n<meta property=\"og:title\" content=\"Besuchsbegleitung | Trennung &amp; Scheidung\" \/>\n<meta property=\"og:description\" content=\"Mit der Besuchsbegleitung wird dem Kind ein regelm\u00e4\u00dfiger Kontakt zum besuchsberechtigten Elternteil in Anwesenheit einer Begleitperson erm\u00f6glicht.\" \/>\n<meta property=\"og:url\" content=\"https:\/\/trennungundscheidung.web-email.at\/besuchsbegleitung\/\" \/>\n<meta property=\"og:site_name\" content=\"Besuchsbegleitung\" \/>\n<meta property=\"article:modified_time\" content=\"2020-11-13T10:30:55+00:00\" \/>\n<meta property=\"og:image\" content=\"https:\/\/trennungundscheidung.web-email.at\/besuchsbegleitung\/wp-content\/uploads\/sites\/9\/2020\/11\/englisch_english.jpg\" \/>\n<meta name=\"twitter:card\" content=\"summary_large_image\" \/>\n<meta name=\"twitter:label1\" content=\"Gesch\u00e4tzte Lesezeit\" \/>\n\t<meta name=\"twitter:data1\" content=\"1\u00a0Minute\" \/>\n<script type=\"application\/ld+json\" class=\"yoast-schema-graph\">{\"@context\":\"https:\/\/schema.org\",\"@graph\":[{\"@type\":\"WebPage\",\"@id\":\"https:\/\/trennungundscheidung.web-email.at\/besuchsbegleitung\/\",\"url\":\"https:\/\/trennungundscheidung.web-email.at\/besuchsbegleitung\/\",\"name\":\"Besuchsbegleitung | Trennung & Scheidung\",\"isPartOf\":{\"@id\":\"https:\/\/trennungundscheidung.web-email.at\/besuchsbegleitung\/#website\"},\"primaryImageOfPage\":{\"@id\":\"https:\/\/trennungundscheidung.web-email.at\/besuchsbegleitung\/#primaryimage\"},\"image\":{\"@id\":\"https:\/\/trennungundscheidung.web-email.at\/besuchsbegleitung\/#primaryimage\"},\"thumbnailUrl\":\"https:\/\/trennungundscheidung.web-email.at\/besuchsbegleitung\/wp-content\/uploads\/sites\/9\/2020\/11\/englisch_english.jpg\",\"datePublished\":\"2017-02-24T07:22:20+00:00\",\"dateModified\":\"2020-11-13T10:30:55+00:00\",\"description\":\"Mit der Besuchsbegleitung wird dem Kind ein regelm\u00e4\u00dfiger Kontakt zum besuchsberechtigten Elternteil in Anwesenheit einer Begleitperson erm\u00f6glicht.\",\"breadcrumb\":{\"@id\":\"https:\/\/trennungundscheidung.web-email.at\/besuchsbegleitung\/#breadcrumb\"},\"inLanguage\":\"de\",\"potentialAction\":[{\"@type\":\"ReadAction\",\"target\":[\"https:\/\/trennungundscheidung.web-email.at\/besuchsbegleitung\/\"]}]},{\"@type\":\"ImageObject\",\"inLanguage\":\"de\",\"@id\":\"https:\/\/trennungundscheidung.web-email.at\/besuchsbegleitung\/#primaryimage\",\"url\":\"https:\/\/trennungundscheidung.web-email.at\/besuchsbegleitung\/wp-content\/uploads\/sites\/9\/2020\/11\/englisch_english.jpg\",\"contentUrl\":\"https:\/\/trennungundscheidung.web-email.at\/besuchsbegleitung\/wp-content\/uploads\/sites\/9\/2020\/11\/englisch_english.jpg\",\"width\":50,\"height\":32},{\"@type\":\"BreadcrumbList\",\"@id\":\"https:\/\/trennungundscheidung.web-email.at\/besuchsbegleitung\/#breadcrumb\",\"itemListElement\":[{\"@type\":\"ListItem\",\"position\":1,\"name\":\"Home\",\"item\":\"https:\/\/trennungundscheidung.web-email.at\/besuchsbegleitung\/\"},{\"@type\":\"ListItem\",\"position\":2,\"name\":\"Den Kontakt zwischen Kindern und Eltern auch in schwierigen Zeiten erm\u00f6glichen!\"}]},{\"@type\":\"WebSite\",\"@id\":\"https:\/\/trennungundscheidung.web-email.at\/besuchsbegleitung\/#website\",\"url\":\"https:\/\/trennungundscheidung.web-email.at\/besuchsbegleitung\/\",\"name\":\"Besuchsbegleitung\",\"description\":\"\",\"potentialAction\":[{\"@type\":\"SearchAction\",\"target\":{\"@type\":\"EntryPoint\",\"urlTemplate\":\"https:\/\/trennungundscheidung.web-email.at\/besuchsbegleitung\/?s={search_term_string}\"},\"query-input\":{\"@type\":\"PropertyValueSpecification\",\"valueRequired\":true,\"valueName\":\"search_term_string\"}}],\"inLanguage\":\"de\"}]}<\/script>\n<!-- \/ Yoast SEO plugin. -->","yoast_head_json":{"title":"Besuchsbegleitung | Trennung & Scheidung","description":"Mit der Besuchsbegleitung wird dem Kind ein regelm\u00e4\u00dfiger Kontakt zum besuchsberechtigten Elternteil in Anwesenheit einer Begleitperson erm\u00f6glicht.","robots":{"index":"index","follow":"follow","max-snippet":"max-snippet:-1","max-image-preview":"max-image-preview:large","max-video-preview":"max-video-preview:-1"},"canonical":"https:\/\/trennungundscheidung.web-email.at\/besuchsbegleitung\/","og_locale":"de_DE","og_type":"article","og_title":"Besuchsbegleitung | Trennung & Scheidung","og_description":"Mit der Besuchsbegleitung wird dem Kind ein regelm\u00e4\u00dfiger Kontakt zum besuchsberechtigten Elternteil in Anwesenheit einer Begleitperson erm\u00f6glicht.","og_url":"https:\/\/trennungundscheidung.web-email.at\/besuchsbegleitung\/","og_site_name":"Besuchsbegleitung","article_modified_time":"2020-11-13T10:30:55+00:00","og_image":[{"url":"https:\/\/trennungundscheidung.web-email.at\/besuchsbegleitung\/wp-content\/uploads\/sites\/9\/2020\/11\/englisch_english.jpg","type":"","width":"","height":""}],"twitter_card":"summary_large_image","twitter_misc":{"Gesch\u00e4tzte Lesezeit":"1\u00a0Minute"},"schema":{"@context":"https:\/\/schema.org","@graph":[{"@type":"WebPage","@id":"https:\/\/trennungundscheidung.web-email.at\/besuchsbegleitung\/","url":"https:\/\/trennungundscheidung.web-email.at\/besuchsbegleitung\/","name":"Besuchsbegleitung | Trennung & Scheidung","isPartOf":{"@id":"https:\/\/trennungundscheidung.web-email.at\/besuchsbegleitung\/#website"},"primaryImageOfPage":{"@id":"https:\/\/trennungundscheidung.web-email.at\/besuchsbegleitung\/#primaryimage"},"image":{"@id":"https:\/\/trennungundscheidung.web-email.at\/besuchsbegleitung\/#primaryimage"},"thumbnailUrl":"https:\/\/trennungundscheidung.web-email.at\/besuchsbegleitung\/wp-content\/uploads\/sites\/9\/2020\/11\/englisch_english.jpg","datePublished":"2017-02-24T07:22:20+00:00","dateModified":"2020-11-13T10:30:55+00:00","description":"Mit der Besuchsbegleitung wird dem Kind ein regelm\u00e4\u00dfiger Kontakt zum besuchsberechtigten Elternteil in Anwesenheit einer Begleitperson erm\u00f6glicht.","breadcrumb":{"@id":"https:\/\/trennungundscheidung.web-email.at\/besuchsbegleitung\/#breadcrumb"},"inLanguage":"de","potentialAction":[{"@type":"ReadAction","target":["https:\/\/trennungundscheidung.web-email.at\/besuchsbegleitung\/"]}]},{"@type":"ImageObject","inLanguage":"de","@id":"https:\/\/trennungundscheidung.web-email.at\/besuchsbegleitung\/#primaryimage","url":"https:\/\/trennungundscheidung.web-email.at\/besuchsbegleitung\/wp-content\/uploads\/sites\/9\/2020\/11\/englisch_english.jpg","contentUrl":"https:\/\/trennungundscheidung.web-email.at\/besuchsbegleitung\/wp-content\/uploads\/sites\/9\/2020\/11\/englisch_english.jpg","width":50,"height":32},{"@type":"BreadcrumbList","@id":"https:\/\/trennungundscheidung.web-email.at\/besuchsbegleitung\/#breadcrumb","itemListElement":[{"@type":"ListItem","position":1,"name":"Home","item":"https:\/\/trennungundscheidung.web-email.at\/besuchsbegleitung\/"},{"@type":"ListItem","position":2,"name":"Den Kontakt zwischen Kindern und Eltern auch in schwierigen Zeiten erm\u00f6glichen!"}]},{"@type":"WebSite","@id":"https:\/\/trennungundscheidung.web-email.at\/besuchsbegleitung\/#website","url":"https:\/\/trennungundscheidung.web-email.at\/besuchsbegleitung\/","name":"Besuchsbegleitung","description":"","potentialAction":[{"@type":"SearchAction","target":{"@type":"EntryPoint","urlTemplate":"https:\/\/trennungundscheidung.web-email.at\/besuchsbegleitung\/?s={search_term_string}"},"query-input":{"@type":"PropertyValueSpecification","valueRequired":true,"valueName":"search_term_string"}}],"inLanguage":"de"}]}},"_links":{"self":[{"href":"https:\/\/trennungundscheidung.web-email.at\/besuchsbegleitung\/wp-json\/wp\/v2\/pages\/11","targetHints":{"allow":["GET"]}}],"collection":[{"href":"https:\/\/trennungundscheidung.web-email.at\/besuchsbegleitung\/wp-json\/wp\/v2\/pages"}],"about":[{"href":"https:\/\/trennungundscheidung.web-email.at\/besuchsbegleitung\/wp-json\/wp\/v2\/types\/page"}],"author":[{"embeddable":true,"href":"https:\/\/trennungundscheidung.web-email.at\/besuchsbegleitung\/wp-json\/wp\/v2\/users\/1"}],"replies":[{"embeddable":true,"href":"https:\/\/trennungundscheidung.web-email.at\/besuchsbegleitung\/wp-json\/wp\/v2\/comments?post=11"}],"version-history":[{"count":2,"href":"https:\/\/trennungundscheidung.web-email.at\/besuchsbegleitung\/wp-json\/wp\/v2\/pages\/11\/revisions"}],"predecessor-version":[{"id":69,"href":"https:\/\/trennungundscheidung.web-email.at\/besuchsbegleitung\/wp-json\/wp\/v2\/pages\/11\/revisions\/69"}],"wp:attachment":[{"href":"https:\/\/trennungundscheidung.web-email.at\/besuchsbegleitung\/wp-json\/wp\/v2\/media?parent=11"}],"curies":[{"name":"wp","href":"https:\/\/api.w.org\/{rel}","templated":true}]}}