{"id":64,"date":"2020-11-11T15:32:52","date_gmt":"2020-11-11T14:32:52","guid":{"rendered":"https:\/\/trennungundscheidung.web-email.at\/besuchsbegleitung\/?page_id=64"},"modified":"2020-11-13T11:30:37","modified_gmt":"2020-11-13T10:30:37","slug":"enabling-contact-between-children-and-parents-in-difficult-times-as-well-en","status":"publish","type":"page","link":"https:\/\/trennungundscheidung.web-email.at\/besuchsbegleitung\/enabling-contact-between-children-and-parents-in-difficult-times-as-well-en\/","title":{"rendered":"Enabling contact between children and parents in difficult times as well!"},"content":{"rendered":"<p>The option of supervised visits assisted by the Ministry of Social Affairs is available to ensure that a child has regular contact with the parent granted access rights in the presence of an accompanying person specially trained for this purpose if there is no other or only limited possibilities for their contact.<\/p>\n<p>Such supervised meetings between the child and the parent living elsewhere take place in a neutral setting. Supervised visits are either ordered by the court or requested by this parent \u2013 subject to the consent of the other parent \u2013 and are organised on the basis of an &#8222;official&#8220; recommendation made by the youth welfare office or the children and youth ombuds-office.<\/p>\n<p>The supervised visits offered by the BMASGK are free of charge for vulnerable families.<\/p>\n<p>The supervised visits offered by the BMASGK are free of charge for vulnerable families. <a href=\"https:\/\/trennungundscheidung.web-email.at\/besuchsbegleitung\/\">Supervised visits<\/a><\/p>\n\n\n<figure class=\"wp-block-image size-large\"><a href=\"https:\/\/trennungundscheidung.web-email.at\/besuchsbegleitung\/\"><img loading=\"lazy\" decoding=\"async\" width=\"50\" height=\"32\" src=\"https:\/\/trennungundscheidung.web-email.at\/besuchsbegleitung\/wp-content\/uploads\/sites\/9\/2020\/11\/deutsch.png\" alt=\"\" class=\"wp-image-66\"\/><\/a><\/figure>\n","protected":false},"excerpt":{"rendered":"<p>The option of supervised visits assisted by the Ministry of Social Affairs is available to ensure that a child has regular contact with the parent granted access rights in the presence of an accompanying person specially trained for this purpose if there is no other or only limited possibilities for their contact. Such supervised meetings [&hellip;]<\/p>\n","protected":false},"author":1,"featured_media":0,"parent":0,"menu_order":0,"comment_status":"closed","ping_status":"closed","template":"","meta":{"_acf_changed":false,"footnotes":""},"class_list":["post-64","page","type-page","status-publish","hentry"],"acf":[],"yoast_head":"<!-- This site is optimized with the Yoast SEO plugin v26.9 - https:\/\/yoast.com\/product\/yoast-seo-wordpress\/ -->\n<title>Besuchsbegleitung | Trennung &amp; Scheidung<\/title>\n<meta name=\"description\" content=\"Mit der Besuchsbegleitung wird dem Kind ein regelm\u00e4\u00dfiger Kontakt zum besuchsberechtigten Elternteil in Anwesenheit einer Begleitperson erm\u00f6glicht.\" \/>\n<meta name=\"robots\" content=\"index, follow, max-snippet:-1, max-image-preview:large, max-video-preview:-1\" \/>\n<link rel=\"canonical\" href=\"https:\/\/trennungundscheidung.web-email.at\/besuchsbegleitung\/enabling-contact-between-children-and-parents-in-difficult-times-as-well-en\/\" \/>\n<meta property=\"og:locale\" content=\"de_DE\" \/>\n<meta property=\"og:type\" content=\"article\" \/>\n<meta property=\"og:title\" content=\"Besuchsbegleitung | Trennung &amp; Scheidung\" \/>\n<meta property=\"og:description\" content=\"Mit der Besuchsbegleitung wird dem Kind ein regelm\u00e4\u00dfiger Kontakt zum besuchsberechtigten Elternteil in Anwesenheit einer Begleitperson erm\u00f6glicht.\" \/>\n<meta property=\"og:url\" content=\"https:\/\/trennungundscheidung.web-email.at\/besuchsbegleitung\/enabling-contact-between-children-and-parents-in-difficult-times-as-well-en\/\" \/>\n<meta property=\"og:site_name\" content=\"Besuchsbegleitung\" \/>\n<meta property=\"article:modified_time\" content=\"2020-11-13T10:30:37+00:00\" \/>\n<meta property=\"og:image\" content=\"https:\/\/trennungundscheidung.web-email.at\/besuchsbegleitung\/wp-content\/uploads\/sites\/9\/2020\/11\/deutsch.png\" \/>\n<meta name=\"twitter:card\" content=\"summary_large_image\" \/>\n<meta name=\"twitter:label1\" content=\"Gesch\u00e4tzte Lesezeit\" \/>\n\t<meta name=\"twitter:data1\" content=\"1\u00a0Minute\" \/>\n<script type=\"application\/ld+json\" class=\"yoast-schema-graph\">{\"@context\":\"https:\/\/schema.org\",\"@graph\":[{\"@type\":\"WebPage\",\"@id\":\"https:\/\/trennungundscheidung.web-email.at\/besuchsbegleitung\/enabling-contact-between-children-and-parents-in-difficult-times-as-well-en\/\",\"url\":\"https:\/\/trennungundscheidung.web-email.at\/besuchsbegleitung\/enabling-contact-between-children-and-parents-in-difficult-times-as-well-en\/\",\"name\":\"Besuchsbegleitung | Trennung & Scheidung\",\"isPartOf\":{\"@id\":\"https:\/\/trennungundscheidung.web-email.at\/besuchsbegleitung\/#website\"},\"primaryImageOfPage\":{\"@id\":\"https:\/\/trennungundscheidung.web-email.at\/besuchsbegleitung\/enabling-contact-between-children-and-parents-in-difficult-times-as-well-en\/#primaryimage\"},\"image\":{\"@id\":\"https:\/\/trennungundscheidung.web-email.at\/besuchsbegleitung\/enabling-contact-between-children-and-parents-in-difficult-times-as-well-en\/#primaryimage\"},\"thumbnailUrl\":\"https:\/\/trennungundscheidung.web-email.at\/besuchsbegleitung\/wp-content\/uploads\/sites\/9\/2020\/11\/deutsch.png\",\"datePublished\":\"2020-11-11T14:32:52+00:00\",\"dateModified\":\"2020-11-13T10:30:37+00:00\",\"description\":\"Mit der Besuchsbegleitung wird dem Kind ein regelm\u00e4\u00dfiger Kontakt zum besuchsberechtigten Elternteil in Anwesenheit einer Begleitperson erm\u00f6glicht.\",\"breadcrumb\":{\"@id\":\"https:\/\/trennungundscheidung.web-email.at\/besuchsbegleitung\/enabling-contact-between-children-and-parents-in-difficult-times-as-well-en\/#breadcrumb\"},\"inLanguage\":\"de\",\"potentialAction\":[{\"@type\":\"ReadAction\",\"target\":[\"https:\/\/trennungundscheidung.web-email.at\/besuchsbegleitung\/enabling-contact-between-children-and-parents-in-difficult-times-as-well-en\/\"]}]},{\"@type\":\"ImageObject\",\"inLanguage\":\"de\",\"@id\":\"https:\/\/trennungundscheidung.web-email.at\/besuchsbegleitung\/enabling-contact-between-children-and-parents-in-difficult-times-as-well-en\/#primaryimage\",\"url\":\"https:\/\/trennungundscheidung.web-email.at\/besuchsbegleitung\/wp-content\/uploads\/sites\/9\/2020\/11\/deutsch.png\",\"contentUrl\":\"https:\/\/trennungundscheidung.web-email.at\/besuchsbegleitung\/wp-content\/uploads\/sites\/9\/2020\/11\/deutsch.png\",\"width\":50,\"height\":32},{\"@type\":\"BreadcrumbList\",\"@id\":\"https:\/\/trennungundscheidung.web-email.at\/besuchsbegleitung\/enabling-contact-between-children-and-parents-in-difficult-times-as-well-en\/#breadcrumb\",\"itemListElement\":[{\"@type\":\"ListItem\",\"position\":1,\"name\":\"Home\",\"item\":\"https:\/\/trennungundscheidung.web-email.at\/besuchsbegleitung\/\"},{\"@type\":\"ListItem\",\"position\":2,\"name\":\"Enabling contact between children and parents in difficult times as well!\"}]},{\"@type\":\"WebSite\",\"@id\":\"https:\/\/trennungundscheidung.web-email.at\/besuchsbegleitung\/#website\",\"url\":\"https:\/\/trennungundscheidung.web-email.at\/besuchsbegleitung\/\",\"name\":\"Besuchsbegleitung\",\"description\":\"\",\"potentialAction\":[{\"@type\":\"SearchAction\",\"target\":{\"@type\":\"EntryPoint\",\"urlTemplate\":\"https:\/\/trennungundscheidung.web-email.at\/besuchsbegleitung\/?s={search_term_string}\"},\"query-input\":{\"@type\":\"PropertyValueSpecification\",\"valueRequired\":true,\"valueName\":\"search_term_string\"}}],\"inLanguage\":\"de\"}]}<\/script>\n<!-- \/ Yoast SEO plugin. -->","yoast_head_json":{"title":"Besuchsbegleitung | Trennung & Scheidung","description":"Mit der Besuchsbegleitung wird dem Kind ein regelm\u00e4\u00dfiger Kontakt zum besuchsberechtigten Elternteil in Anwesenheit einer Begleitperson erm\u00f6glicht.","robots":{"index":"index","follow":"follow","max-snippet":"max-snippet:-1","max-image-preview":"max-image-preview:large","max-video-preview":"max-video-preview:-1"},"canonical":"https:\/\/trennungundscheidung.web-email.at\/besuchsbegleitung\/enabling-contact-between-children-and-parents-in-difficult-times-as-well-en\/","og_locale":"de_DE","og_type":"article","og_title":"Besuchsbegleitung | Trennung & Scheidung","og_description":"Mit der Besuchsbegleitung wird dem Kind ein regelm\u00e4\u00dfiger Kontakt zum besuchsberechtigten Elternteil in Anwesenheit einer Begleitperson erm\u00f6glicht.","og_url":"https:\/\/trennungundscheidung.web-email.at\/besuchsbegleitung\/enabling-contact-between-children-and-parents-in-difficult-times-as-well-en\/","og_site_name":"Besuchsbegleitung","article_modified_time":"2020-11-13T10:30:37+00:00","og_image":[{"url":"https:\/\/trennungundscheidung.web-email.at\/besuchsbegleitung\/wp-content\/uploads\/sites\/9\/2020\/11\/deutsch.png","type":"","width":"","height":""}],"twitter_card":"summary_large_image","twitter_misc":{"Gesch\u00e4tzte Lesezeit":"1\u00a0Minute"},"schema":{"@context":"https:\/\/schema.org","@graph":[{"@type":"WebPage","@id":"https:\/\/trennungundscheidung.web-email.at\/besuchsbegleitung\/enabling-contact-between-children-and-parents-in-difficult-times-as-well-en\/","url":"https:\/\/trennungundscheidung.web-email.at\/besuchsbegleitung\/enabling-contact-between-children-and-parents-in-difficult-times-as-well-en\/","name":"Besuchsbegleitung | Trennung & Scheidung","isPartOf":{"@id":"https:\/\/trennungundscheidung.web-email.at\/besuchsbegleitung\/#website"},"primaryImageOfPage":{"@id":"https:\/\/trennungundscheidung.web-email.at\/besuchsbegleitung\/enabling-contact-between-children-and-parents-in-difficult-times-as-well-en\/#primaryimage"},"image":{"@id":"https:\/\/trennungundscheidung.web-email.at\/besuchsbegleitung\/enabling-contact-between-children-and-parents-in-difficult-times-as-well-en\/#primaryimage"},"thumbnailUrl":"https:\/\/trennungundscheidung.web-email.at\/besuchsbegleitung\/wp-content\/uploads\/sites\/9\/2020\/11\/deutsch.png","datePublished":"2020-11-11T14:32:52+00:00","dateModified":"2020-11-13T10:30:37+00:00","description":"Mit der Besuchsbegleitung wird dem Kind ein regelm\u00e4\u00dfiger Kontakt zum besuchsberechtigten Elternteil in Anwesenheit einer Begleitperson erm\u00f6glicht.","breadcrumb":{"@id":"https:\/\/trennungundscheidung.web-email.at\/besuchsbegleitung\/enabling-contact-between-children-and-parents-in-difficult-times-as-well-en\/#breadcrumb"},"inLanguage":"de","potentialAction":[{"@type":"ReadAction","target":["https:\/\/trennungundscheidung.web-email.at\/besuchsbegleitung\/enabling-contact-between-children-and-parents-in-difficult-times-as-well-en\/"]}]},{"@type":"ImageObject","inLanguage":"de","@id":"https:\/\/trennungundscheidung.web-email.at\/besuchsbegleitung\/enabling-contact-between-children-and-parents-in-difficult-times-as-well-en\/#primaryimage","url":"https:\/\/trennungundscheidung.web-email.at\/besuchsbegleitung\/wp-content\/uploads\/sites\/9\/2020\/11\/deutsch.png","contentUrl":"https:\/\/trennungundscheidung.web-email.at\/besuchsbegleitung\/wp-content\/uploads\/sites\/9\/2020\/11\/deutsch.png","width":50,"height":32},{"@type":"BreadcrumbList","@id":"https:\/\/trennungundscheidung.web-email.at\/besuchsbegleitung\/enabling-contact-between-children-and-parents-in-difficult-times-as-well-en\/#breadcrumb","itemListElement":[{"@type":"ListItem","position":1,"name":"Home","item":"https:\/\/trennungundscheidung.web-email.at\/besuchsbegleitung\/"},{"@type":"ListItem","position":2,"name":"Enabling contact between children and parents in difficult times as well!"}]},{"@type":"WebSite","@id":"https:\/\/trennungundscheidung.web-email.at\/besuchsbegleitung\/#website","url":"https:\/\/trennungundscheidung.web-email.at\/besuchsbegleitung\/","name":"Besuchsbegleitung","description":"","potentialAction":[{"@type":"SearchAction","target":{"@type":"EntryPoint","urlTemplate":"https:\/\/trennungundscheidung.web-email.at\/besuchsbegleitung\/?s={search_term_string}"},"query-input":{"@type":"PropertyValueSpecification","valueRequired":true,"valueName":"search_term_string"}}],"inLanguage":"de"}]}},"_links":{"self":[{"href":"https:\/\/trennungundscheidung.web-email.at\/besuchsbegleitung\/wp-json\/wp\/v2\/pages\/64","targetHints":{"allow":["GET"]}}],"collection":[{"href":"https:\/\/trennungundscheidung.web-email.at\/besuchsbegleitung\/wp-json\/wp\/v2\/pages"}],"about":[{"href":"https:\/\/trennungundscheidung.web-email.at\/besuchsbegleitung\/wp-json\/wp\/v2\/types\/page"}],"author":[{"embeddable":true,"href":"https:\/\/trennungundscheidung.web-email.at\/besuchsbegleitung\/wp-json\/wp\/v2\/users\/1"}],"replies":[{"embeddable":true,"href":"https:\/\/trennungundscheidung.web-email.at\/besuchsbegleitung\/wp-json\/wp\/v2\/comments?post=64"}],"version-history":[{"count":2,"href":"https:\/\/trennungundscheidung.web-email.at\/besuchsbegleitung\/wp-json\/wp\/v2\/pages\/64\/revisions"}],"predecessor-version":[{"id":67,"href":"https:\/\/trennungundscheidung.web-email.at\/besuchsbegleitung\/wp-json\/wp\/v2\/pages\/64\/revisions\/67"}],"wp:attachment":[{"href":"https:\/\/trennungundscheidung.web-email.at\/besuchsbegleitung\/wp-json\/wp\/v2\/media?parent=64"}],"curies":[{"name":"wp","href":"https:\/\/api.w.org\/{rel}","templated":true}]}}