{"id":12,"date":"2017-02-24T08:20:49","date_gmt":"2017-02-24T07:20:49","guid":{"rendered":"https:\/\/trennungundscheidung.web-email.at\/eltern-und-kinderbegleitung\/?page_id=12"},"modified":"2020-11-13T11:30:00","modified_gmt":"2020-11-13T10:30:00","slug":"sicher-durch-schwierige-zeiten","status":"publish","type":"page","link":"https:\/\/trennungundscheidung.web-email.at\/eltern-und-kinderbegleitung\/","title":{"rendered":"Sicher durch schwierige Zeiten"},"content":{"rendered":"<p>F\u00fcr Kinder ist die Trennung oder Scheidung ihrer Eltern meist mit Verlust- und Angstgef\u00fchlen verbunden, sie verlieren ihre vertraute famili\u00e4re Umgebung, den gleichm\u00e4\u00dfigen Bezug zu beiden Eltern, f\u00fchlen sich hilflos, allein und missverstanden.<\/p>\n<p>Sie ziehen sich zur\u00fcck, werden aggressiv oder entwickeln andere Verhaltensauff\u00e4lligkeiten.<\/p>\n<p>F\u00fcr das Elternpaar, das gerade in der Scheidungs- und Trennungsphase steckt, ist es mitunter schwierig, den Schmerz ihrer Kinder zu erkennen, weil sie in ihrem eigenen Schmerz, in ihren Aggressionen und ihrer Entt\u00e4uschung gefangen sind.<\/p>\n<p>Vom Ministerium im Rahmen der &#8222;Eltern- und Kinderbegleitung in Scheidungs- und Trennungssituationen&#8220; gef\u00f6rderte Vereine bieten therapeutische und p\u00e4dagogische Kindergruppen ebenso wie auch Einzelarbeit mit Kindern sowie Paarbegleitung, Einzelbegleitung und Einzelarbeit mit Eltern an.<\/p>\n\n\n<figure class=\"wp-block-image size-large\"><a href=\"https:\/\/trennungundscheidung.web-email.at\/eltern-und-kinderbegleitung\/getting-through-difficult-times-safely-en\/\"><img loading=\"lazy\" decoding=\"async\" width=\"50\" height=\"32\" src=\"https:\/\/trennungundscheidung.web-email.at\/eltern-und-kinderbegleitung\/wp-content\/uploads\/sites\/8\/2020\/11\/englisch_english.jpg\" alt=\"\" class=\"wp-image-82\"\/><\/a><\/figure>\n","protected":false},"excerpt":{"rendered":"<p>F\u00fcr Kinder ist die Trennung oder Scheidung ihrer Eltern meist mit Verlust- und Angstgef\u00fchlen verbunden, sie verlieren ihre vertraute famili\u00e4re Umgebung, den gleichm\u00e4\u00dfigen Bezug zu beiden Eltern, f\u00fchlen sich hilflos, allein und missverstanden. Sie ziehen sich zur\u00fcck, werden aggressiv oder entwickeln andere Verhaltensauff\u00e4lligkeiten. F\u00fcr das Elternpaar, das gerade in der Scheidungs- und Trennungsphase steckt, ist [&hellip;]<\/p>\n","protected":false},"author":1,"featured_media":0,"parent":0,"menu_order":0,"comment_status":"closed","ping_status":"closed","template":"","meta":{"_acf_changed":false,"footnotes":""},"class_list":["post-12","page","type-page","status-publish","hentry"],"acf":[],"yoast_head":"<!-- This site is optimized with the Yoast SEO plugin v26.9 - https:\/\/yoast.com\/product\/yoast-seo-wordpress\/ -->\n<title>Eltern- und Kinderbegleitung | Trennung &amp; Scheidung<\/title>\n<meta name=\"description\" content=\"Vereine im Rahmen der &quot;Eltern- und Kinderbegleitung in Scheidungs- und Trennungssituationen&quot; helfen Kindern &amp; Eltern durch schwierige Zeiten.\" \/>\n<meta name=\"robots\" content=\"index, follow, max-snippet:-1, max-image-preview:large, max-video-preview:-1\" \/>\n<link rel=\"canonical\" href=\"https:\/\/trennungundscheidung.web-email.at\/eltern-und-kinderbegleitung\/\" \/>\n<meta property=\"og:locale\" content=\"de_DE\" \/>\n<meta property=\"og:type\" content=\"article\" \/>\n<meta property=\"og:title\" content=\"Eltern- und Kinderbegleitung | Trennung &amp; Scheidung\" \/>\n<meta property=\"og:description\" content=\"Vereine im Rahmen der &quot;Eltern- und Kinderbegleitung in Scheidungs- und Trennungssituationen&quot; helfen Kindern &amp; Eltern durch schwierige Zeiten.\" \/>\n<meta property=\"og:url\" content=\"https:\/\/trennungundscheidung.web-email.at\/eltern-und-kinderbegleitung\/\" \/>\n<meta property=\"og:site_name\" content=\"Eltern- und Kinderbegleitung\" \/>\n<meta property=\"article:modified_time\" content=\"2020-11-13T10:30:00+00:00\" \/>\n<meta property=\"og:image\" content=\"https:\/\/trennungundscheidung.web-email.at\/eltern-und-kinderbegleitung\/wp-content\/uploads\/sites\/8\/2020\/11\/englisch_english.jpg\" \/>\n<meta name=\"twitter:card\" content=\"summary_large_image\" \/>\n<meta name=\"twitter:label1\" content=\"Gesch\u00e4tzte Lesezeit\" \/>\n\t<meta name=\"twitter:data1\" content=\"1\u00a0Minute\" \/>\n<script type=\"application\/ld+json\" class=\"yoast-schema-graph\">{\"@context\":\"https:\/\/schema.org\",\"@graph\":[{\"@type\":\"WebPage\",\"@id\":\"https:\/\/trennungundscheidung.web-email.at\/eltern-und-kinderbegleitung\/\",\"url\":\"https:\/\/trennungundscheidung.web-email.at\/eltern-und-kinderbegleitung\/\",\"name\":\"Eltern- und Kinderbegleitung | Trennung & Scheidung\",\"isPartOf\":{\"@id\":\"https:\/\/trennungundscheidung.web-email.at\/eltern-und-kinderbegleitung\/#website\"},\"primaryImageOfPage\":{\"@id\":\"https:\/\/trennungundscheidung.web-email.at\/eltern-und-kinderbegleitung\/#primaryimage\"},\"image\":{\"@id\":\"https:\/\/trennungundscheidung.web-email.at\/eltern-und-kinderbegleitung\/#primaryimage\"},\"thumbnailUrl\":\"https:\/\/trennungundscheidung.web-email.at\/eltern-und-kinderbegleitung\/wp-content\/uploads\/sites\/8\/2020\/11\/englisch_english.jpg\",\"datePublished\":\"2017-02-24T07:20:49+00:00\",\"dateModified\":\"2020-11-13T10:30:00+00:00\",\"description\":\"Vereine im Rahmen der \\\"Eltern- und Kinderbegleitung in Scheidungs- und Trennungssituationen\\\" helfen Kindern & Eltern durch schwierige Zeiten.\",\"breadcrumb\":{\"@id\":\"https:\/\/trennungundscheidung.web-email.at\/eltern-und-kinderbegleitung\/#breadcrumb\"},\"inLanguage\":\"de\",\"potentialAction\":[{\"@type\":\"ReadAction\",\"target\":[\"https:\/\/trennungundscheidung.web-email.at\/eltern-und-kinderbegleitung\/\"]}]},{\"@type\":\"ImageObject\",\"inLanguage\":\"de\",\"@id\":\"https:\/\/trennungundscheidung.web-email.at\/eltern-und-kinderbegleitung\/#primaryimage\",\"url\":\"https:\/\/trennungundscheidung.web-email.at\/eltern-und-kinderbegleitung\/wp-content\/uploads\/sites\/8\/2020\/11\/englisch_english.jpg\",\"contentUrl\":\"https:\/\/trennungundscheidung.web-email.at\/eltern-und-kinderbegleitung\/wp-content\/uploads\/sites\/8\/2020\/11\/englisch_english.jpg\",\"width\":50,\"height\":32},{\"@type\":\"BreadcrumbList\",\"@id\":\"https:\/\/trennungundscheidung.web-email.at\/eltern-und-kinderbegleitung\/#breadcrumb\",\"itemListElement\":[{\"@type\":\"ListItem\",\"position\":1,\"name\":\"Home\",\"item\":\"https:\/\/trennungundscheidung.web-email.at\/eltern-und-kinderbegleitung\/\"},{\"@type\":\"ListItem\",\"position\":2,\"name\":\"Sicher durch schwierige Zeiten\"}]},{\"@type\":\"WebSite\",\"@id\":\"https:\/\/trennungundscheidung.web-email.at\/eltern-und-kinderbegleitung\/#website\",\"url\":\"https:\/\/trennungundscheidung.web-email.at\/eltern-und-kinderbegleitung\/\",\"name\":\"Eltern- und Kinderbegleitung\",\"description\":\"\",\"potentialAction\":[{\"@type\":\"SearchAction\",\"target\":{\"@type\":\"EntryPoint\",\"urlTemplate\":\"https:\/\/trennungundscheidung.web-email.at\/eltern-und-kinderbegleitung\/?s={search_term_string}\"},\"query-input\":{\"@type\":\"PropertyValueSpecification\",\"valueRequired\":true,\"valueName\":\"search_term_string\"}}],\"inLanguage\":\"de\"}]}<\/script>\n<!-- \/ Yoast SEO plugin. -->","yoast_head_json":{"title":"Eltern- und Kinderbegleitung | Trennung & Scheidung","description":"Vereine im Rahmen der \"Eltern- und Kinderbegleitung in Scheidungs- und Trennungssituationen\" helfen Kindern & Eltern durch schwierige Zeiten.","robots":{"index":"index","follow":"follow","max-snippet":"max-snippet:-1","max-image-preview":"max-image-preview:large","max-video-preview":"max-video-preview:-1"},"canonical":"https:\/\/trennungundscheidung.web-email.at\/eltern-und-kinderbegleitung\/","og_locale":"de_DE","og_type":"article","og_title":"Eltern- und Kinderbegleitung | Trennung & Scheidung","og_description":"Vereine im Rahmen der \"Eltern- und Kinderbegleitung in Scheidungs- und Trennungssituationen\" helfen Kindern & Eltern durch schwierige Zeiten.","og_url":"https:\/\/trennungundscheidung.web-email.at\/eltern-und-kinderbegleitung\/","og_site_name":"Eltern- und Kinderbegleitung","article_modified_time":"2020-11-13T10:30:00+00:00","og_image":[{"url":"https:\/\/trennungundscheidung.web-email.at\/eltern-und-kinderbegleitung\/wp-content\/uploads\/sites\/8\/2020\/11\/englisch_english.jpg","type":"","width":"","height":""}],"twitter_card":"summary_large_image","twitter_misc":{"Gesch\u00e4tzte Lesezeit":"1\u00a0Minute"},"schema":{"@context":"https:\/\/schema.org","@graph":[{"@type":"WebPage","@id":"https:\/\/trennungundscheidung.web-email.at\/eltern-und-kinderbegleitung\/","url":"https:\/\/trennungundscheidung.web-email.at\/eltern-und-kinderbegleitung\/","name":"Eltern- und Kinderbegleitung | Trennung & Scheidung","isPartOf":{"@id":"https:\/\/trennungundscheidung.web-email.at\/eltern-und-kinderbegleitung\/#website"},"primaryImageOfPage":{"@id":"https:\/\/trennungundscheidung.web-email.at\/eltern-und-kinderbegleitung\/#primaryimage"},"image":{"@id":"https:\/\/trennungundscheidung.web-email.at\/eltern-und-kinderbegleitung\/#primaryimage"},"thumbnailUrl":"https:\/\/trennungundscheidung.web-email.at\/eltern-und-kinderbegleitung\/wp-content\/uploads\/sites\/8\/2020\/11\/englisch_english.jpg","datePublished":"2017-02-24T07:20:49+00:00","dateModified":"2020-11-13T10:30:00+00:00","description":"Vereine im Rahmen der \"Eltern- und Kinderbegleitung in Scheidungs- und Trennungssituationen\" helfen Kindern & Eltern durch schwierige Zeiten.","breadcrumb":{"@id":"https:\/\/trennungundscheidung.web-email.at\/eltern-und-kinderbegleitung\/#breadcrumb"},"inLanguage":"de","potentialAction":[{"@type":"ReadAction","target":["https:\/\/trennungundscheidung.web-email.at\/eltern-und-kinderbegleitung\/"]}]},{"@type":"ImageObject","inLanguage":"de","@id":"https:\/\/trennungundscheidung.web-email.at\/eltern-und-kinderbegleitung\/#primaryimage","url":"https:\/\/trennungundscheidung.web-email.at\/eltern-und-kinderbegleitung\/wp-content\/uploads\/sites\/8\/2020\/11\/englisch_english.jpg","contentUrl":"https:\/\/trennungundscheidung.web-email.at\/eltern-und-kinderbegleitung\/wp-content\/uploads\/sites\/8\/2020\/11\/englisch_english.jpg","width":50,"height":32},{"@type":"BreadcrumbList","@id":"https:\/\/trennungundscheidung.web-email.at\/eltern-und-kinderbegleitung\/#breadcrumb","itemListElement":[{"@type":"ListItem","position":1,"name":"Home","item":"https:\/\/trennungundscheidung.web-email.at\/eltern-und-kinderbegleitung\/"},{"@type":"ListItem","position":2,"name":"Sicher durch schwierige Zeiten"}]},{"@type":"WebSite","@id":"https:\/\/trennungundscheidung.web-email.at\/eltern-und-kinderbegleitung\/#website","url":"https:\/\/trennungundscheidung.web-email.at\/eltern-und-kinderbegleitung\/","name":"Eltern- und Kinderbegleitung","description":"","potentialAction":[{"@type":"SearchAction","target":{"@type":"EntryPoint","urlTemplate":"https:\/\/trennungundscheidung.web-email.at\/eltern-und-kinderbegleitung\/?s={search_term_string}"},"query-input":{"@type":"PropertyValueSpecification","valueRequired":true,"valueName":"search_term_string"}}],"inLanguage":"de"}]}},"_links":{"self":[{"href":"https:\/\/trennungundscheidung.web-email.at\/eltern-und-kinderbegleitung\/wp-json\/wp\/v2\/pages\/12","targetHints":{"allow":["GET"]}}],"collection":[{"href":"https:\/\/trennungundscheidung.web-email.at\/eltern-und-kinderbegleitung\/wp-json\/wp\/v2\/pages"}],"about":[{"href":"https:\/\/trennungundscheidung.web-email.at\/eltern-und-kinderbegleitung\/wp-json\/wp\/v2\/types\/page"}],"author":[{"embeddable":true,"href":"https:\/\/trennungundscheidung.web-email.at\/eltern-und-kinderbegleitung\/wp-json\/wp\/v2\/users\/1"}],"replies":[{"embeddable":true,"href":"https:\/\/trennungundscheidung.web-email.at\/eltern-und-kinderbegleitung\/wp-json\/wp\/v2\/comments?post=12"}],"version-history":[{"count":1,"href":"https:\/\/trennungundscheidung.web-email.at\/eltern-und-kinderbegleitung\/wp-json\/wp\/v2\/pages\/12\/revisions"}],"predecessor-version":[{"id":83,"href":"https:\/\/trennungundscheidung.web-email.at\/eltern-und-kinderbegleitung\/wp-json\/wp\/v2\/pages\/12\/revisions\/83"}],"wp:attachment":[{"href":"https:\/\/trennungundscheidung.web-email.at\/eltern-und-kinderbegleitung\/wp-json\/wp\/v2\/media?parent=12"}],"curies":[{"name":"wp","href":"https:\/\/api.w.org\/{rel}","templated":true}]}}