{"id":10,"date":"2017-02-24T08:08:49","date_gmt":"2017-02-24T07:08:49","guid":{"rendered":"https:\/\/trennungundscheidung.web-email.at\/elternberatung-vor-scheidung\/?page_id=10"},"modified":"2021-10-21T08:54:42","modified_gmt":"2021-10-21T06:54:42","slug":"beratung-vor-einvernehmlicher-scheidung-gemaess-%c2%a7-95-abs-1a-aussstrg","status":"publish","type":"page","link":"https:\/\/trennungundscheidung.web-email.at\/elternberatung-vor-scheidung\/","title":{"rendered":"Beratung vor einvernehmlicher Scheidung gem\u00e4\u00df \u00a7 95 Abs. 1a Au\u00dfStrG"},"content":{"rendered":"<p><strong>Vorrang f\u00fcr das Kindeswohl<\/strong><\/p>\n<p>Bei den meisten Scheidungen gelingt es bereits im Vorfeld Einvernehmen \u00fcber die Regelung der Scheidungsfolgen (z.B. haupts\u00e4chlicher Aufenthalt der Kinder, Obsorge, Aus\u00fcbung des Rechtes auf pers\u00f6nlichen Verkehr, Kindesunterhalt) zu erzielen.<\/p>\n<p>Aber auch dann, wenn es zu einer einvernehmlichen Scheidung der Eltern kommt, bedeutet das f\u00fcr Kinder<\/p>\n<ul>\n<li>einen schmerzlichen Einschnitt in ihre Lebenssituation,<\/li>\n<li>einen massiven Verlust (auch, wenn unmittelbar dadurch eine Entspannung der aktuellen Lebenssituation eintreten kann),<\/li>\n<li>das Gef\u00fchl von Ohnmacht, Hilflosigkeit, Wut und Scham,<\/li>\n<li>Schuldgef\u00fchle, dass vielleicht eigenes Fehlverhalten der m\u00f6gliche Grund f\u00fcr die Scheidung gewesen sein k\u00f6nnte,<\/li>\n<li>\u00c4ngste, den Elternteil &#8211; der weggeht oder nicht mehr so h\u00e4ufig da ist &#8211; zu verlieren,<\/li>\n<li>Loyalit\u00e4tskonflikte gegen\u00fcber den Eltern,<\/li>\n<li>Neuorientierung im Familienleben bei ge\u00e4nderten Lebensverh\u00e4ltnissen \/ getrennten Wohnorten.<\/li>\n<\/ul>\n<p>Damit Eltern erfahren, wie es Kindern in dieser Situation geht und was sie von ihren Eltern brauchen, um die Trennung gut zu bew\u00e4ltigen, gibt es vor der einvernehmlichen Scheidung eine verpflichtende Beratung. In einem einmaligen Termin (Einzel-, Elternpaargespr\u00e4ch oder Gruppe) bekommen Sie Informationen \u00fcber typische Gef\u00fchle, Sorgen, \u00c4ngste und Konflikte von Kindern und Jugendlichen, deren Eltern sich trennen, und erfahren, wie Sie Ihre Kinder bestm\u00f6glichen unterst\u00fctzen k\u00f6nnen.<\/p>\n<p>Sie erhalten eine Best\u00e4tigung \u00fcber die Teilnahme an der Beratung, die Sie dem Gericht vorlegen m\u00fcssen.<\/p>\n<p>Gesetzestext: \u00a7 95 Abs. 1a Au\u00dfStrG<\/p>\n<p>Vor Abschluss oder Vorlage einer Regelung der Scheidungsfolgen bei Gericht haben die Parteien zu bescheinigen, dass sie sich \u00fcber die spezifischen aus der Scheidung resultierenden Bed\u00fcrfnisse ihrer minderj\u00e4hrigen Kinder bei einer geeigneten Person oder Einrichtung haben beraten lassen.<\/p>\n<p><a href=\"https:\/\/trennungundscheidung.web-email.at\/elternberatung-vor-scheidung\/beratung-vor-einvernehmlicher-scheidung-gemaess-\u00a7-95-abs-1a-aussstrg\/deutsch\/\"><img loading=\"lazy\" decoding=\"async\" class=\"alignnone wp-image-127\" src=\"https:\/\/trennungundscheidung.web-email.at\/elternberatung-vor-scheidung\/wp-content\/uploads\/sites\/3\/2017\/12\/deutsch.png\" alt=\"\" width=\"30\" height=\"19\" \/><\/a>\u00a0<a href=\"https:\/\/trennungundscheidung.web-email.at\/elternberatung-vor-scheidung\/beratung-vor-einvernehmlicher-scheidung-gemaess-\u00a7-95-abs-1a-aussstrg\/englisch-english\/\"><img loading=\"lazy\" decoding=\"async\" class=\"alignnone wp-image-115\" src=\"https:\/\/trennungundscheidung.web-email.at\/elternberatung-vor-scheidung\/wp-content\/uploads\/sites\/3\/2017\/12\/englisch_english.jpg\" alt=\"\" width=\"30\" height=\"19\" \/><\/a>\u00a0<a href=\"https:\/\/trennungundscheidung.web-email.at\/elternberatung-vor-scheidung\/beratung-vor-einvernehmlicher-scheidung-gemaess-\u00a7-95-abs-1a-aussstrg\/franzoesisch-francais\/\"><img loading=\"lazy\" decoding=\"async\" class=\"alignnone wp-image-116\" src=\"https:\/\/trennungundscheidung.web-email.at\/elternberatung-vor-scheidung\/wp-content\/uploads\/sites\/3\/2017\/12\/franzoesisch_francais.png\" alt=\"\" width=\"30\" height=\"19\" \/><\/a>\u00a0<a href=\"https:\/\/trennungundscheidung.web-email.at\/elternberatung-vor-scheidung\/beratung-vor-einvernehmlicher-scheidung-gemaess-\u00a7-95-abs-1a-aussstrg\/tuerkisch-turkce\/\"><img loading=\"lazy\" decoding=\"async\" class=\"alignnone wp-image-105\" src=\"https:\/\/trennungundscheidung.web-email.at\/elternberatung-vor-scheidung\/wp-content\/uploads\/sites\/3\/2017\/12\/tuerkisch-turkce.png\" alt=\"\" width=\"30\" height=\"19\" \/><\/a>\u00a0<a href=\"https:\/\/trennungundscheidung.web-email.at\/elternberatung-vor-scheidung\/beratung-vor-einvernehmlicher-scheidung-gemaess-\u00a7-95-abs-1a-aussstrg\/polnisch-polski\/\"><img loading=\"lazy\" decoding=\"async\" class=\"alignnone wp-image-106\" src=\"https:\/\/trennungundscheidung.web-email.at\/elternberatung-vor-scheidung\/wp-content\/uploads\/sites\/3\/2017\/12\/polnisch_polski.png\" alt=\"\" width=\"30\" height=\"19\" \/><\/a>\u00a0<a href=\"https:\/\/trennungundscheidung.web-email.at\/elternberatung-vor-scheidung\/beratung-vor-einvernehmlicher-scheidung-gemaess-\u00a7-95-abs-1a-aussstrg\/schwedisch-svenska\/\"><img loading=\"lazy\" decoding=\"async\" class=\"alignnone wp-image-107\" src=\"https:\/\/trennungundscheidung.web-email.at\/elternberatung-vor-scheidung\/wp-content\/uploads\/sites\/3\/2017\/12\/schwedisch_svenska.jpg\" alt=\"\" width=\"30\" height=\"19\" \/><\/a>\u00a0<a href=\"https:\/\/trennungundscheidung.web-email.at\/elternberatung-vor-scheidung\/beratung-vor-einvernehmlicher-scheidung-gemaess-\u00a7-95-abs-1a-aussstrg\/slowakisch-slovencina\/\"><img loading=\"lazy\" decoding=\"async\" class=\"alignnone wp-image-108\" src=\"https:\/\/trennungundscheidung.web-email.at\/elternberatung-vor-scheidung\/wp-content\/uploads\/sites\/3\/2017\/12\/slowakisch_slovencina.png\" alt=\"\" width=\"30\" height=\"19\" \/><\/a>\u00a0<a href=\"https:\/\/trennungundscheidung.web-email.at\/elternberatung-vor-scheidung\/beratung-vor-einvernehmlicher-scheidung-gemaess-\u00a7-95-abs-1a-aussstrg\/ungarisch-magyar\/\"><img loading=\"lazy\" decoding=\"async\" class=\"alignnone wp-image-109\" src=\"https:\/\/trennungundscheidung.web-email.at\/elternberatung-vor-scheidung\/wp-content\/uploads\/sites\/3\/2017\/12\/ungarisch_magyar.png\" alt=\"\" width=\"30\" height=\"19\" \/><\/a>\u00a0<a href=\"https:\/\/trennungundscheidung.web-email.at\/elternberatung-vor-scheidung\/beratung-vor-einvernehmlicher-scheidung-gemaess-\u00a7-95-abs-1a-aussstrg\/kroatisch-hrvatski\/\"><img loading=\"lazy\" decoding=\"async\" class=\"alignnone wp-image-110\" src=\"https:\/\/trennungundscheidung.web-email.at\/elternberatung-vor-scheidung\/wp-content\/uploads\/sites\/3\/2017\/12\/kroatisch_hrvatski.png\" alt=\"\" width=\"30\" height=\"19\" \/><\/a>\u00a0<a href=\"https:\/\/trennungundscheidung.web-email.at\/elternberatung-vor-scheidung\/beratung-vor-einvernehmlicher-scheidung-gemaess-\u00a7-95-abs-1a-aussstrg\/albanisch-shqip\/\"><img loading=\"lazy\" decoding=\"async\" class=\"alignnone wp-image-111\" src=\"https:\/\/trennungundscheidung.web-email.at\/elternberatung-vor-scheidung\/wp-content\/uploads\/sites\/3\/2017\/12\/albanisch_shqip.png\" alt=\"\" width=\"30\" height=\"19\" \/><\/a>\u00a0<a href=\"https:\/\/trennungundscheidung.web-email.at\/elternberatung-vor-scheidung\/beratung-vor-einvernehmlicher-scheidung-gemaess-\u00a7-95-abs-1a-aussstrg\/bosnisch-bosanski\/\"><img loading=\"lazy\" decoding=\"async\" class=\"alignnone wp-image-113\" src=\"https:\/\/trennungundscheidung.web-email.at\/elternberatung-vor-scheidung\/wp-content\/uploads\/sites\/3\/2017\/12\/bosnisch_bosanski.png\" alt=\"\" width=\"30\" height=\"19\" \/><\/a>\u00a0<a href=\"https:\/\/trennungundscheidung.web-email.at\/elternberatung-vor-scheidung\/beratung-vor-einvernehmlicher-scheidung-gemaess-\u00a7-95-abs-1a-aussstrg\/daenisch-dansk\/\"><img loading=\"lazy\" decoding=\"async\" class=\"alignnone wp-image-114\" src=\"https:\/\/trennungundscheidung.web-email.at\/elternberatung-vor-scheidung\/wp-content\/uploads\/sites\/3\/2017\/12\/daenisch_dansk.png\" alt=\"\" width=\"30\" height=\"19\" \/><\/a> <a href=\"https:\/\/trennungundscheidung.web-email.at\/elternberatung-vor-scheidung\/beratung-vor-einvernehmlicher-scheidung-gemaess-\u00a7-95-abs-1a-aussstrg\/litauisch-lietuviu-kalba\/\"><img loading=\"lazy\" decoding=\"async\" class=\"alignnone wp-image-117\" src=\"https:\/\/trennungundscheidung.web-email.at\/elternberatung-vor-scheidung\/wp-content\/uploads\/sites\/3\/2017\/12\/litauisch_lietuviu\u0328-kalba.png\" alt=\"\" width=\"30\" height=\"19\" \/><\/a>\u00a0<a href=\"https:\/\/trennungundscheidung.web-email.at\/elternberatung-vor-scheidung\/beratung-vor-einvernehmlicher-scheidung-gemaess-\u00a7-95-abs-1a-aussstrg\/spanisch-espanol\/\"><img loading=\"lazy\" decoding=\"async\" class=\"alignnone wp-image-118\" src=\"https:\/\/trennungundscheidung.web-email.at\/elternberatung-vor-scheidung\/wp-content\/uploads\/sites\/3\/2017\/12\/spanien_espanol.png\" alt=\"\" width=\"30\" height=\"19\" \/><\/a>\u00a0<a href=\"https:\/\/trennungundscheidung.web-email.at\/elternberatung-vor-scheidung\/beratung-vor-einvernehmlicher-scheidung-gemaess-\u00a7-95-abs-1a-aussstrg\/serbisch-srpski\/\"><img loading=\"lazy\" decoding=\"async\" class=\"alignnone wp-image-119\" src=\"https:\/\/trennungundscheidung.web-email.at\/elternberatung-vor-scheidung\/wp-content\/uploads\/sites\/3\/2017\/12\/serbisch_srpski.png\" alt=\"\" width=\"30\" height=\"19\" \/><\/a>\u00a0<a href=\"https:\/\/trennungundscheidung.web-email.at\/elternberatung-vor-scheidung\/beratung-vor-einvernehmlicher-scheidung-gemaess-\u00a7-95-abs-1a-aussstrg\/norwegisch-norsk\/\"><img loading=\"lazy\" decoding=\"async\" class=\"alignnone wp-image-121\" src=\"https:\/\/trennungundscheidung.web-email.at\/elternberatung-vor-scheidung\/wp-content\/uploads\/sites\/3\/2017\/12\/norwegisch_norsk.png\" alt=\"\" width=\"30\" height=\"19\" \/><\/a>\u00a0<a href=\"https:\/\/trennungundscheidung.web-email.at\/elternberatung-vor-scheidung\/beratung-vor-einvernehmlicher-scheidung-gemaess-\u00a7-95-abs-1a-aussstrg\/russisch-\u0440\u0443\u0441\u0441\u043a\u0438\u0439\/\"><img loading=\"lazy\" decoding=\"async\" class=\"alignnone wp-image-120\" src=\"https:\/\/trennungundscheidung.web-email.at\/elternberatung-vor-scheidung\/wp-content\/uploads\/sites\/3\/2017\/12\/russisch_p\u0443\u0441\u0441\u043a\u0438\u0438.png\" alt=\"\" width=\"30\" height=\"19\" \/><\/a>\u00a0<a href=\"https:\/\/trennungundscheidung.web-email.at\/elternberatung-vor-scheidung\/beratung-vor-einvernehmlicher-scheidung-gemaess-\u00a7-95-abs-1a-aussstrg\/arabisch-\u0627\u064e\u0644\u0652\u0639\u064e\u0631\u064e\u0628\u0650\u064a\u064e\u0651\u0629\/\"><img loading=\"lazy\" decoding=\"async\" class=\"alignnone wp-image-122\" src=\"https:\/\/trennungundscheidung.web-email.at\/elternberatung-vor-scheidung\/wp-content\/uploads\/sites\/3\/2017\/12\/arabisch.png\" alt=\"\" width=\"30\" height=\"19\" \/><\/a>\u00a0<a href=\"https:\/\/trennungundscheidung.web-email.at\/elternberatung-vor-scheidung\/beratung-vor-einvernehmlicher-scheidung-gemaess-\u00a7-95-abs-1a-aussstrg\/farsi-\u0641\u0627\u0631\u0633\u06cc\u200e\/\"><img loading=\"lazy\" decoding=\"async\" class=\"alignnone wp-image-123\" src=\"https:\/\/trennungundscheidung.web-email.at\/elternberatung-vor-scheidung\/wp-content\/uploads\/sites\/3\/2017\/12\/farsi_\u0641\u0627\u0631\u0633\u06cc\u200e.png\" alt=\"\" width=\"30\" height=\"19\" \/><\/a>\u00a0<a href=\"https:\/\/trennungundscheidung.web-email.at\/elternberatung-vor-scheidung\/beratung-vor-einvernehmlicher-scheidung-gemaess-\u00a7-95-abs-1a-aussstrg\/tschechisch-cestina\/\"><img loading=\"lazy\" decoding=\"async\" class=\"alignnone wp-image-124\" src=\"https:\/\/trennungundscheidung.web-email.at\/elternberatung-vor-scheidung\/wp-content\/uploads\/sites\/3\/2017\/12\/tschechisch_cestina.png\" alt=\"\" width=\"30\" height=\"19\" \/><\/a>\u00a0<a href=\"https:\/\/trennungundscheidung.web-email.at\/elternberatung-vor-scheidung\/beratung-vor-einvernehmlicher-scheidung-gemaess-\u00a7-95-abs-1a-aussstrg\/slowenisch-slovenscina\/\"><img loading=\"lazy\" decoding=\"async\" class=\"alignnone wp-image-125\" src=\"https:\/\/trennungundscheidung.web-email.at\/elternberatung-vor-scheidung\/wp-content\/uploads\/sites\/3\/2017\/12\/slowenisch_slovenscina.png\" alt=\"\" width=\"30\" height=\"19\" \/><\/a>\u00a0<a href=\"https:\/\/trennungundscheidung.web-email.at\/elternberatung-vor-scheidung\/beratung-vor-einvernehmlicher-scheidung-gemaess-\u00a7-95-abs-1a-aussstrg\/portugiesisch-portugues\/\"><img loading=\"lazy\" decoding=\"async\" class=\"alignnone wp-image-126\" src=\"https:\/\/trennungundscheidung.web-email.at\/elternberatung-vor-scheidung\/wp-content\/uploads\/sites\/3\/2017\/12\/portugisisch_portugues.png\" alt=\"\" width=\"30\" height=\"19\" \/><\/a>\u00a0<a href=\"https:\/\/trennungundscheidung.web-email.at\/elternberatung-vor-scheidung\/beratung-vor-einvernehmlicher-scheidung-gemaess-\u00a7-95-abs-1a-aussstrg\/armenisch-\u0570\u0561\u0575\u0565\u0580\u0565\u0576-\u056c\u0565\u0566\u0578\u0582\/\"><img loading=\"lazy\" decoding=\"async\" class=\"alignnone wp-image-112\" src=\"https:\/\/trennungundscheidung.web-email.at\/elternberatung-vor-scheidung\/wp-content\/uploads\/sites\/3\/2017\/12\/armenisch_\u0540\u0561\u0575\u0565\u0580\u0565\u0576-\u056c\u0565\u0566\u0578\u0582.png\" alt=\"armenisch - \u0540\u0561\u0575\u0565\u0580\u0565\u0576 \u056c\u0565\u0566\u0578\u0582\" width=\"30\" height=\"19\" \/><\/a><a href=\"https:\/\/trennungundscheidung.web-email.at\/elternberatung-vor-scheidung\/beratung-vor-einvernehmlicher-scheidung-gemaess-%c2%a7-95-abs-1a-aussstrg\/italienisch-italiano\/\"><img loading=\"lazy\" decoding=\"async\" class=\"alignnone wp-image-112\" src=\"https:\/\/trennungundscheidung.web-email.at\/elternberatung-vor-scheidung\/wp-content\/uploads\/sites\/3\/2019\/09\/Italienisch.png\" alt=\"italienisch - italiano\" width=\"30\" height=\"19\" \/><\/a><\/p>\n","protected":false},"excerpt":{"rendered":"<p>Vorrang f\u00fcr das Kindeswohl Bei den meisten Scheidungen gelingt es bereits im Vorfeld Einvernehmen \u00fcber die Regelung der Scheidungsfolgen (z.B. haupts\u00e4chlicher Aufenthalt der Kinder, Obsorge, Aus\u00fcbung des Rechtes auf pers\u00f6nlichen Verkehr, Kindesunterhalt) zu erzielen. Aber auch dann, wenn es zu einer einvernehmlichen Scheidung der Eltern kommt, bedeutet das f\u00fcr Kinder einen schmerzlichen Einschnitt in ihre [&hellip;]<\/p>\n","protected":false},"author":1,"featured_media":0,"parent":0,"menu_order":0,"comment_status":"closed","ping_status":"closed","template":"","meta":{"_acf_changed":false,"footnotes":""},"class_list":["post-10","page","type-page","status-publish","hentry"],"acf":[],"yoast_head":"<!-- This site is optimized with the Yoast SEO plugin v26.9 - https:\/\/yoast.com\/product\/yoast-seo-wordpress\/ -->\n<title>Beratung vor einvernehmlicher Scheidung gem\u00e4\u00df \u00a7 95 Abs. 1a Au\u00dfStrG - Elternberatung vor Scheidung nach \u00a7 95<\/title>\n<meta name=\"description\" content=\"Hier finden Sie alle Informationen zur verpflichteten Beratung f\u00fcr den Umgang mit den Kindern vor der einvernehmlichen Scheidung gem\u00e4\u00df \u00a7 95 Abs. 1a Au\u00dfStrG.\" \/>\n<meta name=\"robots\" content=\"index, follow, max-snippet:-1, max-image-preview:large, max-video-preview:-1\" \/>\n<link rel=\"canonical\" href=\"https:\/\/trennungundscheidung.web-email.at\/elternberatung-vor-scheidung\/\" \/>\n<meta property=\"og:locale\" content=\"de_DE\" \/>\n<meta property=\"og:type\" content=\"article\" \/>\n<meta property=\"og:title\" content=\"Beratung vor einvernehmlicher Scheidung gem\u00e4\u00df \u00a7 95 Abs. 1a Au\u00dfStrG - Elternberatung vor Scheidung nach \u00a7 95\" \/>\n<meta property=\"og:description\" content=\"Hier finden Sie alle Informationen zur verpflichteten Beratung f\u00fcr den Umgang mit den Kindern vor der einvernehmlichen Scheidung gem\u00e4\u00df \u00a7 95 Abs. 1a Au\u00dfStrG.\" \/>\n<meta property=\"og:url\" content=\"https:\/\/trennungundscheidung.web-email.at\/elternberatung-vor-scheidung\/\" \/>\n<meta property=\"og:site_name\" content=\"Elternberatung vor Scheidung nach \u00a7 95\" \/>\n<meta property=\"article:modified_time\" content=\"2021-10-21T06:54:42+00:00\" \/>\n<meta property=\"og:image\" content=\"https:\/\/trennungundscheidung.web-email.at\/elternberatung-vor-scheidung\/wp-content\/uploads\/sites\/3\/2017\/12\/deutsch.png\" \/>\n<meta name=\"twitter:card\" content=\"summary_large_image\" \/>\n<meta name=\"twitter:label1\" content=\"Gesch\u00e4tzte Lesezeit\" \/>\n\t<meta name=\"twitter:data1\" content=\"6\u00a0Minuten\" \/>\n<script type=\"application\/ld+json\" class=\"yoast-schema-graph\">{\"@context\":\"https:\/\/schema.org\",\"@graph\":[{\"@type\":\"WebPage\",\"@id\":\"https:\/\/trennungundscheidung.web-email.at\/elternberatung-vor-scheidung\/\",\"url\":\"https:\/\/trennungundscheidung.web-email.at\/elternberatung-vor-scheidung\/\",\"name\":\"Beratung vor einvernehmlicher Scheidung gem\u00e4\u00df \u00a7 95 Abs. 1a Au\u00dfStrG - Elternberatung vor Scheidung nach \u00a7 95\",\"isPartOf\":{\"@id\":\"https:\/\/trennungundscheidung.web-email.at\/elternberatung-vor-scheidung\/#website\"},\"primaryImageOfPage\":{\"@id\":\"https:\/\/trennungundscheidung.web-email.at\/elternberatung-vor-scheidung\/#primaryimage\"},\"image\":{\"@id\":\"https:\/\/trennungundscheidung.web-email.at\/elternberatung-vor-scheidung\/#primaryimage\"},\"thumbnailUrl\":\"https:\/\/trennungundscheidung.web-email.at\/elternberatung-vor-scheidung\/wp-content\/uploads\/sites\/3\/2017\/12\/deutsch.png\",\"datePublished\":\"2017-02-24T07:08:49+00:00\",\"dateModified\":\"2021-10-21T06:54:42+00:00\",\"description\":\"Hier finden Sie alle Informationen zur verpflichteten Beratung f\u00fcr den Umgang mit den Kindern vor der einvernehmlichen Scheidung gem\u00e4\u00df \u00a7 95 Abs. 1a Au\u00dfStrG.\",\"breadcrumb\":{\"@id\":\"https:\/\/trennungundscheidung.web-email.at\/elternberatung-vor-scheidung\/#breadcrumb\"},\"inLanguage\":\"de\",\"potentialAction\":[{\"@type\":\"ReadAction\",\"target\":[\"https:\/\/trennungundscheidung.web-email.at\/elternberatung-vor-scheidung\/\"]}]},{\"@type\":\"ImageObject\",\"inLanguage\":\"de\",\"@id\":\"https:\/\/trennungundscheidung.web-email.at\/elternberatung-vor-scheidung\/#primaryimage\",\"url\":\"https:\/\/trennungundscheidung.web-email.at\/elternberatung-vor-scheidung\/wp-content\/uploads\/sites\/3\/2017\/12\/deutsch.png\",\"contentUrl\":\"https:\/\/trennungundscheidung.web-email.at\/elternberatung-vor-scheidung\/wp-content\/uploads\/sites\/3\/2017\/12\/deutsch.png\"},{\"@type\":\"BreadcrumbList\",\"@id\":\"https:\/\/trennungundscheidung.web-email.at\/elternberatung-vor-scheidung\/#breadcrumb\",\"itemListElement\":[{\"@type\":\"ListItem\",\"position\":1,\"name\":\"Home\",\"item\":\"https:\/\/trennungundscheidung.web-email.at\/elternberatung-vor-scheidung\/\"},{\"@type\":\"ListItem\",\"position\":2,\"name\":\"Beratung vor einvernehmlicher Scheidung gem\u00e4\u00df \u00a7 95 Abs. 1a Au\u00dfStrG\"}]},{\"@type\":\"WebSite\",\"@id\":\"https:\/\/trennungundscheidung.web-email.at\/elternberatung-vor-scheidung\/#website\",\"url\":\"https:\/\/trennungundscheidung.web-email.at\/elternberatung-vor-scheidung\/\",\"name\":\"Elternberatung vor Scheidung nach \u00a7 95\",\"description\":\"\",\"potentialAction\":[{\"@type\":\"SearchAction\",\"target\":{\"@type\":\"EntryPoint\",\"urlTemplate\":\"https:\/\/trennungundscheidung.web-email.at\/elternberatung-vor-scheidung\/?s={search_term_string}\"},\"query-input\":{\"@type\":\"PropertyValueSpecification\",\"valueRequired\":true,\"valueName\":\"search_term_string\"}}],\"inLanguage\":\"de\"}]}<\/script>\n<!-- \/ Yoast SEO plugin. -->","yoast_head_json":{"title":"Beratung vor einvernehmlicher Scheidung gem\u00e4\u00df \u00a7 95 Abs. 1a Au\u00dfStrG - Elternberatung vor Scheidung nach \u00a7 95","description":"Hier finden Sie alle Informationen zur verpflichteten Beratung f\u00fcr den Umgang mit den Kindern vor der einvernehmlichen Scheidung gem\u00e4\u00df \u00a7 95 Abs. 1a Au\u00dfStrG.","robots":{"index":"index","follow":"follow","max-snippet":"max-snippet:-1","max-image-preview":"max-image-preview:large","max-video-preview":"max-video-preview:-1"},"canonical":"https:\/\/trennungundscheidung.web-email.at\/elternberatung-vor-scheidung\/","og_locale":"de_DE","og_type":"article","og_title":"Beratung vor einvernehmlicher Scheidung gem\u00e4\u00df \u00a7 95 Abs. 1a Au\u00dfStrG - Elternberatung vor Scheidung nach \u00a7 95","og_description":"Hier finden Sie alle Informationen zur verpflichteten Beratung f\u00fcr den Umgang mit den Kindern vor der einvernehmlichen Scheidung gem\u00e4\u00df \u00a7 95 Abs. 1a Au\u00dfStrG.","og_url":"https:\/\/trennungundscheidung.web-email.at\/elternberatung-vor-scheidung\/","og_site_name":"Elternberatung vor Scheidung nach \u00a7 95","article_modified_time":"2021-10-21T06:54:42+00:00","og_image":[{"url":"https:\/\/trennungundscheidung.web-email.at\/elternberatung-vor-scheidung\/wp-content\/uploads\/sites\/3\/2017\/12\/deutsch.png","type":"","width":"","height":""}],"twitter_card":"summary_large_image","twitter_misc":{"Gesch\u00e4tzte Lesezeit":"6\u00a0Minuten"},"schema":{"@context":"https:\/\/schema.org","@graph":[{"@type":"WebPage","@id":"https:\/\/trennungundscheidung.web-email.at\/elternberatung-vor-scheidung\/","url":"https:\/\/trennungundscheidung.web-email.at\/elternberatung-vor-scheidung\/","name":"Beratung vor einvernehmlicher Scheidung gem\u00e4\u00df \u00a7 95 Abs. 1a Au\u00dfStrG - Elternberatung vor Scheidung nach \u00a7 95","isPartOf":{"@id":"https:\/\/trennungundscheidung.web-email.at\/elternberatung-vor-scheidung\/#website"},"primaryImageOfPage":{"@id":"https:\/\/trennungundscheidung.web-email.at\/elternberatung-vor-scheidung\/#primaryimage"},"image":{"@id":"https:\/\/trennungundscheidung.web-email.at\/elternberatung-vor-scheidung\/#primaryimage"},"thumbnailUrl":"https:\/\/trennungundscheidung.web-email.at\/elternberatung-vor-scheidung\/wp-content\/uploads\/sites\/3\/2017\/12\/deutsch.png","datePublished":"2017-02-24T07:08:49+00:00","dateModified":"2021-10-21T06:54:42+00:00","description":"Hier finden Sie alle Informationen zur verpflichteten Beratung f\u00fcr den Umgang mit den Kindern vor der einvernehmlichen Scheidung gem\u00e4\u00df \u00a7 95 Abs. 1a Au\u00dfStrG.","breadcrumb":{"@id":"https:\/\/trennungundscheidung.web-email.at\/elternberatung-vor-scheidung\/#breadcrumb"},"inLanguage":"de","potentialAction":[{"@type":"ReadAction","target":["https:\/\/trennungundscheidung.web-email.at\/elternberatung-vor-scheidung\/"]}]},{"@type":"ImageObject","inLanguage":"de","@id":"https:\/\/trennungundscheidung.web-email.at\/elternberatung-vor-scheidung\/#primaryimage","url":"https:\/\/trennungundscheidung.web-email.at\/elternberatung-vor-scheidung\/wp-content\/uploads\/sites\/3\/2017\/12\/deutsch.png","contentUrl":"https:\/\/trennungundscheidung.web-email.at\/elternberatung-vor-scheidung\/wp-content\/uploads\/sites\/3\/2017\/12\/deutsch.png"},{"@type":"BreadcrumbList","@id":"https:\/\/trennungundscheidung.web-email.at\/elternberatung-vor-scheidung\/#breadcrumb","itemListElement":[{"@type":"ListItem","position":1,"name":"Home","item":"https:\/\/trennungundscheidung.web-email.at\/elternberatung-vor-scheidung\/"},{"@type":"ListItem","position":2,"name":"Beratung vor einvernehmlicher Scheidung gem\u00e4\u00df \u00a7 95 Abs. 1a Au\u00dfStrG"}]},{"@type":"WebSite","@id":"https:\/\/trennungundscheidung.web-email.at\/elternberatung-vor-scheidung\/#website","url":"https:\/\/trennungundscheidung.web-email.at\/elternberatung-vor-scheidung\/","name":"Elternberatung vor Scheidung nach \u00a7 95","description":"","potentialAction":[{"@type":"SearchAction","target":{"@type":"EntryPoint","urlTemplate":"https:\/\/trennungundscheidung.web-email.at\/elternberatung-vor-scheidung\/?s={search_term_string}"},"query-input":{"@type":"PropertyValueSpecification","valueRequired":true,"valueName":"search_term_string"}}],"inLanguage":"de"}]}},"_links":{"self":[{"href":"https:\/\/trennungundscheidung.web-email.at\/elternberatung-vor-scheidung\/wp-json\/wp\/v2\/pages\/10","targetHints":{"allow":["GET"]}}],"collection":[{"href":"https:\/\/trennungundscheidung.web-email.at\/elternberatung-vor-scheidung\/wp-json\/wp\/v2\/pages"}],"about":[{"href":"https:\/\/trennungundscheidung.web-email.at\/elternberatung-vor-scheidung\/wp-json\/wp\/v2\/types\/page"}],"author":[{"embeddable":true,"href":"https:\/\/trennungundscheidung.web-email.at\/elternberatung-vor-scheidung\/wp-json\/wp\/v2\/users\/1"}],"replies":[{"embeddable":true,"href":"https:\/\/trennungundscheidung.web-email.at\/elternberatung-vor-scheidung\/wp-json\/wp\/v2\/comments?post=10"}],"version-history":[{"count":9,"href":"https:\/\/trennungundscheidung.web-email.at\/elternberatung-vor-scheidung\/wp-json\/wp\/v2\/pages\/10\/revisions"}],"predecessor-version":[{"id":459,"href":"https:\/\/trennungundscheidung.web-email.at\/elternberatung-vor-scheidung\/wp-json\/wp\/v2\/pages\/10\/revisions\/459"}],"wp:attachment":[{"href":"https:\/\/trennungundscheidung.web-email.at\/elternberatung-vor-scheidung\/wp-json\/wp\/v2\/media?parent=10"}],"curies":[{"name":"wp","href":"https:\/\/api.w.org\/{rel}","templated":true}]}}