{"id":161,"date":"2017-12-05T09:40:31","date_gmt":"2017-12-05T08:40:31","guid":{"rendered":"https:\/\/trennungundscheidung.web-email.at\/elternberatung-vor-scheidung\/?page_id=161"},"modified":"2017-12-07T07:50:19","modified_gmt":"2017-12-07T06:50:19","slug":"albanisch-shqip","status":"publish","type":"page","link":"https:\/\/trennungundscheidung.web-email.at\/elternberatung-vor-scheidung\/beratung-vor-einvernehmlicher-scheidung-gemaess-%c2%a7-95-abs-1a-aussstrg\/albanisch-shqip\/","title":{"rendered":"Albanisch (Shqip)"},"content":{"rendered":"<p><img loading=\"lazy\" decoding=\"async\" class=\"alignnone size-full wp-image-111\" src=\"https:\/\/trennungundscheidung.web-email.at\/elternberatung-vor-scheidung\/wp-content\/uploads\/sites\/3\/2017\/12\/albanisch_shqip.png\" alt=\"albanisch - shqip\" width=\"50\" height=\"32\" \/><\/p>\n<p><strong>K\u00ebshillimi p\u00ebr shkuror\u00ebzimet konsensuale<\/strong><\/p>\n<p>K\u00ebshillim p\u00ebr prind\u00ebrit sipas paragrafit \u00a7 95 Abs. 1a Au\u00dfStrG mbi nevojat specifike t\u00eb f\u00ebmij\u00ebve t\u00eb tyre t\u00eb mitur si pasoj\u00eb e ndarjes\/divorcit.<\/p>\n<p>Me ndryshimet e ligjit Kindschafts-und Namensrechts\u00e4nderung- Gesetzt 2013 dhe futjen e paragrafit \u00a7 95 Abs. 1a Au\u00dfStrG, prind\u00ebrit duhet t\u00eb informohen jasht\u00eb gjykate \u201c<em>mbi nevojat specifike t\u00eb f\u00ebmij\u00ebve t\u00eb tyre t\u00eb mitur q\u00eb rezultojn\u00eb nga divorci\/shkuror\u00ebzimi<\/em>\u201d.<\/p>\n<p>Kjo do t\u00eb thot\u00eb se t\u00eb gjitha \u00e7iftet n\u00eb Austri, t\u00eb cilat k\u00ebrkojn\u00eb shkuror\u00ebzim konsensual (me marr\u00ebveshje), jan\u00eb ligj\u00ebrisht t\u00eb obliguar t\u00eb k\u00ebshillohen rreth pasojave t\u00eb divorcit te f\u00ebmij\u00ebt e tyre t\u00eb mitur dhe t\u00eb paraqesin dokument duke v\u00ebrtetuar se e kan\u00eb kryer k\u00ebt\u00eb detyrim para gjyqit.<\/p>\n<p>Me k\u00ebt\u00eb ligj mund\u00ebsohet q\u00eb kujdesi prind\u00ebror t\u00eb fokusohet te nevojat e f\u00ebmij\u00ebs si dhe q\u00eb interesi dhe mir\u00ebqenia e f\u00ebmij\u00ebs t\u00eb jet\u00eb n\u00eb plan t\u00eb par\u00eb, n\u00eb rastet e Kujdestaris\u00eb dhe Konflikteve.<\/p>\n<p>Me <strong>list\u00ebn e k\u00ebshilltar\u00ebve t\u00eb pranuar<\/strong> ofrohet nj\u00eb gam\u00eb e gjer\u00eb e sh\u00ebrbimeve t\u00eb k\u00ebshillimit n\u00eb gjith\u00eb Austrin\u00eb, e bazuar n\u00eb standarde kualiteti dhe rekomandime p\u00ebr k\u00ebshillim sipas \u00a7 95 Abs. 1a Au\u00dfStrG.<\/p>\n<p><a href=\"https:\/\/trennungundscheidung.web-email.at\/elternberatung-vor-scheidung\/berater\/?tus_language=18\" rel=\"noopener\">Beraterliste<\/a><\/p>\n","protected":false},"excerpt":{"rendered":"<p>K\u00ebshillimi p\u00ebr shkuror\u00ebzimet konsensuale K\u00ebshillim p\u00ebr prind\u00ebrit sipas paragrafit \u00a7 95 Abs. 1a Au\u00dfStrG mbi nevojat specifike t\u00eb f\u00ebmij\u00ebve t\u00eb tyre t\u00eb mitur si pasoj\u00eb e ndarjes\/divorcit. Me ndryshimet e ligjit Kindschafts-und Namensrechts\u00e4nderung- Gesetzt 2013 dhe futjen e paragrafit \u00a7 95 Abs. 1a Au\u00dfStrG, prind\u00ebrit duhet t\u00eb informohen jasht\u00eb gjykate \u201cmbi nevojat specifike t\u00eb f\u00ebmij\u00ebve [&hellip;]<\/p>\n","protected":false},"author":8,"featured_media":0,"parent":10,"menu_order":0,"comment_status":"closed","ping_status":"closed","template":"","meta":{"_acf_changed":false,"footnotes":""},"class_list":["post-161","page","type-page","status-publish","hentry"],"acf":[],"yoast_head":"<!-- This site is optimized with the Yoast SEO plugin v26.9 - https:\/\/yoast.com\/product\/yoast-seo-wordpress\/ -->\n<title>Albanisch (Shqip) - Elternberatung vor Scheidung nach \u00a7 95<\/title>\n<meta name=\"robots\" content=\"index, follow, max-snippet:-1, max-image-preview:large, max-video-preview:-1\" \/>\n<link rel=\"canonical\" href=\"https:\/\/trennungundscheidung.web-email.at\/elternberatung-vor-scheidung\/beratung-vor-einvernehmlicher-scheidung-gemaess-\u00a7-95-abs-1a-aussstrg\/albanisch-shqip\/\" \/>\n<meta property=\"og:locale\" content=\"de_DE\" \/>\n<meta property=\"og:type\" content=\"article\" \/>\n<meta property=\"og:title\" content=\"Albanisch (Shqip) - Elternberatung vor Scheidung nach \u00a7 95\" \/>\n<meta property=\"og:description\" content=\"K\u00ebshillimi p\u00ebr shkuror\u00ebzimet konsensuale K\u00ebshillim p\u00ebr prind\u00ebrit sipas paragrafit \u00a7 95 Abs. 1a Au\u00dfStrG mbi nevojat specifike t\u00eb f\u00ebmij\u00ebve t\u00eb tyre t\u00eb mitur si pasoj\u00eb e ndarjes\/divorcit. Me ndryshimet e ligjit Kindschafts-und Namensrechts\u00e4nderung- Gesetzt 2013 dhe futjen e paragrafit \u00a7 95 Abs. 1a Au\u00dfStrG, prind\u00ebrit duhet t\u00eb informohen jasht\u00eb gjykate \u201cmbi nevojat specifike t\u00eb f\u00ebmij\u00ebve [&hellip;]\" \/>\n<meta property=\"og:url\" content=\"https:\/\/trennungundscheidung.web-email.at\/elternberatung-vor-scheidung\/beratung-vor-einvernehmlicher-scheidung-gemaess-\u00a7-95-abs-1a-aussstrg\/albanisch-shqip\/\" \/>\n<meta property=\"og:site_name\" content=\"Elternberatung vor Scheidung nach \u00a7 95\" \/>\n<meta property=\"article:modified_time\" content=\"2017-12-07T06:50:19+00:00\" \/>\n<meta property=\"og:image\" content=\"https:\/\/trennungundscheidung.web-email.at\/elternberatung-vor-scheidung\/wp-content\/uploads\/sites\/3\/2017\/12\/albanisch_shqip.png\" \/>\n<meta name=\"twitter:card\" content=\"summary_large_image\" \/>\n<meta name=\"twitter:label1\" content=\"Gesch\u00e4tzte Lesezeit\" \/>\n\t<meta name=\"twitter:data1\" content=\"1\u00a0Minute\" \/>\n<script type=\"application\/ld+json\" class=\"yoast-schema-graph\">{\"@context\":\"https:\/\/schema.org\",\"@graph\":[{\"@type\":\"WebPage\",\"@id\":\"https:\/\/trennungundscheidung.web-email.at\/elternberatung-vor-scheidung\/beratung-vor-einvernehmlicher-scheidung-gemaess-%c2%a7-95-abs-1a-aussstrg\/albanisch-shqip\/\",\"url\":\"https:\/\/trennungundscheidung.web-email.at\/elternberatung-vor-scheidung\/beratung-vor-einvernehmlicher-scheidung-gemaess-%c2%a7-95-abs-1a-aussstrg\/albanisch-shqip\/\",\"name\":\"Albanisch (Shqip) - Elternberatung vor Scheidung nach \u00a7 95\",\"isPartOf\":{\"@id\":\"https:\/\/trennungundscheidung.web-email.at\/elternberatung-vor-scheidung\/#website\"},\"primaryImageOfPage\":{\"@id\":\"https:\/\/trennungundscheidung.web-email.at\/elternberatung-vor-scheidung\/beratung-vor-einvernehmlicher-scheidung-gemaess-%c2%a7-95-abs-1a-aussstrg\/albanisch-shqip\/#primaryimage\"},\"image\":{\"@id\":\"https:\/\/trennungundscheidung.web-email.at\/elternberatung-vor-scheidung\/beratung-vor-einvernehmlicher-scheidung-gemaess-%c2%a7-95-abs-1a-aussstrg\/albanisch-shqip\/#primaryimage\"},\"thumbnailUrl\":\"https:\/\/trennungundscheidung.web-email.at\/elternberatung-vor-scheidung\/wp-content\/uploads\/sites\/3\/2017\/12\/albanisch_shqip.png\",\"datePublished\":\"2017-12-05T08:40:31+00:00\",\"dateModified\":\"2017-12-07T06:50:19+00:00\",\"breadcrumb\":{\"@id\":\"https:\/\/trennungundscheidung.web-email.at\/elternberatung-vor-scheidung\/beratung-vor-einvernehmlicher-scheidung-gemaess-%c2%a7-95-abs-1a-aussstrg\/albanisch-shqip\/#breadcrumb\"},\"inLanguage\":\"de\",\"potentialAction\":[{\"@type\":\"ReadAction\",\"target\":[\"https:\/\/trennungundscheidung.web-email.at\/elternberatung-vor-scheidung\/beratung-vor-einvernehmlicher-scheidung-gemaess-%c2%a7-95-abs-1a-aussstrg\/albanisch-shqip\/\"]}]},{\"@type\":\"ImageObject\",\"inLanguage\":\"de\",\"@id\":\"https:\/\/trennungundscheidung.web-email.at\/elternberatung-vor-scheidung\/beratung-vor-einvernehmlicher-scheidung-gemaess-%c2%a7-95-abs-1a-aussstrg\/albanisch-shqip\/#primaryimage\",\"url\":\"https:\/\/trennungundscheidung.web-email.at\/elternberatung-vor-scheidung\/wp-content\/uploads\/sites\/3\/2017\/12\/albanisch_shqip.png\",\"contentUrl\":\"https:\/\/trennungundscheidung.web-email.at\/elternberatung-vor-scheidung\/wp-content\/uploads\/sites\/3\/2017\/12\/albanisch_shqip.png\",\"width\":50,\"height\":32,\"caption\":\"albanisch - shqip\"},{\"@type\":\"BreadcrumbList\",\"@id\":\"https:\/\/trennungundscheidung.web-email.at\/elternberatung-vor-scheidung\/beratung-vor-einvernehmlicher-scheidung-gemaess-%c2%a7-95-abs-1a-aussstrg\/albanisch-shqip\/#breadcrumb\",\"itemListElement\":[{\"@type\":\"ListItem\",\"position\":1,\"name\":\"Home\",\"item\":\"https:\/\/trennungundscheidung.web-email.at\/elternberatung-vor-scheidung\/\"},{\"@type\":\"ListItem\",\"position\":2,\"name\":\"Beratung vor einvernehmlicher Scheidung gem\u00e4\u00df \u00a7 95 Abs. 1a Au\u00dfStrG\",\"item\":\"https:\/\/trennungundscheidung.web-email.at\/elternberatung-vor-scheidung\/\"},{\"@type\":\"ListItem\",\"position\":3,\"name\":\"Albanisch (Shqip)\"}]},{\"@type\":\"WebSite\",\"@id\":\"https:\/\/trennungundscheidung.web-email.at\/elternberatung-vor-scheidung\/#website\",\"url\":\"https:\/\/trennungundscheidung.web-email.at\/elternberatung-vor-scheidung\/\",\"name\":\"Elternberatung vor Scheidung nach \u00a7 95\",\"description\":\"\",\"potentialAction\":[{\"@type\":\"SearchAction\",\"target\":{\"@type\":\"EntryPoint\",\"urlTemplate\":\"https:\/\/trennungundscheidung.web-email.at\/elternberatung-vor-scheidung\/?s={search_term_string}\"},\"query-input\":{\"@type\":\"PropertyValueSpecification\",\"valueRequired\":true,\"valueName\":\"search_term_string\"}}],\"inLanguage\":\"de\"}]}<\/script>\n<!-- \/ Yoast SEO plugin. -->","yoast_head_json":{"title":"Albanisch (Shqip) - Elternberatung vor Scheidung nach \u00a7 95","robots":{"index":"index","follow":"follow","max-snippet":"max-snippet:-1","max-image-preview":"max-image-preview:large","max-video-preview":"max-video-preview:-1"},"canonical":"https:\/\/trennungundscheidung.web-email.at\/elternberatung-vor-scheidung\/beratung-vor-einvernehmlicher-scheidung-gemaess-\u00a7-95-abs-1a-aussstrg\/albanisch-shqip\/","og_locale":"de_DE","og_type":"article","og_title":"Albanisch (Shqip) - Elternberatung vor Scheidung nach \u00a7 95","og_description":"K\u00ebshillimi p\u00ebr shkuror\u00ebzimet konsensuale K\u00ebshillim p\u00ebr prind\u00ebrit sipas paragrafit \u00a7 95 Abs. 1a Au\u00dfStrG mbi nevojat specifike t\u00eb f\u00ebmij\u00ebve t\u00eb tyre t\u00eb mitur si pasoj\u00eb e ndarjes\/divorcit. Me ndryshimet e ligjit Kindschafts-und Namensrechts\u00e4nderung- Gesetzt 2013 dhe futjen e paragrafit \u00a7 95 Abs. 1a Au\u00dfStrG, prind\u00ebrit duhet t\u00eb informohen jasht\u00eb gjykate \u201cmbi nevojat specifike t\u00eb f\u00ebmij\u00ebve [&hellip;]","og_url":"https:\/\/trennungundscheidung.web-email.at\/elternberatung-vor-scheidung\/beratung-vor-einvernehmlicher-scheidung-gemaess-\u00a7-95-abs-1a-aussstrg\/albanisch-shqip\/","og_site_name":"Elternberatung vor Scheidung nach \u00a7 95","article_modified_time":"2017-12-07T06:50:19+00:00","og_image":[{"url":"https:\/\/trennungundscheidung.web-email.at\/elternberatung-vor-scheidung\/wp-content\/uploads\/sites\/3\/2017\/12\/albanisch_shqip.png","type":"","width":"","height":""}],"twitter_card":"summary_large_image","twitter_misc":{"Gesch\u00e4tzte Lesezeit":"1\u00a0Minute"},"schema":{"@context":"https:\/\/schema.org","@graph":[{"@type":"WebPage","@id":"https:\/\/trennungundscheidung.web-email.at\/elternberatung-vor-scheidung\/beratung-vor-einvernehmlicher-scheidung-gemaess-%c2%a7-95-abs-1a-aussstrg\/albanisch-shqip\/","url":"https:\/\/trennungundscheidung.web-email.at\/elternberatung-vor-scheidung\/beratung-vor-einvernehmlicher-scheidung-gemaess-%c2%a7-95-abs-1a-aussstrg\/albanisch-shqip\/","name":"Albanisch (Shqip) - Elternberatung vor Scheidung nach \u00a7 95","isPartOf":{"@id":"https:\/\/trennungundscheidung.web-email.at\/elternberatung-vor-scheidung\/#website"},"primaryImageOfPage":{"@id":"https:\/\/trennungundscheidung.web-email.at\/elternberatung-vor-scheidung\/beratung-vor-einvernehmlicher-scheidung-gemaess-%c2%a7-95-abs-1a-aussstrg\/albanisch-shqip\/#primaryimage"},"image":{"@id":"https:\/\/trennungundscheidung.web-email.at\/elternberatung-vor-scheidung\/beratung-vor-einvernehmlicher-scheidung-gemaess-%c2%a7-95-abs-1a-aussstrg\/albanisch-shqip\/#primaryimage"},"thumbnailUrl":"https:\/\/trennungundscheidung.web-email.at\/elternberatung-vor-scheidung\/wp-content\/uploads\/sites\/3\/2017\/12\/albanisch_shqip.png","datePublished":"2017-12-05T08:40:31+00:00","dateModified":"2017-12-07T06:50:19+00:00","breadcrumb":{"@id":"https:\/\/trennungundscheidung.web-email.at\/elternberatung-vor-scheidung\/beratung-vor-einvernehmlicher-scheidung-gemaess-%c2%a7-95-abs-1a-aussstrg\/albanisch-shqip\/#breadcrumb"},"inLanguage":"de","potentialAction":[{"@type":"ReadAction","target":["https:\/\/trennungundscheidung.web-email.at\/elternberatung-vor-scheidung\/beratung-vor-einvernehmlicher-scheidung-gemaess-%c2%a7-95-abs-1a-aussstrg\/albanisch-shqip\/"]}]},{"@type":"ImageObject","inLanguage":"de","@id":"https:\/\/trennungundscheidung.web-email.at\/elternberatung-vor-scheidung\/beratung-vor-einvernehmlicher-scheidung-gemaess-%c2%a7-95-abs-1a-aussstrg\/albanisch-shqip\/#primaryimage","url":"https:\/\/trennungundscheidung.web-email.at\/elternberatung-vor-scheidung\/wp-content\/uploads\/sites\/3\/2017\/12\/albanisch_shqip.png","contentUrl":"https:\/\/trennungundscheidung.web-email.at\/elternberatung-vor-scheidung\/wp-content\/uploads\/sites\/3\/2017\/12\/albanisch_shqip.png","width":50,"height":32,"caption":"albanisch - shqip"},{"@type":"BreadcrumbList","@id":"https:\/\/trennungundscheidung.web-email.at\/elternberatung-vor-scheidung\/beratung-vor-einvernehmlicher-scheidung-gemaess-%c2%a7-95-abs-1a-aussstrg\/albanisch-shqip\/#breadcrumb","itemListElement":[{"@type":"ListItem","position":1,"name":"Home","item":"https:\/\/trennungundscheidung.web-email.at\/elternberatung-vor-scheidung\/"},{"@type":"ListItem","position":2,"name":"Beratung vor einvernehmlicher Scheidung gem\u00e4\u00df \u00a7 95 Abs. 1a Au\u00dfStrG","item":"https:\/\/trennungundscheidung.web-email.at\/elternberatung-vor-scheidung\/"},{"@type":"ListItem","position":3,"name":"Albanisch (Shqip)"}]},{"@type":"WebSite","@id":"https:\/\/trennungundscheidung.web-email.at\/elternberatung-vor-scheidung\/#website","url":"https:\/\/trennungundscheidung.web-email.at\/elternberatung-vor-scheidung\/","name":"Elternberatung vor Scheidung nach \u00a7 95","description":"","potentialAction":[{"@type":"SearchAction","target":{"@type":"EntryPoint","urlTemplate":"https:\/\/trennungundscheidung.web-email.at\/elternberatung-vor-scheidung\/?s={search_term_string}"},"query-input":{"@type":"PropertyValueSpecification","valueRequired":true,"valueName":"search_term_string"}}],"inLanguage":"de"}]}},"_links":{"self":[{"href":"https:\/\/trennungundscheidung.web-email.at\/elternberatung-vor-scheidung\/wp-json\/wp\/v2\/pages\/161","targetHints":{"allow":["GET"]}}],"collection":[{"href":"https:\/\/trennungundscheidung.web-email.at\/elternberatung-vor-scheidung\/wp-json\/wp\/v2\/pages"}],"about":[{"href":"https:\/\/trennungundscheidung.web-email.at\/elternberatung-vor-scheidung\/wp-json\/wp\/v2\/types\/page"}],"author":[{"embeddable":true,"href":"https:\/\/trennungundscheidung.web-email.at\/elternberatung-vor-scheidung\/wp-json\/wp\/v2\/users\/8"}],"replies":[{"embeddable":true,"href":"https:\/\/trennungundscheidung.web-email.at\/elternberatung-vor-scheidung\/wp-json\/wp\/v2\/comments?post=161"}],"version-history":[{"count":3,"href":"https:\/\/trennungundscheidung.web-email.at\/elternberatung-vor-scheidung\/wp-json\/wp\/v2\/pages\/161\/revisions"}],"predecessor-version":[{"id":258,"href":"https:\/\/trennungundscheidung.web-email.at\/elternberatung-vor-scheidung\/wp-json\/wp\/v2\/pages\/161\/revisions\/258"}],"up":[{"embeddable":true,"href":"https:\/\/trennungundscheidung.web-email.at\/elternberatung-vor-scheidung\/wp-json\/wp\/v2\/pages\/10"}],"wp:attachment":[{"href":"https:\/\/trennungundscheidung.web-email.at\/elternberatung-vor-scheidung\/wp-json\/wp\/v2\/media?parent=161"}],"curies":[{"name":"wp","href":"https:\/\/api.w.org\/{rel}","templated":true}]}}