{"id":177,"date":"2017-12-05T09:53:14","date_gmt":"2017-12-05T08:53:14","guid":{"rendered":"https:\/\/trennungundscheidung.web-email.at\/elternberatung-vor-scheidung\/?page_id=177"},"modified":"2017-12-07T08:09:01","modified_gmt":"2017-12-07T07:09:01","slug":"litauisch-lietuviu-kalba","status":"publish","type":"page","link":"https:\/\/trennungundscheidung.web-email.at\/elternberatung-vor-scheidung\/beratung-vor-einvernehmlicher-scheidung-gemaess-%c2%a7-95-abs-1a-aussstrg\/litauisch-lietuviu-kalba\/","title":{"rendered":"Litauisch (Lietuvi\u0173 kalba)"},"content":{"rendered":"<p><img loading=\"lazy\" decoding=\"async\" class=\"alignnone size-full wp-image-117\" src=\"https:\/\/trennungundscheidung.web-email.at\/elternberatung-vor-scheidung\/wp-content\/uploads\/sites\/3\/2017\/12\/litauisch_lietuviu\u0328-kalba.png\" alt=\"litauisch - lietuviu\u0328 kalba\" width=\"50\" height=\"32\" \/><\/p>\n<p>Konsultavimas prie\u0161 skyrybas, vykstan\u010dias abipusiu (sutuoktini\u0173) susitarimu<\/p>\n<p>Vadovaujantis <em>Au\u00dferstreitgesetz<\/em> (\u012estatymas d\u0117l teisme negin\u010dytin\u0173 klausim\u0173, toliau\u00a0\u2013 <em>Au\u00dfStrG<\/em>) 95\u00a0straipsnio 1a\u00a0dalimi t\u0117vams privaloma konsultuotis siekiant i\u0161siai\u0161kinti ypatingus nepilname\u010di\u0173 vaik\u0173 poreikius, kylan\u010dius d\u0117l skyryb\u0173.<\/p>\n<p><em>Kindschafts\u2011 und Namensrechts\u00e4nderungs\u2011Gesetz<\/em> (Teisinio vaiko statuso ir teis\u0117s \u012f asmenvard\u017eio pakeitim\u0105 \u012fstatyme), 2013 metais papildytame <em>Au\u00dfStrG<\/em> 95\u00a0straipsnio 1a\u00a0dalimi, nustatyta, kad, prie\u0161 nustatant skyryb\u0173 pasekmes teisme, t\u0117vams privaloma \u201ekonsultuotis su kvalifikuotu specialistu ar atitinkamoje \u012fstaigoje ir i\u0161siai\u0161kinti ypatingus savo nepilname\u010di\u0173 vaik\u0173 poreikius, kylan\u010dius d\u0117l skyryb\u0173\u201c (cit. pagal <em>\u00a795 Abs. 1a Au\u00dfStrG<\/em><em>)<\/em>.<\/p>\n<p>Taigi pagal \u0161\u012f \u012fstatym\u0105 visos poros Austrijoje, siekian\u010dios skyryb\u0173 abipusiu susitarimu, privalo konsultuotis d\u0117l skyryb\u0173 pasekmi\u0173 savo nepilname\u010diams vaikams ir pateikti teismui \u0161i\u0105 konsultacij\u0105 patvirtinant\u012f dokument\u0105.<\/p>\n<p>Taip siekiama, kad globos ir r\u016bpybos bylose b\u016bt\u0173 labiau atkreiptas d\u0117mesys \u012f vaiko poreikius, o teismini\u0173 gin\u010d\u0173 d\u0117l pagrindinio glob\u0117jo nustatymo ir teisi\u0173 matytis su vaiku atveju dar didesnis prioritetas b\u016bt\u0173 vaiko interesai ir gerov\u0117.<\/p>\n<p><em>Pripa\u017eint\u0173 tinkamais konsultant\u0173 s\u0105ra\u0161e<\/em> galima rasti pakankamai kokyb\u0117s standartus atitinkan\u010di\u0173 ir rekomenduojam\u0173 specialist\u0173. Taip u\u017etikrinama plati konsultavimo pagal <em>Au\u00dfStrG <\/em>95\u00a0straipsnio 1a\u00a0dal\u012f pasi\u016bla visoje Austrijoje.<\/p>\n<p><a href=\"https:\/\/trennungundscheidung.web-email.at\/elternberatung-vor-scheidung\/berater\/?tus_language=43\">Beraterliste<\/a><\/p>\n","protected":false},"excerpt":{"rendered":"<p>Konsultavimas prie\u0161 skyrybas, vykstan\u010dias abipusiu (sutuoktini\u0173) susitarimu Vadovaujantis Au\u00dferstreitgesetz (\u012estatymas d\u0117l teisme negin\u010dytin\u0173 klausim\u0173, toliau\u00a0\u2013 Au\u00dfStrG) 95\u00a0straipsnio 1a\u00a0dalimi t\u0117vams privaloma konsultuotis siekiant i\u0161siai\u0161kinti ypatingus nepilname\u010di\u0173 vaik\u0173 poreikius, kylan\u010dius d\u0117l skyryb\u0173. Kindschafts\u2011 und Namensrechts\u00e4nderungs\u2011Gesetz (Teisinio vaiko statuso ir teis\u0117s \u012f asmenvard\u017eio pakeitim\u0105 \u012fstatyme), 2013 metais papildytame Au\u00dfStrG 95\u00a0straipsnio 1a\u00a0dalimi, nustatyta, kad, prie\u0161 nustatant skyryb\u0173 pasekmes teisme, [&hellip;]<\/p>\n","protected":false},"author":8,"featured_media":0,"parent":10,"menu_order":0,"comment_status":"closed","ping_status":"closed","template":"","meta":{"_acf_changed":false,"footnotes":""},"class_list":["post-177","page","type-page","status-publish","hentry"],"acf":[],"yoast_head":"<!-- This site is optimized with the Yoast SEO plugin v26.9 - https:\/\/yoast.com\/product\/yoast-seo-wordpress\/ -->\n<title>Litauisch (Lietuvi\u0173 kalba) - Elternberatung vor Scheidung nach \u00a7 95<\/title>\n<meta name=\"robots\" content=\"index, follow, max-snippet:-1, max-image-preview:large, max-video-preview:-1\" \/>\n<link rel=\"canonical\" href=\"https:\/\/trennungundscheidung.web-email.at\/elternberatung-vor-scheidung\/beratung-vor-einvernehmlicher-scheidung-gemaess-\u00a7-95-abs-1a-aussstrg\/litauisch-lietuviu-kalba\/\" \/>\n<meta property=\"og:locale\" content=\"de_DE\" \/>\n<meta property=\"og:type\" content=\"article\" \/>\n<meta property=\"og:title\" content=\"Litauisch (Lietuvi\u0173 kalba) - Elternberatung vor Scheidung nach \u00a7 95\" \/>\n<meta property=\"og:description\" content=\"Konsultavimas prie\u0161 skyrybas, vykstan\u010dias abipusiu (sutuoktini\u0173) susitarimu Vadovaujantis Au\u00dferstreitgesetz (\u012estatymas d\u0117l teisme negin\u010dytin\u0173 klausim\u0173, toliau\u00a0\u2013 Au\u00dfStrG) 95\u00a0straipsnio 1a\u00a0dalimi t\u0117vams privaloma konsultuotis siekiant i\u0161siai\u0161kinti ypatingus nepilname\u010di\u0173 vaik\u0173 poreikius, kylan\u010dius d\u0117l skyryb\u0173. Kindschafts\u2011 und Namensrechts\u00e4nderungs\u2011Gesetz (Teisinio vaiko statuso ir teis\u0117s \u012f asmenvard\u017eio pakeitim\u0105 \u012fstatyme), 2013 metais papildytame Au\u00dfStrG 95\u00a0straipsnio 1a\u00a0dalimi, nustatyta, kad, prie\u0161 nustatant skyryb\u0173 pasekmes teisme, [&hellip;]\" \/>\n<meta property=\"og:url\" content=\"https:\/\/trennungundscheidung.web-email.at\/elternberatung-vor-scheidung\/beratung-vor-einvernehmlicher-scheidung-gemaess-\u00a7-95-abs-1a-aussstrg\/litauisch-lietuviu-kalba\/\" \/>\n<meta property=\"og:site_name\" content=\"Elternberatung vor Scheidung nach \u00a7 95\" \/>\n<meta property=\"article:modified_time\" content=\"2017-12-07T07:09:01+00:00\" \/>\n<meta property=\"og:image\" content=\"https:\/\/trennungundscheidung.web-email.at\/elternberatung-vor-scheidung\/wp-content\/uploads\/sites\/3\/2017\/12\/litauisch_lietuviu\u0328-kalba.png\" \/>\n<meta name=\"twitter:card\" content=\"summary_large_image\" \/>\n<meta name=\"twitter:label1\" content=\"Gesch\u00e4tzte Lesezeit\" \/>\n\t<meta name=\"twitter:data1\" content=\"1\u00a0Minute\" \/>\n<script type=\"application\/ld+json\" class=\"yoast-schema-graph\">{\"@context\":\"https:\/\/schema.org\",\"@graph\":[{\"@type\":\"WebPage\",\"@id\":\"https:\/\/trennungundscheidung.web-email.at\/elternberatung-vor-scheidung\/beratung-vor-einvernehmlicher-scheidung-gemaess-%c2%a7-95-abs-1a-aussstrg\/litauisch-lietuviu-kalba\/\",\"url\":\"https:\/\/trennungundscheidung.web-email.at\/elternberatung-vor-scheidung\/beratung-vor-einvernehmlicher-scheidung-gemaess-%c2%a7-95-abs-1a-aussstrg\/litauisch-lietuviu-kalba\/\",\"name\":\"Litauisch (Lietuvi\u0173 kalba) - Elternberatung vor Scheidung nach \u00a7 95\",\"isPartOf\":{\"@id\":\"https:\/\/trennungundscheidung.web-email.at\/elternberatung-vor-scheidung\/#website\"},\"datePublished\":\"2017-12-05T08:53:14+00:00\",\"dateModified\":\"2017-12-07T07:09:01+00:00\",\"breadcrumb\":{\"@id\":\"https:\/\/trennungundscheidung.web-email.at\/elternberatung-vor-scheidung\/beratung-vor-einvernehmlicher-scheidung-gemaess-%c2%a7-95-abs-1a-aussstrg\/litauisch-lietuviu-kalba\/#breadcrumb\"},\"inLanguage\":\"de\",\"potentialAction\":[{\"@type\":\"ReadAction\",\"target\":[\"https:\/\/trennungundscheidung.web-email.at\/elternberatung-vor-scheidung\/beratung-vor-einvernehmlicher-scheidung-gemaess-%c2%a7-95-abs-1a-aussstrg\/litauisch-lietuviu-kalba\/\"]}]},{\"@type\":\"BreadcrumbList\",\"@id\":\"https:\/\/trennungundscheidung.web-email.at\/elternberatung-vor-scheidung\/beratung-vor-einvernehmlicher-scheidung-gemaess-%c2%a7-95-abs-1a-aussstrg\/litauisch-lietuviu-kalba\/#breadcrumb\",\"itemListElement\":[{\"@type\":\"ListItem\",\"position\":1,\"name\":\"Home\",\"item\":\"https:\/\/trennungundscheidung.web-email.at\/elternberatung-vor-scheidung\/\"},{\"@type\":\"ListItem\",\"position\":2,\"name\":\"Beratung vor einvernehmlicher Scheidung gem\u00e4\u00df \u00a7 95 Abs. 1a Au\u00dfStrG\",\"item\":\"https:\/\/trennungundscheidung.web-email.at\/elternberatung-vor-scheidung\/\"},{\"@type\":\"ListItem\",\"position\":3,\"name\":\"Litauisch (Lietuvi\u0173 kalba)\"}]},{\"@type\":\"WebSite\",\"@id\":\"https:\/\/trennungundscheidung.web-email.at\/elternberatung-vor-scheidung\/#website\",\"url\":\"https:\/\/trennungundscheidung.web-email.at\/elternberatung-vor-scheidung\/\",\"name\":\"Elternberatung vor Scheidung nach \u00a7 95\",\"description\":\"\",\"potentialAction\":[{\"@type\":\"SearchAction\",\"target\":{\"@type\":\"EntryPoint\",\"urlTemplate\":\"https:\/\/trennungundscheidung.web-email.at\/elternberatung-vor-scheidung\/?s={search_term_string}\"},\"query-input\":{\"@type\":\"PropertyValueSpecification\",\"valueRequired\":true,\"valueName\":\"search_term_string\"}}],\"inLanguage\":\"de\"}]}<\/script>\n<!-- \/ Yoast SEO plugin. -->","yoast_head_json":{"title":"Litauisch (Lietuvi\u0173 kalba) - Elternberatung vor Scheidung nach \u00a7 95","robots":{"index":"index","follow":"follow","max-snippet":"max-snippet:-1","max-image-preview":"max-image-preview:large","max-video-preview":"max-video-preview:-1"},"canonical":"https:\/\/trennungundscheidung.web-email.at\/elternberatung-vor-scheidung\/beratung-vor-einvernehmlicher-scheidung-gemaess-\u00a7-95-abs-1a-aussstrg\/litauisch-lietuviu-kalba\/","og_locale":"de_DE","og_type":"article","og_title":"Litauisch (Lietuvi\u0173 kalba) - Elternberatung vor Scheidung nach \u00a7 95","og_description":"Konsultavimas prie\u0161 skyrybas, vykstan\u010dias abipusiu (sutuoktini\u0173) susitarimu Vadovaujantis Au\u00dferstreitgesetz (\u012estatymas d\u0117l teisme negin\u010dytin\u0173 klausim\u0173, toliau\u00a0\u2013 Au\u00dfStrG) 95\u00a0straipsnio 1a\u00a0dalimi t\u0117vams privaloma konsultuotis siekiant i\u0161siai\u0161kinti ypatingus nepilname\u010di\u0173 vaik\u0173 poreikius, kylan\u010dius d\u0117l skyryb\u0173. Kindschafts\u2011 und Namensrechts\u00e4nderungs\u2011Gesetz (Teisinio vaiko statuso ir teis\u0117s \u012f asmenvard\u017eio pakeitim\u0105 \u012fstatyme), 2013 metais papildytame Au\u00dfStrG 95\u00a0straipsnio 1a\u00a0dalimi, nustatyta, kad, prie\u0161 nustatant skyryb\u0173 pasekmes teisme, [&hellip;]","og_url":"https:\/\/trennungundscheidung.web-email.at\/elternberatung-vor-scheidung\/beratung-vor-einvernehmlicher-scheidung-gemaess-\u00a7-95-abs-1a-aussstrg\/litauisch-lietuviu-kalba\/","og_site_name":"Elternberatung vor Scheidung nach \u00a7 95","article_modified_time":"2017-12-07T07:09:01+00:00","og_image":[{"url":"https:\/\/trennungundscheidung.web-email.at\/elternberatung-vor-scheidung\/wp-content\/uploads\/sites\/3\/2017\/12\/litauisch_lietuviu\u0328-kalba.png","type":"","width":"","height":""}],"twitter_card":"summary_large_image","twitter_misc":{"Gesch\u00e4tzte Lesezeit":"1\u00a0Minute"},"schema":{"@context":"https:\/\/schema.org","@graph":[{"@type":"WebPage","@id":"https:\/\/trennungundscheidung.web-email.at\/elternberatung-vor-scheidung\/beratung-vor-einvernehmlicher-scheidung-gemaess-%c2%a7-95-abs-1a-aussstrg\/litauisch-lietuviu-kalba\/","url":"https:\/\/trennungundscheidung.web-email.at\/elternberatung-vor-scheidung\/beratung-vor-einvernehmlicher-scheidung-gemaess-%c2%a7-95-abs-1a-aussstrg\/litauisch-lietuviu-kalba\/","name":"Litauisch (Lietuvi\u0173 kalba) - Elternberatung vor Scheidung nach \u00a7 95","isPartOf":{"@id":"https:\/\/trennungundscheidung.web-email.at\/elternberatung-vor-scheidung\/#website"},"datePublished":"2017-12-05T08:53:14+00:00","dateModified":"2017-12-07T07:09:01+00:00","breadcrumb":{"@id":"https:\/\/trennungundscheidung.web-email.at\/elternberatung-vor-scheidung\/beratung-vor-einvernehmlicher-scheidung-gemaess-%c2%a7-95-abs-1a-aussstrg\/litauisch-lietuviu-kalba\/#breadcrumb"},"inLanguage":"de","potentialAction":[{"@type":"ReadAction","target":["https:\/\/trennungundscheidung.web-email.at\/elternberatung-vor-scheidung\/beratung-vor-einvernehmlicher-scheidung-gemaess-%c2%a7-95-abs-1a-aussstrg\/litauisch-lietuviu-kalba\/"]}]},{"@type":"BreadcrumbList","@id":"https:\/\/trennungundscheidung.web-email.at\/elternberatung-vor-scheidung\/beratung-vor-einvernehmlicher-scheidung-gemaess-%c2%a7-95-abs-1a-aussstrg\/litauisch-lietuviu-kalba\/#breadcrumb","itemListElement":[{"@type":"ListItem","position":1,"name":"Home","item":"https:\/\/trennungundscheidung.web-email.at\/elternberatung-vor-scheidung\/"},{"@type":"ListItem","position":2,"name":"Beratung vor einvernehmlicher Scheidung gem\u00e4\u00df \u00a7 95 Abs. 1a Au\u00dfStrG","item":"https:\/\/trennungundscheidung.web-email.at\/elternberatung-vor-scheidung\/"},{"@type":"ListItem","position":3,"name":"Litauisch (Lietuvi\u0173 kalba)"}]},{"@type":"WebSite","@id":"https:\/\/trennungundscheidung.web-email.at\/elternberatung-vor-scheidung\/#website","url":"https:\/\/trennungundscheidung.web-email.at\/elternberatung-vor-scheidung\/","name":"Elternberatung vor Scheidung nach \u00a7 95","description":"","potentialAction":[{"@type":"SearchAction","target":{"@type":"EntryPoint","urlTemplate":"https:\/\/trennungundscheidung.web-email.at\/elternberatung-vor-scheidung\/?s={search_term_string}"},"query-input":{"@type":"PropertyValueSpecification","valueRequired":true,"valueName":"search_term_string"}}],"inLanguage":"de"}]}},"_links":{"self":[{"href":"https:\/\/trennungundscheidung.web-email.at\/elternberatung-vor-scheidung\/wp-json\/wp\/v2\/pages\/177","targetHints":{"allow":["GET"]}}],"collection":[{"href":"https:\/\/trennungundscheidung.web-email.at\/elternberatung-vor-scheidung\/wp-json\/wp\/v2\/pages"}],"about":[{"href":"https:\/\/trennungundscheidung.web-email.at\/elternberatung-vor-scheidung\/wp-json\/wp\/v2\/types\/page"}],"author":[{"embeddable":true,"href":"https:\/\/trennungundscheidung.web-email.at\/elternberatung-vor-scheidung\/wp-json\/wp\/v2\/users\/8"}],"replies":[{"embeddable":true,"href":"https:\/\/trennungundscheidung.web-email.at\/elternberatung-vor-scheidung\/wp-json\/wp\/v2\/comments?post=177"}],"version-history":[{"count":2,"href":"https:\/\/trennungundscheidung.web-email.at\/elternberatung-vor-scheidung\/wp-json\/wp\/v2\/pages\/177\/revisions"}],"predecessor-version":[{"id":269,"href":"https:\/\/trennungundscheidung.web-email.at\/elternberatung-vor-scheidung\/wp-json\/wp\/v2\/pages\/177\/revisions\/269"}],"up":[{"embeddable":true,"href":"https:\/\/trennungundscheidung.web-email.at\/elternberatung-vor-scheidung\/wp-json\/wp\/v2\/pages\/10"}],"wp:attachment":[{"href":"https:\/\/trennungundscheidung.web-email.at\/elternberatung-vor-scheidung\/wp-json\/wp\/v2\/media?parent=177"}],"curies":[{"name":"wp","href":"https:\/\/api.w.org\/{rel}","templated":true}]}}