{"id":187,"date":"2017-12-05T09:59:45","date_gmt":"2017-12-05T08:59:45","guid":{"rendered":"https:\/\/trennungundscheidung.web-email.at\/elternberatung-vor-scheidung\/?page_id=187"},"modified":"2017-12-07T07:47:16","modified_gmt":"2017-12-07T06:47:16","slug":"schwedisch-svenska","status":"publish","type":"page","link":"https:\/\/trennungundscheidung.web-email.at\/elternberatung-vor-scheidung\/beratung-vor-einvernehmlicher-scheidung-gemaess-%c2%a7-95-abs-1a-aussstrg\/schwedisch-svenska\/","title":{"rendered":"Schwedisch (Svenska)"},"content":{"rendered":"<p><img loading=\"lazy\" decoding=\"async\" class=\"alignnone size-full wp-image-107\" src=\"https:\/\/trennungundscheidung.web-email.at\/elternberatung-vor-scheidung\/wp-content\/uploads\/sites\/3\/2017\/12\/schwedisch_svenska.jpg\" alt=\"schwedisch - svenska\" width=\"50\" height=\"32\" \/><\/p>\n<p>R\u00e5dgivning f\u00f6r f\u00f6r\u00e4ldrar som skiljer sej i samf\u00f6rst\u00e5nd<\/p>\n<p>R\u00e5dgivning f\u00f6r f\u00f6r\u00e4ldrar efter \u00a7 95 (f\u00f6rsta meningen 1a,) Ausserstreitgesetz, r\u00e5dgivningen g\u00e4ller f\u00f6r f\u00f6r\u00e4ldrar med barn som \u00e4r under 18 \u00e5r. Denna r\u00e5dgivning \u00e4r till f\u00f6r att f\u00f6r\u00e4ldrar ska f\u00f6rst\u00e5 och tillvarata barns behov.<\/p>\n<p>2013 genomf\u00f6rdes en lag\u00e4ndring om barns r\u00e4ttigheter och r\u00e4ttigheterna att \u00e4ndra namn. D\u00e5 blev det \u00e4ven lag p\u00e5 att \u201dn\u00e4r ett gift par skiljer sej och \u00e4r eniga i bodelningen och vem som har v\u00e5rdnaden om barnen, s\u00e5 m\u00e5ste paret visa upp en bekr\u00e4ftelse p\u00e5 att f\u00f6r\u00e4ldrarna har varit p\u00e5 r\u00e5dgivning vad g\u00e4ller barns behov som kan uppst\u00e5 vid en skilsm\u00e4ssa. R\u00e5dgivningen ska ske av en person eller instutition som \u00e4r l\u00e4mpad f\u00f6r r\u00e5dgivning\u201c.<\/p>\n<p>Det betyder att det \u00e4r lag p\u00e5 att alla f\u00f6r\u00e4ldrar i \u00d6sterrike, som str\u00e4var efter en skilsm\u00e4ssa d\u00e4r paret \u00e4r eniga i bodelningen och v\u00e5rdnaden om barnen, m\u00e5ste g\u00e5 p\u00e5 ett r\u00e5dgivningssamtal d\u00e4r paret f\u00e5r information om vilka f\u00f6ljder det har f\u00f6r barn n\u00e4r f\u00f6r\u00e4ldrar skiljer sej. Det skriftliga dokumentet m\u00e5ste l\u00e4mnas in till domstol den dag skilsm\u00e4ssan tr\u00e4der i kraft.<\/p>\n<p>Vid denna r\u00e5dgivning l\u00e4ggs fokus p\u00e5 barnens behov, vad g\u00e4ller v\u00e5rdnaden om barnen, barnens intressen och vad som \u00e4r bra f\u00f6r barnen . F\u00f6r\u00e4ldrarna ska vara \u00f6verens om vem som ska ha v\u00e5rdnaden om barnen och medvetna om vad som kan leda till konflikt mellan f\u00f6r\u00e4ldrarna.<\/p>\n<p>Du hittar alla auktoriserade r\u00e5dgivare i hela \u00d6sterrike p\u00e5 \u201eListe der anerkannten Beraterinnen und Berater\u201c. Alla r\u00e5dgivare och deras tj\u00e4nster har blivit kontrollerade och \u00e4r underst\u00e4llda \u00d6sterrikes kvalitets standard och dessa r\u00e5dgivare kan rekomenderas f\u00f6r r\u00e5dgivning vid skilsm\u00e4ssa i samf\u00f6rst\u00e5nd.<\/p>\n<p><a href=\"https:\/\/trennungundscheidung.web-email.at\/elternberatung-vor-scheidung\/berater\/?tus_language=10\">Beraterliste<\/a><\/p>\n","protected":false},"excerpt":{"rendered":"<p>R\u00e5dgivning f\u00f6r f\u00f6r\u00e4ldrar som skiljer sej i samf\u00f6rst\u00e5nd R\u00e5dgivning f\u00f6r f\u00f6r\u00e4ldrar efter \u00a7 95 (f\u00f6rsta meningen 1a,) Ausserstreitgesetz, r\u00e5dgivningen g\u00e4ller f\u00f6r f\u00f6r\u00e4ldrar med barn som \u00e4r under 18 \u00e5r. Denna r\u00e5dgivning \u00e4r till f\u00f6r att f\u00f6r\u00e4ldrar ska f\u00f6rst\u00e5 och tillvarata barns behov. 2013 genomf\u00f6rdes en lag\u00e4ndring om barns r\u00e4ttigheter och r\u00e4ttigheterna att \u00e4ndra namn. D\u00e5 [&hellip;]<\/p>\n","protected":false},"author":8,"featured_media":0,"parent":10,"menu_order":0,"comment_status":"closed","ping_status":"closed","template":"","meta":{"_acf_changed":false,"footnotes":""},"class_list":["post-187","page","type-page","status-publish","hentry"],"acf":[],"yoast_head":"<!-- This site is optimized with the Yoast SEO plugin v26.9 - https:\/\/yoast.com\/product\/yoast-seo-wordpress\/ -->\n<title>Schwedisch (Svenska) - Elternberatung vor Scheidung nach \u00a7 95<\/title>\n<meta name=\"robots\" content=\"index, follow, max-snippet:-1, max-image-preview:large, max-video-preview:-1\" \/>\n<link rel=\"canonical\" href=\"https:\/\/trennungundscheidung.web-email.at\/elternberatung-vor-scheidung\/beratung-vor-einvernehmlicher-scheidung-gemaess-\u00a7-95-abs-1a-aussstrg\/schwedisch-svenska\/\" \/>\n<meta property=\"og:locale\" content=\"de_DE\" \/>\n<meta property=\"og:type\" content=\"article\" \/>\n<meta property=\"og:title\" content=\"Schwedisch (Svenska) - Elternberatung vor Scheidung nach \u00a7 95\" \/>\n<meta property=\"og:description\" content=\"R\u00e5dgivning f\u00f6r f\u00f6r\u00e4ldrar som skiljer sej i samf\u00f6rst\u00e5nd R\u00e5dgivning f\u00f6r f\u00f6r\u00e4ldrar efter \u00a7 95 (f\u00f6rsta meningen 1a,) Ausserstreitgesetz, r\u00e5dgivningen g\u00e4ller f\u00f6r f\u00f6r\u00e4ldrar med barn som \u00e4r under 18 \u00e5r. Denna r\u00e5dgivning \u00e4r till f\u00f6r att f\u00f6r\u00e4ldrar ska f\u00f6rst\u00e5 och tillvarata barns behov. 2013 genomf\u00f6rdes en lag\u00e4ndring om barns r\u00e4ttigheter och r\u00e4ttigheterna att \u00e4ndra namn. D\u00e5 [&hellip;]\" \/>\n<meta property=\"og:url\" content=\"https:\/\/trennungundscheidung.web-email.at\/elternberatung-vor-scheidung\/beratung-vor-einvernehmlicher-scheidung-gemaess-\u00a7-95-abs-1a-aussstrg\/schwedisch-svenska\/\" \/>\n<meta property=\"og:site_name\" content=\"Elternberatung vor Scheidung nach \u00a7 95\" \/>\n<meta property=\"article:modified_time\" content=\"2017-12-07T06:47:16+00:00\" \/>\n<meta property=\"og:image\" content=\"https:\/\/trennungundscheidung.web-email.at\/elternberatung-vor-scheidung\/wp-content\/uploads\/sites\/3\/2017\/12\/schwedisch_svenska.jpg\" \/>\n<meta name=\"twitter:card\" content=\"summary_large_image\" \/>\n<meta name=\"twitter:label1\" content=\"Gesch\u00e4tzte Lesezeit\" \/>\n\t<meta name=\"twitter:data1\" content=\"2\u00a0Minuten\" \/>\n<script type=\"application\/ld+json\" class=\"yoast-schema-graph\">{\"@context\":\"https:\/\/schema.org\",\"@graph\":[{\"@type\":\"WebPage\",\"@id\":\"https:\/\/trennungundscheidung.web-email.at\/elternberatung-vor-scheidung\/beratung-vor-einvernehmlicher-scheidung-gemaess-%c2%a7-95-abs-1a-aussstrg\/schwedisch-svenska\/\",\"url\":\"https:\/\/trennungundscheidung.web-email.at\/elternberatung-vor-scheidung\/beratung-vor-einvernehmlicher-scheidung-gemaess-%c2%a7-95-abs-1a-aussstrg\/schwedisch-svenska\/\",\"name\":\"Schwedisch (Svenska) - Elternberatung vor Scheidung nach \u00a7 95\",\"isPartOf\":{\"@id\":\"https:\/\/trennungundscheidung.web-email.at\/elternberatung-vor-scheidung\/#website\"},\"primaryImageOfPage\":{\"@id\":\"https:\/\/trennungundscheidung.web-email.at\/elternberatung-vor-scheidung\/beratung-vor-einvernehmlicher-scheidung-gemaess-%c2%a7-95-abs-1a-aussstrg\/schwedisch-svenska\/#primaryimage\"},\"image\":{\"@id\":\"https:\/\/trennungundscheidung.web-email.at\/elternberatung-vor-scheidung\/beratung-vor-einvernehmlicher-scheidung-gemaess-%c2%a7-95-abs-1a-aussstrg\/schwedisch-svenska\/#primaryimage\"},\"thumbnailUrl\":\"https:\/\/trennungundscheidung.web-email.at\/elternberatung-vor-scheidung\/wp-content\/uploads\/sites\/3\/2017\/12\/schwedisch_svenska.jpg\",\"datePublished\":\"2017-12-05T08:59:45+00:00\",\"dateModified\":\"2017-12-07T06:47:16+00:00\",\"breadcrumb\":{\"@id\":\"https:\/\/trennungundscheidung.web-email.at\/elternberatung-vor-scheidung\/beratung-vor-einvernehmlicher-scheidung-gemaess-%c2%a7-95-abs-1a-aussstrg\/schwedisch-svenska\/#breadcrumb\"},\"inLanguage\":\"de\",\"potentialAction\":[{\"@type\":\"ReadAction\",\"target\":[\"https:\/\/trennungundscheidung.web-email.at\/elternberatung-vor-scheidung\/beratung-vor-einvernehmlicher-scheidung-gemaess-%c2%a7-95-abs-1a-aussstrg\/schwedisch-svenska\/\"]}]},{\"@type\":\"ImageObject\",\"inLanguage\":\"de\",\"@id\":\"https:\/\/trennungundscheidung.web-email.at\/elternberatung-vor-scheidung\/beratung-vor-einvernehmlicher-scheidung-gemaess-%c2%a7-95-abs-1a-aussstrg\/schwedisch-svenska\/#primaryimage\",\"url\":\"https:\/\/trennungundscheidung.web-email.at\/elternberatung-vor-scheidung\/wp-content\/uploads\/sites\/3\/2017\/12\/schwedisch_svenska.jpg\",\"contentUrl\":\"https:\/\/trennungundscheidung.web-email.at\/elternberatung-vor-scheidung\/wp-content\/uploads\/sites\/3\/2017\/12\/schwedisch_svenska.jpg\",\"width\":50,\"height\":32,\"caption\":\"schwedisch - svenska\"},{\"@type\":\"BreadcrumbList\",\"@id\":\"https:\/\/trennungundscheidung.web-email.at\/elternberatung-vor-scheidung\/beratung-vor-einvernehmlicher-scheidung-gemaess-%c2%a7-95-abs-1a-aussstrg\/schwedisch-svenska\/#breadcrumb\",\"itemListElement\":[{\"@type\":\"ListItem\",\"position\":1,\"name\":\"Home\",\"item\":\"https:\/\/trennungundscheidung.web-email.at\/elternberatung-vor-scheidung\/\"},{\"@type\":\"ListItem\",\"position\":2,\"name\":\"Beratung vor einvernehmlicher Scheidung gem\u00e4\u00df \u00a7 95 Abs. 1a Au\u00dfStrG\",\"item\":\"https:\/\/trennungundscheidung.web-email.at\/elternberatung-vor-scheidung\/\"},{\"@type\":\"ListItem\",\"position\":3,\"name\":\"Schwedisch (Svenska)\"}]},{\"@type\":\"WebSite\",\"@id\":\"https:\/\/trennungundscheidung.web-email.at\/elternberatung-vor-scheidung\/#website\",\"url\":\"https:\/\/trennungundscheidung.web-email.at\/elternberatung-vor-scheidung\/\",\"name\":\"Elternberatung vor Scheidung nach \u00a7 95\",\"description\":\"\",\"potentialAction\":[{\"@type\":\"SearchAction\",\"target\":{\"@type\":\"EntryPoint\",\"urlTemplate\":\"https:\/\/trennungundscheidung.web-email.at\/elternberatung-vor-scheidung\/?s={search_term_string}\"},\"query-input\":{\"@type\":\"PropertyValueSpecification\",\"valueRequired\":true,\"valueName\":\"search_term_string\"}}],\"inLanguage\":\"de\"}]}<\/script>\n<!-- \/ Yoast SEO plugin. -->","yoast_head_json":{"title":"Schwedisch (Svenska) - Elternberatung vor Scheidung nach \u00a7 95","robots":{"index":"index","follow":"follow","max-snippet":"max-snippet:-1","max-image-preview":"max-image-preview:large","max-video-preview":"max-video-preview:-1"},"canonical":"https:\/\/trennungundscheidung.web-email.at\/elternberatung-vor-scheidung\/beratung-vor-einvernehmlicher-scheidung-gemaess-\u00a7-95-abs-1a-aussstrg\/schwedisch-svenska\/","og_locale":"de_DE","og_type":"article","og_title":"Schwedisch (Svenska) - Elternberatung vor Scheidung nach \u00a7 95","og_description":"R\u00e5dgivning f\u00f6r f\u00f6r\u00e4ldrar som skiljer sej i samf\u00f6rst\u00e5nd R\u00e5dgivning f\u00f6r f\u00f6r\u00e4ldrar efter \u00a7 95 (f\u00f6rsta meningen 1a,) Ausserstreitgesetz, r\u00e5dgivningen g\u00e4ller f\u00f6r f\u00f6r\u00e4ldrar med barn som \u00e4r under 18 \u00e5r. Denna r\u00e5dgivning \u00e4r till f\u00f6r att f\u00f6r\u00e4ldrar ska f\u00f6rst\u00e5 och tillvarata barns behov. 2013 genomf\u00f6rdes en lag\u00e4ndring om barns r\u00e4ttigheter och r\u00e4ttigheterna att \u00e4ndra namn. D\u00e5 [&hellip;]","og_url":"https:\/\/trennungundscheidung.web-email.at\/elternberatung-vor-scheidung\/beratung-vor-einvernehmlicher-scheidung-gemaess-\u00a7-95-abs-1a-aussstrg\/schwedisch-svenska\/","og_site_name":"Elternberatung vor Scheidung nach \u00a7 95","article_modified_time":"2017-12-07T06:47:16+00:00","og_image":[{"url":"https:\/\/trennungundscheidung.web-email.at\/elternberatung-vor-scheidung\/wp-content\/uploads\/sites\/3\/2017\/12\/schwedisch_svenska.jpg","type":"","width":"","height":""}],"twitter_card":"summary_large_image","twitter_misc":{"Gesch\u00e4tzte Lesezeit":"2\u00a0Minuten"},"schema":{"@context":"https:\/\/schema.org","@graph":[{"@type":"WebPage","@id":"https:\/\/trennungundscheidung.web-email.at\/elternberatung-vor-scheidung\/beratung-vor-einvernehmlicher-scheidung-gemaess-%c2%a7-95-abs-1a-aussstrg\/schwedisch-svenska\/","url":"https:\/\/trennungundscheidung.web-email.at\/elternberatung-vor-scheidung\/beratung-vor-einvernehmlicher-scheidung-gemaess-%c2%a7-95-abs-1a-aussstrg\/schwedisch-svenska\/","name":"Schwedisch (Svenska) - Elternberatung vor Scheidung nach \u00a7 95","isPartOf":{"@id":"https:\/\/trennungundscheidung.web-email.at\/elternberatung-vor-scheidung\/#website"},"primaryImageOfPage":{"@id":"https:\/\/trennungundscheidung.web-email.at\/elternberatung-vor-scheidung\/beratung-vor-einvernehmlicher-scheidung-gemaess-%c2%a7-95-abs-1a-aussstrg\/schwedisch-svenska\/#primaryimage"},"image":{"@id":"https:\/\/trennungundscheidung.web-email.at\/elternberatung-vor-scheidung\/beratung-vor-einvernehmlicher-scheidung-gemaess-%c2%a7-95-abs-1a-aussstrg\/schwedisch-svenska\/#primaryimage"},"thumbnailUrl":"https:\/\/trennungundscheidung.web-email.at\/elternberatung-vor-scheidung\/wp-content\/uploads\/sites\/3\/2017\/12\/schwedisch_svenska.jpg","datePublished":"2017-12-05T08:59:45+00:00","dateModified":"2017-12-07T06:47:16+00:00","breadcrumb":{"@id":"https:\/\/trennungundscheidung.web-email.at\/elternberatung-vor-scheidung\/beratung-vor-einvernehmlicher-scheidung-gemaess-%c2%a7-95-abs-1a-aussstrg\/schwedisch-svenska\/#breadcrumb"},"inLanguage":"de","potentialAction":[{"@type":"ReadAction","target":["https:\/\/trennungundscheidung.web-email.at\/elternberatung-vor-scheidung\/beratung-vor-einvernehmlicher-scheidung-gemaess-%c2%a7-95-abs-1a-aussstrg\/schwedisch-svenska\/"]}]},{"@type":"ImageObject","inLanguage":"de","@id":"https:\/\/trennungundscheidung.web-email.at\/elternberatung-vor-scheidung\/beratung-vor-einvernehmlicher-scheidung-gemaess-%c2%a7-95-abs-1a-aussstrg\/schwedisch-svenska\/#primaryimage","url":"https:\/\/trennungundscheidung.web-email.at\/elternberatung-vor-scheidung\/wp-content\/uploads\/sites\/3\/2017\/12\/schwedisch_svenska.jpg","contentUrl":"https:\/\/trennungundscheidung.web-email.at\/elternberatung-vor-scheidung\/wp-content\/uploads\/sites\/3\/2017\/12\/schwedisch_svenska.jpg","width":50,"height":32,"caption":"schwedisch - svenska"},{"@type":"BreadcrumbList","@id":"https:\/\/trennungundscheidung.web-email.at\/elternberatung-vor-scheidung\/beratung-vor-einvernehmlicher-scheidung-gemaess-%c2%a7-95-abs-1a-aussstrg\/schwedisch-svenska\/#breadcrumb","itemListElement":[{"@type":"ListItem","position":1,"name":"Home","item":"https:\/\/trennungundscheidung.web-email.at\/elternberatung-vor-scheidung\/"},{"@type":"ListItem","position":2,"name":"Beratung vor einvernehmlicher Scheidung gem\u00e4\u00df \u00a7 95 Abs. 1a Au\u00dfStrG","item":"https:\/\/trennungundscheidung.web-email.at\/elternberatung-vor-scheidung\/"},{"@type":"ListItem","position":3,"name":"Schwedisch (Svenska)"}]},{"@type":"WebSite","@id":"https:\/\/trennungundscheidung.web-email.at\/elternberatung-vor-scheidung\/#website","url":"https:\/\/trennungundscheidung.web-email.at\/elternberatung-vor-scheidung\/","name":"Elternberatung vor Scheidung nach \u00a7 95","description":"","potentialAction":[{"@type":"SearchAction","target":{"@type":"EntryPoint","urlTemplate":"https:\/\/trennungundscheidung.web-email.at\/elternberatung-vor-scheidung\/?s={search_term_string}"},"query-input":{"@type":"PropertyValueSpecification","valueRequired":true,"valueName":"search_term_string"}}],"inLanguage":"de"}]}},"_links":{"self":[{"href":"https:\/\/trennungundscheidung.web-email.at\/elternberatung-vor-scheidung\/wp-json\/wp\/v2\/pages\/187","targetHints":{"allow":["GET"]}}],"collection":[{"href":"https:\/\/trennungundscheidung.web-email.at\/elternberatung-vor-scheidung\/wp-json\/wp\/v2\/pages"}],"about":[{"href":"https:\/\/trennungundscheidung.web-email.at\/elternberatung-vor-scheidung\/wp-json\/wp\/v2\/types\/page"}],"author":[{"embeddable":true,"href":"https:\/\/trennungundscheidung.web-email.at\/elternberatung-vor-scheidung\/wp-json\/wp\/v2\/users\/8"}],"replies":[{"embeddable":true,"href":"https:\/\/trennungundscheidung.web-email.at\/elternberatung-vor-scheidung\/wp-json\/wp\/v2\/comments?post=187"}],"version-history":[{"count":2,"href":"https:\/\/trennungundscheidung.web-email.at\/elternberatung-vor-scheidung\/wp-json\/wp\/v2\/pages\/187\/revisions"}],"predecessor-version":[{"id":254,"href":"https:\/\/trennungundscheidung.web-email.at\/elternberatung-vor-scheidung\/wp-json\/wp\/v2\/pages\/187\/revisions\/254"}],"up":[{"embeddable":true,"href":"https:\/\/trennungundscheidung.web-email.at\/elternberatung-vor-scheidung\/wp-json\/wp\/v2\/pages\/10"}],"wp:attachment":[{"href":"https:\/\/trennungundscheidung.web-email.at\/elternberatung-vor-scheidung\/wp-json\/wp\/v2\/media?parent=187"}],"curies":[{"name":"wp","href":"https:\/\/api.w.org\/{rel}","templated":true}]}}