{"id":192,"date":"2017-12-05T10:02:58","date_gmt":"2017-12-05T09:02:58","guid":{"rendered":"https:\/\/trennungundscheidung.web-email.at\/elternberatung-vor-scheidung\/?page_id=192"},"modified":"2017-12-07T07:42:34","modified_gmt":"2017-12-07T06:42:34","slug":"slowakisch-slovencina","status":"publish","type":"page","link":"https:\/\/trennungundscheidung.web-email.at\/elternberatung-vor-scheidung\/beratung-vor-einvernehmlicher-scheidung-gemaess-%c2%a7-95-abs-1a-aussstrg\/slowakisch-slovencina\/","title":{"rendered":"Slowakisch (Sloven\u010dina)"},"content":{"rendered":"<p><img loading=\"lazy\" decoding=\"async\" class=\"alignnone size-full wp-image-108\" src=\"https:\/\/trennungundscheidung.web-email.at\/elternberatung-vor-scheidung\/wp-content\/uploads\/sites\/3\/2017\/12\/slowakisch_slovencina.png\" alt=\"slowakisch - sloven\u010dina\" width=\"50\" height=\"32\" \/><\/p>\n<p>Sporadenstvo rodi\u010dov pred rozvodom dohodou<\/p>\n<p>Poradentstvo rodi\u010dov pod\u013ea \u00a7 95 Abs. 1a Au\u00dfStrG o \u0161pecifick\u00fdch potreb\u00e1ch ich malolet\u00fdch det\u00ed pri rozvode.<\/p>\n<p>Od platnosti Z\u00e1kona o vz\u0165ahu det\u00ed k rodi\u010dom a pr\u00e1va na zmenu mena 2013 (Kindschafts- und Namensrechts\u00e4nderungs-Gesetz 2013) s\u00fa rodi\u010dia stojaci pred \u00fapravou d\u00f4sledkov rozvodu na s\u00fade, povinn\u00ed absolvova\u0165 poradenstvo \u201eo \u0161pecifick\u00fdch potreb\u00e1ch ich malolet\u00fdch det\u00ed, vzniknut\u00fdch d\u00f4sledkom rozvodu. Poradca mus\u00ed by\u0165 vhodn\u00e1 osoba alebo zariadenie\u201c (\u00a7 95 Abs. 1a Au\u00dfStrG).<\/p>\n<p>T\u00fdm sa maj\u00fa v procese stanovenia poru\u010dn\u00edka a v s\u00fadom ur\u010den\u00e9ho zverenia do starostlivosti d\u00f4razne postavi\u0165 do popredia potreby, z\u00e1ujmy a blaho die\u0165a\u0165a a to i v pr\u00edpade mo\u017en\u00fdch konfliktov pri stret\u00e1van\u00ed sa s die\u0165a\u0165om.<\/p>\n<p>To znamen\u00e1, \u017ee v\u0161etky p\u00e1ry v Rak\u00fasku, ktor\u00e9 sa sna\u017eia o rozvod dohodou, s\u00fa zo z\u00e1kona povinn\u00e9 konzultova\u0165 s poradcom d\u00f4sledky rozvodu pre malolet\u00e9 die\u0165a a s\u00fadu dolo\u017ei\u0165 potvrdenie o absolvovan\u00ed poradenstva.<\/p>\n<p>Zoznam uznan\u00fdch poradcov pod\u013ea \u00a7 95 Abs. 1a Au\u00dfStrG<\/p>\n<p>Tu uveden\u00ed poradcovia a poradkyne s\u00fa uznan\u00ed k vykon\u00e1vaniu povinn\u00e9ho \u201ePoradenstva pred rozvodom dohodou\u201c na z\u00e1klade \u0160tandardov kvality vr\u00e1tane odpor\u00fa\u010dan\u00ed pod\u013ea \u00a7 95 Abs. 1a Au\u00dfStrG.<\/p>\n<p>Vyh\u013ead\u00e1vanie je mo\u017en\u00e9 pod\u013ea miesta, re\u010di a mena poradcu\/poradkyne\u00a0 alebo zariadenia. Zoznam m\u00e1 by\u0165 len orienta\u010dnou pomocou pre rodi\u010dov pri h\u013eadan\u00ed; sudcovia a sudkyne m\u00f4\u017eu na z\u00e1klade vlastn\u00fdch predst\u00e1v opr\u00e1vni\u0165 aj in\u00fdch poradcov ako uznan\u00fdch na prevedenie poradenstva v zmysle \u00a7 95 Abs. 1a Au\u00dfStr.<\/p>\n<p><a href=\"https:\/\/trennungundscheidung.web-email.at\/elternberatung-vor-scheidung\/berater\/?tus_language=4\">Beraterliste<\/a><\/p>\n","protected":false},"excerpt":{"rendered":"<p>Sporadenstvo rodi\u010dov pred rozvodom dohodou Poradentstvo rodi\u010dov pod\u013ea \u00a7 95 Abs. 1a Au\u00dfStrG o \u0161pecifick\u00fdch potreb\u00e1ch ich malolet\u00fdch det\u00ed pri rozvode. Od platnosti Z\u00e1kona o vz\u0165ahu det\u00ed k rodi\u010dom a pr\u00e1va na zmenu mena 2013 (Kindschafts- und Namensrechts\u00e4nderungs-Gesetz 2013) s\u00fa rodi\u010dia stojaci pred \u00fapravou d\u00f4sledkov rozvodu na s\u00fade, povinn\u00ed absolvova\u0165 poradenstvo \u201eo \u0161pecifick\u00fdch potreb\u00e1ch ich [&hellip;]<\/p>\n","protected":false},"author":8,"featured_media":0,"parent":10,"menu_order":0,"comment_status":"closed","ping_status":"closed","template":"","meta":{"_acf_changed":false,"footnotes":""},"class_list":["post-192","page","type-page","status-publish","hentry"],"acf":[],"yoast_head":"<!-- This site is optimized with the Yoast SEO plugin v26.9 - https:\/\/yoast.com\/product\/yoast-seo-wordpress\/ -->\n<title>Slowakisch (Sloven\u010dina) - Elternberatung vor Scheidung nach \u00a7 95<\/title>\n<meta name=\"robots\" content=\"index, follow, max-snippet:-1, max-image-preview:large, max-video-preview:-1\" \/>\n<link rel=\"canonical\" href=\"https:\/\/trennungundscheidung.web-email.at\/elternberatung-vor-scheidung\/beratung-vor-einvernehmlicher-scheidung-gemaess-\u00a7-95-abs-1a-aussstrg\/slowakisch-slovencina\/\" \/>\n<meta property=\"og:locale\" content=\"de_DE\" \/>\n<meta property=\"og:type\" content=\"article\" \/>\n<meta property=\"og:title\" content=\"Slowakisch (Sloven\u010dina) - Elternberatung vor Scheidung nach \u00a7 95\" \/>\n<meta property=\"og:description\" content=\"Sporadenstvo rodi\u010dov pred rozvodom dohodou Poradentstvo rodi\u010dov pod\u013ea \u00a7 95 Abs. 1a Au\u00dfStrG o \u0161pecifick\u00fdch potreb\u00e1ch ich malolet\u00fdch det\u00ed pri rozvode. Od platnosti Z\u00e1kona o vz\u0165ahu det\u00ed k rodi\u010dom a pr\u00e1va na zmenu mena 2013 (Kindschafts- und Namensrechts\u00e4nderungs-Gesetz 2013) s\u00fa rodi\u010dia stojaci pred \u00fapravou d\u00f4sledkov rozvodu na s\u00fade, povinn\u00ed absolvova\u0165 poradenstvo \u201eo \u0161pecifick\u00fdch potreb\u00e1ch ich [&hellip;]\" \/>\n<meta property=\"og:url\" content=\"https:\/\/trennungundscheidung.web-email.at\/elternberatung-vor-scheidung\/beratung-vor-einvernehmlicher-scheidung-gemaess-\u00a7-95-abs-1a-aussstrg\/slowakisch-slovencina\/\" \/>\n<meta property=\"og:site_name\" content=\"Elternberatung vor Scheidung nach \u00a7 95\" \/>\n<meta property=\"article:modified_time\" content=\"2017-12-07T06:42:34+00:00\" \/>\n<meta property=\"og:image\" content=\"https:\/\/trennungundscheidung.web-email.at\/elternberatung-vor-scheidung\/wp-content\/uploads\/sites\/3\/2017\/12\/slowakisch_slovencina.png\" \/>\n<meta name=\"twitter:card\" content=\"summary_large_image\" \/>\n<meta name=\"twitter:label1\" content=\"Gesch\u00e4tzte Lesezeit\" \/>\n\t<meta name=\"twitter:data1\" content=\"1\u00a0Minute\" \/>\n<script type=\"application\/ld+json\" class=\"yoast-schema-graph\">{\"@context\":\"https:\/\/schema.org\",\"@graph\":[{\"@type\":\"WebPage\",\"@id\":\"https:\/\/trennungundscheidung.web-email.at\/elternberatung-vor-scheidung\/beratung-vor-einvernehmlicher-scheidung-gemaess-%c2%a7-95-abs-1a-aussstrg\/slowakisch-slovencina\/\",\"url\":\"https:\/\/trennungundscheidung.web-email.at\/elternberatung-vor-scheidung\/beratung-vor-einvernehmlicher-scheidung-gemaess-%c2%a7-95-abs-1a-aussstrg\/slowakisch-slovencina\/\",\"name\":\"Slowakisch (Sloven\u010dina) - Elternberatung vor Scheidung nach \u00a7 95\",\"isPartOf\":{\"@id\":\"https:\/\/trennungundscheidung.web-email.at\/elternberatung-vor-scheidung\/#website\"},\"primaryImageOfPage\":{\"@id\":\"https:\/\/trennungundscheidung.web-email.at\/elternberatung-vor-scheidung\/beratung-vor-einvernehmlicher-scheidung-gemaess-%c2%a7-95-abs-1a-aussstrg\/slowakisch-slovencina\/#primaryimage\"},\"image\":{\"@id\":\"https:\/\/trennungundscheidung.web-email.at\/elternberatung-vor-scheidung\/beratung-vor-einvernehmlicher-scheidung-gemaess-%c2%a7-95-abs-1a-aussstrg\/slowakisch-slovencina\/#primaryimage\"},\"thumbnailUrl\":\"https:\/\/trennungundscheidung.web-email.at\/elternberatung-vor-scheidung\/wp-content\/uploads\/sites\/3\/2017\/12\/slowakisch_slovencina.png\",\"datePublished\":\"2017-12-05T09:02:58+00:00\",\"dateModified\":\"2017-12-07T06:42:34+00:00\",\"breadcrumb\":{\"@id\":\"https:\/\/trennungundscheidung.web-email.at\/elternberatung-vor-scheidung\/beratung-vor-einvernehmlicher-scheidung-gemaess-%c2%a7-95-abs-1a-aussstrg\/slowakisch-slovencina\/#breadcrumb\"},\"inLanguage\":\"de\",\"potentialAction\":[{\"@type\":\"ReadAction\",\"target\":[\"https:\/\/trennungundscheidung.web-email.at\/elternberatung-vor-scheidung\/beratung-vor-einvernehmlicher-scheidung-gemaess-%c2%a7-95-abs-1a-aussstrg\/slowakisch-slovencina\/\"]}]},{\"@type\":\"ImageObject\",\"inLanguage\":\"de\",\"@id\":\"https:\/\/trennungundscheidung.web-email.at\/elternberatung-vor-scheidung\/beratung-vor-einvernehmlicher-scheidung-gemaess-%c2%a7-95-abs-1a-aussstrg\/slowakisch-slovencina\/#primaryimage\",\"url\":\"https:\/\/trennungundscheidung.web-email.at\/elternberatung-vor-scheidung\/wp-content\/uploads\/sites\/3\/2017\/12\/slowakisch_slovencina.png\",\"contentUrl\":\"https:\/\/trennungundscheidung.web-email.at\/elternberatung-vor-scheidung\/wp-content\/uploads\/sites\/3\/2017\/12\/slowakisch_slovencina.png\",\"width\":50,\"height\":32,\"caption\":\"slowakisch - sloven\u010dina\"},{\"@type\":\"BreadcrumbList\",\"@id\":\"https:\/\/trennungundscheidung.web-email.at\/elternberatung-vor-scheidung\/beratung-vor-einvernehmlicher-scheidung-gemaess-%c2%a7-95-abs-1a-aussstrg\/slowakisch-slovencina\/#breadcrumb\",\"itemListElement\":[{\"@type\":\"ListItem\",\"position\":1,\"name\":\"Home\",\"item\":\"https:\/\/trennungundscheidung.web-email.at\/elternberatung-vor-scheidung\/\"},{\"@type\":\"ListItem\",\"position\":2,\"name\":\"Beratung vor einvernehmlicher Scheidung gem\u00e4\u00df \u00a7 95 Abs. 1a Au\u00dfStrG\",\"item\":\"https:\/\/trennungundscheidung.web-email.at\/elternberatung-vor-scheidung\/\"},{\"@type\":\"ListItem\",\"position\":3,\"name\":\"Slowakisch (Sloven\u010dina)\"}]},{\"@type\":\"WebSite\",\"@id\":\"https:\/\/trennungundscheidung.web-email.at\/elternberatung-vor-scheidung\/#website\",\"url\":\"https:\/\/trennungundscheidung.web-email.at\/elternberatung-vor-scheidung\/\",\"name\":\"Elternberatung vor Scheidung nach \u00a7 95\",\"description\":\"\",\"potentialAction\":[{\"@type\":\"SearchAction\",\"target\":{\"@type\":\"EntryPoint\",\"urlTemplate\":\"https:\/\/trennungundscheidung.web-email.at\/elternberatung-vor-scheidung\/?s={search_term_string}\"},\"query-input\":{\"@type\":\"PropertyValueSpecification\",\"valueRequired\":true,\"valueName\":\"search_term_string\"}}],\"inLanguage\":\"de\"}]}<\/script>\n<!-- \/ Yoast SEO plugin. -->","yoast_head_json":{"title":"Slowakisch (Sloven\u010dina) - Elternberatung vor Scheidung nach \u00a7 95","robots":{"index":"index","follow":"follow","max-snippet":"max-snippet:-1","max-image-preview":"max-image-preview:large","max-video-preview":"max-video-preview:-1"},"canonical":"https:\/\/trennungundscheidung.web-email.at\/elternberatung-vor-scheidung\/beratung-vor-einvernehmlicher-scheidung-gemaess-\u00a7-95-abs-1a-aussstrg\/slowakisch-slovencina\/","og_locale":"de_DE","og_type":"article","og_title":"Slowakisch (Sloven\u010dina) - Elternberatung vor Scheidung nach \u00a7 95","og_description":"Sporadenstvo rodi\u010dov pred rozvodom dohodou Poradentstvo rodi\u010dov pod\u013ea \u00a7 95 Abs. 1a Au\u00dfStrG o \u0161pecifick\u00fdch potreb\u00e1ch ich malolet\u00fdch det\u00ed pri rozvode. Od platnosti Z\u00e1kona o vz\u0165ahu det\u00ed k rodi\u010dom a pr\u00e1va na zmenu mena 2013 (Kindschafts- und Namensrechts\u00e4nderungs-Gesetz 2013) s\u00fa rodi\u010dia stojaci pred \u00fapravou d\u00f4sledkov rozvodu na s\u00fade, povinn\u00ed absolvova\u0165 poradenstvo \u201eo \u0161pecifick\u00fdch potreb\u00e1ch ich [&hellip;]","og_url":"https:\/\/trennungundscheidung.web-email.at\/elternberatung-vor-scheidung\/beratung-vor-einvernehmlicher-scheidung-gemaess-\u00a7-95-abs-1a-aussstrg\/slowakisch-slovencina\/","og_site_name":"Elternberatung vor Scheidung nach \u00a7 95","article_modified_time":"2017-12-07T06:42:34+00:00","og_image":[{"url":"https:\/\/trennungundscheidung.web-email.at\/elternberatung-vor-scheidung\/wp-content\/uploads\/sites\/3\/2017\/12\/slowakisch_slovencina.png","type":"","width":"","height":""}],"twitter_card":"summary_large_image","twitter_misc":{"Gesch\u00e4tzte Lesezeit":"1\u00a0Minute"},"schema":{"@context":"https:\/\/schema.org","@graph":[{"@type":"WebPage","@id":"https:\/\/trennungundscheidung.web-email.at\/elternberatung-vor-scheidung\/beratung-vor-einvernehmlicher-scheidung-gemaess-%c2%a7-95-abs-1a-aussstrg\/slowakisch-slovencina\/","url":"https:\/\/trennungundscheidung.web-email.at\/elternberatung-vor-scheidung\/beratung-vor-einvernehmlicher-scheidung-gemaess-%c2%a7-95-abs-1a-aussstrg\/slowakisch-slovencina\/","name":"Slowakisch (Sloven\u010dina) - Elternberatung vor Scheidung nach \u00a7 95","isPartOf":{"@id":"https:\/\/trennungundscheidung.web-email.at\/elternberatung-vor-scheidung\/#website"},"primaryImageOfPage":{"@id":"https:\/\/trennungundscheidung.web-email.at\/elternberatung-vor-scheidung\/beratung-vor-einvernehmlicher-scheidung-gemaess-%c2%a7-95-abs-1a-aussstrg\/slowakisch-slovencina\/#primaryimage"},"image":{"@id":"https:\/\/trennungundscheidung.web-email.at\/elternberatung-vor-scheidung\/beratung-vor-einvernehmlicher-scheidung-gemaess-%c2%a7-95-abs-1a-aussstrg\/slowakisch-slovencina\/#primaryimage"},"thumbnailUrl":"https:\/\/trennungundscheidung.web-email.at\/elternberatung-vor-scheidung\/wp-content\/uploads\/sites\/3\/2017\/12\/slowakisch_slovencina.png","datePublished":"2017-12-05T09:02:58+00:00","dateModified":"2017-12-07T06:42:34+00:00","breadcrumb":{"@id":"https:\/\/trennungundscheidung.web-email.at\/elternberatung-vor-scheidung\/beratung-vor-einvernehmlicher-scheidung-gemaess-%c2%a7-95-abs-1a-aussstrg\/slowakisch-slovencina\/#breadcrumb"},"inLanguage":"de","potentialAction":[{"@type":"ReadAction","target":["https:\/\/trennungundscheidung.web-email.at\/elternberatung-vor-scheidung\/beratung-vor-einvernehmlicher-scheidung-gemaess-%c2%a7-95-abs-1a-aussstrg\/slowakisch-slovencina\/"]}]},{"@type":"ImageObject","inLanguage":"de","@id":"https:\/\/trennungundscheidung.web-email.at\/elternberatung-vor-scheidung\/beratung-vor-einvernehmlicher-scheidung-gemaess-%c2%a7-95-abs-1a-aussstrg\/slowakisch-slovencina\/#primaryimage","url":"https:\/\/trennungundscheidung.web-email.at\/elternberatung-vor-scheidung\/wp-content\/uploads\/sites\/3\/2017\/12\/slowakisch_slovencina.png","contentUrl":"https:\/\/trennungundscheidung.web-email.at\/elternberatung-vor-scheidung\/wp-content\/uploads\/sites\/3\/2017\/12\/slowakisch_slovencina.png","width":50,"height":32,"caption":"slowakisch - sloven\u010dina"},{"@type":"BreadcrumbList","@id":"https:\/\/trennungundscheidung.web-email.at\/elternberatung-vor-scheidung\/beratung-vor-einvernehmlicher-scheidung-gemaess-%c2%a7-95-abs-1a-aussstrg\/slowakisch-slovencina\/#breadcrumb","itemListElement":[{"@type":"ListItem","position":1,"name":"Home","item":"https:\/\/trennungundscheidung.web-email.at\/elternberatung-vor-scheidung\/"},{"@type":"ListItem","position":2,"name":"Beratung vor einvernehmlicher Scheidung gem\u00e4\u00df \u00a7 95 Abs. 1a Au\u00dfStrG","item":"https:\/\/trennungundscheidung.web-email.at\/elternberatung-vor-scheidung\/"},{"@type":"ListItem","position":3,"name":"Slowakisch (Sloven\u010dina)"}]},{"@type":"WebSite","@id":"https:\/\/trennungundscheidung.web-email.at\/elternberatung-vor-scheidung\/#website","url":"https:\/\/trennungundscheidung.web-email.at\/elternberatung-vor-scheidung\/","name":"Elternberatung vor Scheidung nach \u00a7 95","description":"","potentialAction":[{"@type":"SearchAction","target":{"@type":"EntryPoint","urlTemplate":"https:\/\/trennungundscheidung.web-email.at\/elternberatung-vor-scheidung\/?s={search_term_string}"},"query-input":{"@type":"PropertyValueSpecification","valueRequired":true,"valueName":"search_term_string"}}],"inLanguage":"de"}]}},"_links":{"self":[{"href":"https:\/\/trennungundscheidung.web-email.at\/elternberatung-vor-scheidung\/wp-json\/wp\/v2\/pages\/192","targetHints":{"allow":["GET"]}}],"collection":[{"href":"https:\/\/trennungundscheidung.web-email.at\/elternberatung-vor-scheidung\/wp-json\/wp\/v2\/pages"}],"about":[{"href":"https:\/\/trennungundscheidung.web-email.at\/elternberatung-vor-scheidung\/wp-json\/wp\/v2\/types\/page"}],"author":[{"embeddable":true,"href":"https:\/\/trennungundscheidung.web-email.at\/elternberatung-vor-scheidung\/wp-json\/wp\/v2\/users\/8"}],"replies":[{"embeddable":true,"href":"https:\/\/trennungundscheidung.web-email.at\/elternberatung-vor-scheidung\/wp-json\/wp\/v2\/comments?post=192"}],"version-history":[{"count":2,"href":"https:\/\/trennungundscheidung.web-email.at\/elternberatung-vor-scheidung\/wp-json\/wp\/v2\/pages\/192\/revisions"}],"predecessor-version":[{"id":250,"href":"https:\/\/trennungundscheidung.web-email.at\/elternberatung-vor-scheidung\/wp-json\/wp\/v2\/pages\/192\/revisions\/250"}],"up":[{"embeddable":true,"href":"https:\/\/trennungundscheidung.web-email.at\/elternberatung-vor-scheidung\/wp-json\/wp\/v2\/pages\/10"}],"wp:attachment":[{"href":"https:\/\/trennungundscheidung.web-email.at\/elternberatung-vor-scheidung\/wp-json\/wp\/v2\/media?parent=192"}],"curies":[{"name":"wp","href":"https:\/\/api.w.org\/{rel}","templated":true}]}}