{"id":200,"date":"2017-12-05T10:09:09","date_gmt":"2017-12-05T09:09:09","guid":{"rendered":"https:\/\/trennungundscheidung.web-email.at\/elternberatung-vor-scheidung\/?page_id=200"},"modified":"2017-12-07T07:48:41","modified_gmt":"2017-12-07T06:48:41","slug":"tuerkisch-turkce","status":"publish","type":"page","link":"https:\/\/trennungundscheidung.web-email.at\/elternberatung-vor-scheidung\/beratung-vor-einvernehmlicher-scheidung-gemaess-%c2%a7-95-abs-1a-aussstrg\/tuerkisch-turkce\/","title":{"rendered":"T\u00fcrkisch (Turk\u00e7e)"},"content":{"rendered":"<p><img loading=\"lazy\" decoding=\"async\" class=\"alignnone size-full wp-image-105\" src=\"https:\/\/trennungundscheidung.web-email.at\/elternberatung-vor-scheidung\/wp-content\/uploads\/sites\/3\/2017\/12\/tuerkisch-turkce.png\" alt=\"tuerkisch- turk\u00e7e\" width=\"50\" height=\"32\" \/><\/p>\n<p>95 Abs. 1a Au\u00dfStrG g\u00f6re bo\u015fanma sonucunda re\u015fit olmayan \u00e7ocuklarda ortaya \u00e7\u0131kan ihtiya\u00e7lara y\u00f6nelik dan\u0131\u015fmanl\u0131k<\/p>\n<p>Velayet ve Gercekisimdegistirme yasas\u0131 2013 ile y\u00fcr\u00fcrl\u00fc\u011fe giren \u00a7 95 Abs. 1a Au\u00dfStrG kapsam\u0131nda ebeveynler bo\u015fanmalar\u0131 sonucunda <em>re\u015fit olmayan \u00e7ocuklar\u0131n da ortaya \u00e7\u0131kabilecek ihtiya\u00e7lara y\u00f6nelik, bu konuda ehil ki\u015fi ya da kurulu\u015flardan dan\u0131\u015fmanl\u0131k almak durumundad\u0131rlar.<\/em><\/p>\n<p>Buna g\u00f6re Avusturya`da anla\u015fmal\u0131 bo\u015fanmaya karar veren b\u00fct\u00fcn evli \u00e7iftler, yasal olarak bo\u015fanman\u0131n re\u015fit olmayan cocuklar a\u00e7\u0131s\u0131ndan ortaya \u00e7\u0131karabilece\u011fi sonuclar ile ilgili dan\u0131\u015fmanl\u0131k almaya ve bu dan\u0131\u015fmanl\u0131\u011f\u0131 mahkeme nezninde belgelemeye y\u00fck\u00fcml\u00fcd\u00fcr.<\/p>\n<p>Bu \u015fekilde vasilik konusunda ki odak nokta, re\u015fit olmayan \u00e7ocuklar\u0131n ihtiya\u00e7lar\u0131na y\u00f6nelicek ve cocuklar\u0131n ihtiya\u00e7lar\u0131 ve sa\u011fl\u0131klar\u0131 , mahkeme esnas\u0131nda meydana gelen vesayet ve \u00e7ocuklar\u0131 g\u00f6rebilme haklar\u0131 konusunda ki \u00e7at\u0131\u015fmalar\u0131n etkisine maruz kalmayacakt\u0131r.<\/p>\n<p>Resmi Olarak Tan\u0131nm\u0131s Dan\u0131\u015fmanlar Listesi, belirlenmi\u015f kalite standartlar\u0131 ve bu y\u00f6nl\u00fc dan\u0131\u015fmanl\u0131klar icin yap\u0131lm\u0131s tavsiyelerle beraber \u00a7 95 Abs. 1a Au\u00dfStrG kapsam\u0131nda yap\u0131lacak dan\u0131\u015fmanl\u0131klar\u00a0 icin hizmete sunulmu\u015ftur.<\/p>\n<p><a href=\"https:\/\/trennungundscheidung.web-email.at\/elternberatung-vor-scheidung\/berater\/?tus_language=15\" rel=\"noopener\">Beraterliste<\/a><\/p>\n","protected":false},"excerpt":{"rendered":"<p>95 Abs. 1a Au\u00dfStrG g\u00f6re bo\u015fanma sonucunda re\u015fit olmayan \u00e7ocuklarda ortaya \u00e7\u0131kan ihtiya\u00e7lara y\u00f6nelik dan\u0131\u015fmanl\u0131k Velayet ve Gercekisimdegistirme yasas\u0131 2013 ile y\u00fcr\u00fcrl\u00fc\u011fe giren \u00a7 95 Abs. 1a Au\u00dfStrG kapsam\u0131nda ebeveynler bo\u015fanmalar\u0131 sonucunda re\u015fit olmayan \u00e7ocuklar\u0131n da ortaya \u00e7\u0131kabilecek ihtiya\u00e7lara y\u00f6nelik, bu konuda ehil ki\u015fi ya da kurulu\u015flardan dan\u0131\u015fmanl\u0131k almak durumundad\u0131rlar. Buna g\u00f6re Avusturya`da anla\u015fmal\u0131 bo\u015fanmaya [&hellip;]<\/p>\n","protected":false},"author":8,"featured_media":0,"parent":10,"menu_order":0,"comment_status":"closed","ping_status":"closed","template":"","meta":{"_acf_changed":false,"footnotes":""},"class_list":["post-200","page","type-page","status-publish","hentry"],"acf":[],"yoast_head":"<!-- This site is optimized with the Yoast SEO plugin v26.9 - https:\/\/yoast.com\/product\/yoast-seo-wordpress\/ -->\n<title>T\u00fcrkisch (Turk\u00e7e) - Elternberatung vor Scheidung nach \u00a7 95<\/title>\n<meta name=\"robots\" content=\"index, follow, max-snippet:-1, max-image-preview:large, max-video-preview:-1\" \/>\n<link rel=\"canonical\" href=\"https:\/\/trennungundscheidung.web-email.at\/elternberatung-vor-scheidung\/beratung-vor-einvernehmlicher-scheidung-gemaess-\u00a7-95-abs-1a-aussstrg\/tuerkisch-turkce\/\" \/>\n<meta property=\"og:locale\" content=\"de_DE\" \/>\n<meta property=\"og:type\" content=\"article\" \/>\n<meta property=\"og:title\" content=\"T\u00fcrkisch (Turk\u00e7e) - Elternberatung vor Scheidung nach \u00a7 95\" \/>\n<meta property=\"og:description\" content=\"95 Abs. 1a Au\u00dfStrG g\u00f6re bo\u015fanma sonucunda re\u015fit olmayan \u00e7ocuklarda ortaya \u00e7\u0131kan ihtiya\u00e7lara y\u00f6nelik dan\u0131\u015fmanl\u0131k Velayet ve Gercekisimdegistirme yasas\u0131 2013 ile y\u00fcr\u00fcrl\u00fc\u011fe giren \u00a7 95 Abs. 1a Au\u00dfStrG kapsam\u0131nda ebeveynler bo\u015fanmalar\u0131 sonucunda re\u015fit olmayan \u00e7ocuklar\u0131n da ortaya \u00e7\u0131kabilecek ihtiya\u00e7lara y\u00f6nelik, bu konuda ehil ki\u015fi ya da kurulu\u015flardan dan\u0131\u015fmanl\u0131k almak durumundad\u0131rlar. Buna g\u00f6re Avusturya`da anla\u015fmal\u0131 bo\u015fanmaya [&hellip;]\" \/>\n<meta property=\"og:url\" content=\"https:\/\/trennungundscheidung.web-email.at\/elternberatung-vor-scheidung\/beratung-vor-einvernehmlicher-scheidung-gemaess-\u00a7-95-abs-1a-aussstrg\/tuerkisch-turkce\/\" \/>\n<meta property=\"og:site_name\" content=\"Elternberatung vor Scheidung nach \u00a7 95\" \/>\n<meta property=\"article:modified_time\" content=\"2017-12-07T06:48:41+00:00\" \/>\n<meta property=\"og:image\" content=\"https:\/\/trennungundscheidung.web-email.at\/elternberatung-vor-scheidung\/wp-content\/uploads\/sites\/3\/2017\/12\/tuerkisch-turkce.png\" \/>\n<meta name=\"twitter:card\" content=\"summary_large_image\" \/>\n<meta name=\"twitter:label1\" content=\"Gesch\u00e4tzte Lesezeit\" \/>\n\t<meta name=\"twitter:data1\" content=\"1\u00a0Minute\" \/>\n<script type=\"application\/ld+json\" class=\"yoast-schema-graph\">{\"@context\":\"https:\/\/schema.org\",\"@graph\":[{\"@type\":\"WebPage\",\"@id\":\"https:\/\/trennungundscheidung.web-email.at\/elternberatung-vor-scheidung\/beratung-vor-einvernehmlicher-scheidung-gemaess-%c2%a7-95-abs-1a-aussstrg\/tuerkisch-turkce\/\",\"url\":\"https:\/\/trennungundscheidung.web-email.at\/elternberatung-vor-scheidung\/beratung-vor-einvernehmlicher-scheidung-gemaess-%c2%a7-95-abs-1a-aussstrg\/tuerkisch-turkce\/\",\"name\":\"T\u00fcrkisch (Turk\u00e7e) - Elternberatung vor Scheidung nach \u00a7 95\",\"isPartOf\":{\"@id\":\"https:\/\/trennungundscheidung.web-email.at\/elternberatung-vor-scheidung\/#website\"},\"primaryImageOfPage\":{\"@id\":\"https:\/\/trennungundscheidung.web-email.at\/elternberatung-vor-scheidung\/beratung-vor-einvernehmlicher-scheidung-gemaess-%c2%a7-95-abs-1a-aussstrg\/tuerkisch-turkce\/#primaryimage\"},\"image\":{\"@id\":\"https:\/\/trennungundscheidung.web-email.at\/elternberatung-vor-scheidung\/beratung-vor-einvernehmlicher-scheidung-gemaess-%c2%a7-95-abs-1a-aussstrg\/tuerkisch-turkce\/#primaryimage\"},\"thumbnailUrl\":\"https:\/\/trennungundscheidung.web-email.at\/elternberatung-vor-scheidung\/wp-content\/uploads\/sites\/3\/2017\/12\/tuerkisch-turkce.png\",\"datePublished\":\"2017-12-05T09:09:09+00:00\",\"dateModified\":\"2017-12-07T06:48:41+00:00\",\"breadcrumb\":{\"@id\":\"https:\/\/trennungundscheidung.web-email.at\/elternberatung-vor-scheidung\/beratung-vor-einvernehmlicher-scheidung-gemaess-%c2%a7-95-abs-1a-aussstrg\/tuerkisch-turkce\/#breadcrumb\"},\"inLanguage\":\"de\",\"potentialAction\":[{\"@type\":\"ReadAction\",\"target\":[\"https:\/\/trennungundscheidung.web-email.at\/elternberatung-vor-scheidung\/beratung-vor-einvernehmlicher-scheidung-gemaess-%c2%a7-95-abs-1a-aussstrg\/tuerkisch-turkce\/\"]}]},{\"@type\":\"ImageObject\",\"inLanguage\":\"de\",\"@id\":\"https:\/\/trennungundscheidung.web-email.at\/elternberatung-vor-scheidung\/beratung-vor-einvernehmlicher-scheidung-gemaess-%c2%a7-95-abs-1a-aussstrg\/tuerkisch-turkce\/#primaryimage\",\"url\":\"https:\/\/trennungundscheidung.web-email.at\/elternberatung-vor-scheidung\/wp-content\/uploads\/sites\/3\/2017\/12\/tuerkisch-turkce.png\",\"contentUrl\":\"https:\/\/trennungundscheidung.web-email.at\/elternberatung-vor-scheidung\/wp-content\/uploads\/sites\/3\/2017\/12\/tuerkisch-turkce.png\",\"width\":50,\"height\":32,\"caption\":\"tuerkisch- turk\u00e7e\"},{\"@type\":\"BreadcrumbList\",\"@id\":\"https:\/\/trennungundscheidung.web-email.at\/elternberatung-vor-scheidung\/beratung-vor-einvernehmlicher-scheidung-gemaess-%c2%a7-95-abs-1a-aussstrg\/tuerkisch-turkce\/#breadcrumb\",\"itemListElement\":[{\"@type\":\"ListItem\",\"position\":1,\"name\":\"Home\",\"item\":\"https:\/\/trennungundscheidung.web-email.at\/elternberatung-vor-scheidung\/\"},{\"@type\":\"ListItem\",\"position\":2,\"name\":\"Beratung vor einvernehmlicher Scheidung gem\u00e4\u00df \u00a7 95 Abs. 1a Au\u00dfStrG\",\"item\":\"https:\/\/trennungundscheidung.web-email.at\/elternberatung-vor-scheidung\/\"},{\"@type\":\"ListItem\",\"position\":3,\"name\":\"T\u00fcrkisch (Turk\u00e7e)\"}]},{\"@type\":\"WebSite\",\"@id\":\"https:\/\/trennungundscheidung.web-email.at\/elternberatung-vor-scheidung\/#website\",\"url\":\"https:\/\/trennungundscheidung.web-email.at\/elternberatung-vor-scheidung\/\",\"name\":\"Elternberatung vor Scheidung nach \u00a7 95\",\"description\":\"\",\"potentialAction\":[{\"@type\":\"SearchAction\",\"target\":{\"@type\":\"EntryPoint\",\"urlTemplate\":\"https:\/\/trennungundscheidung.web-email.at\/elternberatung-vor-scheidung\/?s={search_term_string}\"},\"query-input\":{\"@type\":\"PropertyValueSpecification\",\"valueRequired\":true,\"valueName\":\"search_term_string\"}}],\"inLanguage\":\"de\"}]}<\/script>\n<!-- \/ Yoast SEO plugin. -->","yoast_head_json":{"title":"T\u00fcrkisch (Turk\u00e7e) - Elternberatung vor Scheidung nach \u00a7 95","robots":{"index":"index","follow":"follow","max-snippet":"max-snippet:-1","max-image-preview":"max-image-preview:large","max-video-preview":"max-video-preview:-1"},"canonical":"https:\/\/trennungundscheidung.web-email.at\/elternberatung-vor-scheidung\/beratung-vor-einvernehmlicher-scheidung-gemaess-\u00a7-95-abs-1a-aussstrg\/tuerkisch-turkce\/","og_locale":"de_DE","og_type":"article","og_title":"T\u00fcrkisch (Turk\u00e7e) - Elternberatung vor Scheidung nach \u00a7 95","og_description":"95 Abs. 1a Au\u00dfStrG g\u00f6re bo\u015fanma sonucunda re\u015fit olmayan \u00e7ocuklarda ortaya \u00e7\u0131kan ihtiya\u00e7lara y\u00f6nelik dan\u0131\u015fmanl\u0131k Velayet ve Gercekisimdegistirme yasas\u0131 2013 ile y\u00fcr\u00fcrl\u00fc\u011fe giren \u00a7 95 Abs. 1a Au\u00dfStrG kapsam\u0131nda ebeveynler bo\u015fanmalar\u0131 sonucunda re\u015fit olmayan \u00e7ocuklar\u0131n da ortaya \u00e7\u0131kabilecek ihtiya\u00e7lara y\u00f6nelik, bu konuda ehil ki\u015fi ya da kurulu\u015flardan dan\u0131\u015fmanl\u0131k almak durumundad\u0131rlar. Buna g\u00f6re Avusturya`da anla\u015fmal\u0131 bo\u015fanmaya [&hellip;]","og_url":"https:\/\/trennungundscheidung.web-email.at\/elternberatung-vor-scheidung\/beratung-vor-einvernehmlicher-scheidung-gemaess-\u00a7-95-abs-1a-aussstrg\/tuerkisch-turkce\/","og_site_name":"Elternberatung vor Scheidung nach \u00a7 95","article_modified_time":"2017-12-07T06:48:41+00:00","og_image":[{"url":"https:\/\/trennungundscheidung.web-email.at\/elternberatung-vor-scheidung\/wp-content\/uploads\/sites\/3\/2017\/12\/tuerkisch-turkce.png","type":"","width":"","height":""}],"twitter_card":"summary_large_image","twitter_misc":{"Gesch\u00e4tzte Lesezeit":"1\u00a0Minute"},"schema":{"@context":"https:\/\/schema.org","@graph":[{"@type":"WebPage","@id":"https:\/\/trennungundscheidung.web-email.at\/elternberatung-vor-scheidung\/beratung-vor-einvernehmlicher-scheidung-gemaess-%c2%a7-95-abs-1a-aussstrg\/tuerkisch-turkce\/","url":"https:\/\/trennungundscheidung.web-email.at\/elternberatung-vor-scheidung\/beratung-vor-einvernehmlicher-scheidung-gemaess-%c2%a7-95-abs-1a-aussstrg\/tuerkisch-turkce\/","name":"T\u00fcrkisch (Turk\u00e7e) - Elternberatung vor Scheidung nach \u00a7 95","isPartOf":{"@id":"https:\/\/trennungundscheidung.web-email.at\/elternberatung-vor-scheidung\/#website"},"primaryImageOfPage":{"@id":"https:\/\/trennungundscheidung.web-email.at\/elternberatung-vor-scheidung\/beratung-vor-einvernehmlicher-scheidung-gemaess-%c2%a7-95-abs-1a-aussstrg\/tuerkisch-turkce\/#primaryimage"},"image":{"@id":"https:\/\/trennungundscheidung.web-email.at\/elternberatung-vor-scheidung\/beratung-vor-einvernehmlicher-scheidung-gemaess-%c2%a7-95-abs-1a-aussstrg\/tuerkisch-turkce\/#primaryimage"},"thumbnailUrl":"https:\/\/trennungundscheidung.web-email.at\/elternberatung-vor-scheidung\/wp-content\/uploads\/sites\/3\/2017\/12\/tuerkisch-turkce.png","datePublished":"2017-12-05T09:09:09+00:00","dateModified":"2017-12-07T06:48:41+00:00","breadcrumb":{"@id":"https:\/\/trennungundscheidung.web-email.at\/elternberatung-vor-scheidung\/beratung-vor-einvernehmlicher-scheidung-gemaess-%c2%a7-95-abs-1a-aussstrg\/tuerkisch-turkce\/#breadcrumb"},"inLanguage":"de","potentialAction":[{"@type":"ReadAction","target":["https:\/\/trennungundscheidung.web-email.at\/elternberatung-vor-scheidung\/beratung-vor-einvernehmlicher-scheidung-gemaess-%c2%a7-95-abs-1a-aussstrg\/tuerkisch-turkce\/"]}]},{"@type":"ImageObject","inLanguage":"de","@id":"https:\/\/trennungundscheidung.web-email.at\/elternberatung-vor-scheidung\/beratung-vor-einvernehmlicher-scheidung-gemaess-%c2%a7-95-abs-1a-aussstrg\/tuerkisch-turkce\/#primaryimage","url":"https:\/\/trennungundscheidung.web-email.at\/elternberatung-vor-scheidung\/wp-content\/uploads\/sites\/3\/2017\/12\/tuerkisch-turkce.png","contentUrl":"https:\/\/trennungundscheidung.web-email.at\/elternberatung-vor-scheidung\/wp-content\/uploads\/sites\/3\/2017\/12\/tuerkisch-turkce.png","width":50,"height":32,"caption":"tuerkisch- turk\u00e7e"},{"@type":"BreadcrumbList","@id":"https:\/\/trennungundscheidung.web-email.at\/elternberatung-vor-scheidung\/beratung-vor-einvernehmlicher-scheidung-gemaess-%c2%a7-95-abs-1a-aussstrg\/tuerkisch-turkce\/#breadcrumb","itemListElement":[{"@type":"ListItem","position":1,"name":"Home","item":"https:\/\/trennungundscheidung.web-email.at\/elternberatung-vor-scheidung\/"},{"@type":"ListItem","position":2,"name":"Beratung vor einvernehmlicher Scheidung gem\u00e4\u00df \u00a7 95 Abs. 1a Au\u00dfStrG","item":"https:\/\/trennungundscheidung.web-email.at\/elternberatung-vor-scheidung\/"},{"@type":"ListItem","position":3,"name":"T\u00fcrkisch (Turk\u00e7e)"}]},{"@type":"WebSite","@id":"https:\/\/trennungundscheidung.web-email.at\/elternberatung-vor-scheidung\/#website","url":"https:\/\/trennungundscheidung.web-email.at\/elternberatung-vor-scheidung\/","name":"Elternberatung vor Scheidung nach \u00a7 95","description":"","potentialAction":[{"@type":"SearchAction","target":{"@type":"EntryPoint","urlTemplate":"https:\/\/trennungundscheidung.web-email.at\/elternberatung-vor-scheidung\/?s={search_term_string}"},"query-input":{"@type":"PropertyValueSpecification","valueRequired":true,"valueName":"search_term_string"}}],"inLanguage":"de"}]}},"_links":{"self":[{"href":"https:\/\/trennungundscheidung.web-email.at\/elternberatung-vor-scheidung\/wp-json\/wp\/v2\/pages\/200","targetHints":{"allow":["GET"]}}],"collection":[{"href":"https:\/\/trennungundscheidung.web-email.at\/elternberatung-vor-scheidung\/wp-json\/wp\/v2\/pages"}],"about":[{"href":"https:\/\/trennungundscheidung.web-email.at\/elternberatung-vor-scheidung\/wp-json\/wp\/v2\/types\/page"}],"author":[{"embeddable":true,"href":"https:\/\/trennungundscheidung.web-email.at\/elternberatung-vor-scheidung\/wp-json\/wp\/v2\/users\/8"}],"replies":[{"embeddable":true,"href":"https:\/\/trennungundscheidung.web-email.at\/elternberatung-vor-scheidung\/wp-json\/wp\/v2\/comments?post=200"}],"version-history":[{"count":4,"href":"https:\/\/trennungundscheidung.web-email.at\/elternberatung-vor-scheidung\/wp-json\/wp\/v2\/pages\/200\/revisions"}],"predecessor-version":[{"id":256,"href":"https:\/\/trennungundscheidung.web-email.at\/elternberatung-vor-scheidung\/wp-json\/wp\/v2\/pages\/200\/revisions\/256"}],"up":[{"embeddable":true,"href":"https:\/\/trennungundscheidung.web-email.at\/elternberatung-vor-scheidung\/wp-json\/wp\/v2\/pages\/10"}],"wp:attachment":[{"href":"https:\/\/trennungundscheidung.web-email.at\/elternberatung-vor-scheidung\/wp-json\/wp\/v2\/media?parent=200"}],"curies":[{"name":"wp","href":"https:\/\/api.w.org\/{rel}","templated":true}]}}