{"id":202,"date":"2017-12-05T10:10:17","date_gmt":"2017-12-05T09:10:17","guid":{"rendered":"https:\/\/trennungundscheidung.web-email.at\/elternberatung-vor-scheidung\/?page_id=202"},"modified":"2017-12-07T07:43:39","modified_gmt":"2017-12-07T06:43:39","slug":"ungarisch-magyar","status":"publish","type":"page","link":"https:\/\/trennungundscheidung.web-email.at\/elternberatung-vor-scheidung\/beratung-vor-einvernehmlicher-scheidung-gemaess-%c2%a7-95-abs-1a-aussstrg\/ungarisch-magyar\/","title":{"rendered":"Ungarisch (Magyar)"},"content":{"rendered":"<p><img loading=\"lazy\" decoding=\"async\" class=\"alignnone size-full wp-image-109\" src=\"https:\/\/trennungundscheidung.web-email.at\/elternberatung-vor-scheidung\/wp-content\/uploads\/sites\/3\/2017\/12\/ungarisch_magyar.png\" alt=\"ungarisch - magyar\" width=\"50\" height=\"32\" \/><\/p>\n<p>T\u00e1j\u00e9koztat\u00f3 h\u00e1zass\u00e1g k\u00f6z\u00f6s megegyez\u00e9ssel t\u00f6rt\u00e9n\u0151 megsz\u00fcntet\u00e9se el\u0151tti k\u00f6telez\u0151 tan\u00e1csad\u00e1sr\u00f3l (\u00a795 Abs. 1a Au\u00dfStrG)<\/p>\n<p>A gyermekjogi t\u00f6rv\u00e9ny 2013-ban hat\u00e1lyba l\u00e9pett m\u00f3dos\u00edt\u00e1sa (\u00a795 Abs. 1a Au\u00dfStrG) alapj\u00e1n azok a kiskor\u00fa gyermekkel rendelkez\u0151 sz\u00fcl\u0151k, akik a h\u00e1zass\u00e1gukat k\u00f6z\u00f6s megegyez\u00e9ssel k\u00edv\u00e1nj\u00e1k megsz\u00fcntetni, k\u00f6telesek nevel\u00e9si tan\u00e1csad\u00e1son r\u00e9szt venni. A tan\u00e1csad\u00e1son a kiskor\u00fa gyermekeket a v\u00e1l\u00e1s alatt \u00e9s ut\u00e1n \u00e9rint\u0151 k\u00e9rd\u00e9sekr\u0151l, k\u00fcl\u00f6n\u00f6sen a gy\u00e1ms\u00e1g, sz\u00fcl\u0151i fel\u00fcgyelet, \u00e9s a l\u00e1that\u00e1ssal kapcsolatos t\u00e9m\u00e1kr\u00f3l kapnak r\u00e9szletes felvil\u00e1gos\u00edt\u00e1st. A v\u00e1l\u00e1s sor\u00e1n vitatott k\u00e9rd\u00e9sekben a gyermek \u00e9rdekei \u00e9s j\u00f3l\u00e9te az els\u0151dleges.<\/p>\n<p>A k\u00f6telez\u0151 tan\u00e1csad\u00e1son val\u00f3 r\u00e9szv\u00e9telt a h\u00e1zass\u00e1g felbont\u00e1si sor\u00e1n elj\u00e1r\u00f3 b\u00edr\u00f3s\u00e1g el\u0151tt igazolni kell.<\/p>\n<p>A jogszab\u00e1ly alapj\u00e1n tan\u00e1csad\u00e1sra jogosult szakemberek (a \u00a795 Abs. 1a Au\u00dfStrG min\u0151s\u00e9gi norm\u00e1i \u00e9s aj\u00e1nl\u00e1sai alapj\u00e1n) el\u00e9rhet\u0151ek eg\u00e9sz Ausztri\u00e1ban.<\/p>\n<p><a href=\"https:\/\/trennungundscheidung.web-email.at\/elternberatung-vor-scheidung\/berater\/?tus_language=5\">Beraterliste<\/a><\/p>\n","protected":false},"excerpt":{"rendered":"<p>T\u00e1j\u00e9koztat\u00f3 h\u00e1zass\u00e1g k\u00f6z\u00f6s megegyez\u00e9ssel t\u00f6rt\u00e9n\u0151 megsz\u00fcntet\u00e9se el\u0151tti k\u00f6telez\u0151 tan\u00e1csad\u00e1sr\u00f3l (\u00a795 Abs. 1a Au\u00dfStrG) A gyermekjogi t\u00f6rv\u00e9ny 2013-ban hat\u00e1lyba l\u00e9pett m\u00f3dos\u00edt\u00e1sa (\u00a795 Abs. 1a Au\u00dfStrG) alapj\u00e1n azok a kiskor\u00fa gyermekkel rendelkez\u0151 sz\u00fcl\u0151k, akik a h\u00e1zass\u00e1gukat k\u00f6z\u00f6s megegyez\u00e9ssel k\u00edv\u00e1nj\u00e1k megsz\u00fcntetni, k\u00f6telesek nevel\u00e9si tan\u00e1csad\u00e1son r\u00e9szt venni. A tan\u00e1csad\u00e1son a kiskor\u00fa gyermekeket a v\u00e1l\u00e1s alatt \u00e9s ut\u00e1n \u00e9rint\u0151 k\u00e9rd\u00e9sekr\u0151l, [&hellip;]<\/p>\n","protected":false},"author":8,"featured_media":0,"parent":10,"menu_order":0,"comment_status":"closed","ping_status":"closed","template":"","meta":{"_acf_changed":false,"footnotes":""},"class_list":["post-202","page","type-page","status-publish","hentry"],"acf":[],"yoast_head":"<!-- This site is optimized with the Yoast SEO plugin v26.9 - https:\/\/yoast.com\/product\/yoast-seo-wordpress\/ -->\n<title>Ungarisch (Magyar) - Elternberatung vor Scheidung nach \u00a7 95<\/title>\n<meta name=\"robots\" content=\"index, follow, max-snippet:-1, max-image-preview:large, max-video-preview:-1\" \/>\n<link rel=\"canonical\" href=\"https:\/\/trennungundscheidung.web-email.at\/elternberatung-vor-scheidung\/beratung-vor-einvernehmlicher-scheidung-gemaess-\u00a7-95-abs-1a-aussstrg\/ungarisch-magyar\/\" \/>\n<meta property=\"og:locale\" content=\"de_DE\" \/>\n<meta property=\"og:type\" content=\"article\" \/>\n<meta property=\"og:title\" content=\"Ungarisch (Magyar) - Elternberatung vor Scheidung nach \u00a7 95\" \/>\n<meta property=\"og:description\" content=\"T\u00e1j\u00e9koztat\u00f3 h\u00e1zass\u00e1g k\u00f6z\u00f6s megegyez\u00e9ssel t\u00f6rt\u00e9n\u0151 megsz\u00fcntet\u00e9se el\u0151tti k\u00f6telez\u0151 tan\u00e1csad\u00e1sr\u00f3l (\u00a795 Abs. 1a Au\u00dfStrG) A gyermekjogi t\u00f6rv\u00e9ny 2013-ban hat\u00e1lyba l\u00e9pett m\u00f3dos\u00edt\u00e1sa (\u00a795 Abs. 1a Au\u00dfStrG) alapj\u00e1n azok a kiskor\u00fa gyermekkel rendelkez\u0151 sz\u00fcl\u0151k, akik a h\u00e1zass\u00e1gukat k\u00f6z\u00f6s megegyez\u00e9ssel k\u00edv\u00e1nj\u00e1k megsz\u00fcntetni, k\u00f6telesek nevel\u00e9si tan\u00e1csad\u00e1son r\u00e9szt venni. A tan\u00e1csad\u00e1son a kiskor\u00fa gyermekeket a v\u00e1l\u00e1s alatt \u00e9s ut\u00e1n \u00e9rint\u0151 k\u00e9rd\u00e9sekr\u0151l, [&hellip;]\" \/>\n<meta property=\"og:url\" content=\"https:\/\/trennungundscheidung.web-email.at\/elternberatung-vor-scheidung\/beratung-vor-einvernehmlicher-scheidung-gemaess-\u00a7-95-abs-1a-aussstrg\/ungarisch-magyar\/\" \/>\n<meta property=\"og:site_name\" content=\"Elternberatung vor Scheidung nach \u00a7 95\" \/>\n<meta property=\"article:modified_time\" content=\"2017-12-07T06:43:39+00:00\" \/>\n<meta property=\"og:image\" content=\"https:\/\/trennungundscheidung.web-email.at\/elternberatung-vor-scheidung\/wp-content\/uploads\/sites\/3\/2017\/12\/ungarisch_magyar.png\" \/>\n<meta name=\"twitter:card\" content=\"summary_large_image\" \/>\n<meta name=\"twitter:label1\" content=\"Gesch\u00e4tzte Lesezeit\" \/>\n\t<meta name=\"twitter:data1\" content=\"1\u00a0Minute\" \/>\n<script type=\"application\/ld+json\" class=\"yoast-schema-graph\">{\"@context\":\"https:\/\/schema.org\",\"@graph\":[{\"@type\":\"WebPage\",\"@id\":\"https:\/\/trennungundscheidung.web-email.at\/elternberatung-vor-scheidung\/beratung-vor-einvernehmlicher-scheidung-gemaess-%c2%a7-95-abs-1a-aussstrg\/ungarisch-magyar\/\",\"url\":\"https:\/\/trennungundscheidung.web-email.at\/elternberatung-vor-scheidung\/beratung-vor-einvernehmlicher-scheidung-gemaess-%c2%a7-95-abs-1a-aussstrg\/ungarisch-magyar\/\",\"name\":\"Ungarisch (Magyar) - Elternberatung vor Scheidung nach \u00a7 95\",\"isPartOf\":{\"@id\":\"https:\/\/trennungundscheidung.web-email.at\/elternberatung-vor-scheidung\/#website\"},\"primaryImageOfPage\":{\"@id\":\"https:\/\/trennungundscheidung.web-email.at\/elternberatung-vor-scheidung\/beratung-vor-einvernehmlicher-scheidung-gemaess-%c2%a7-95-abs-1a-aussstrg\/ungarisch-magyar\/#primaryimage\"},\"image\":{\"@id\":\"https:\/\/trennungundscheidung.web-email.at\/elternberatung-vor-scheidung\/beratung-vor-einvernehmlicher-scheidung-gemaess-%c2%a7-95-abs-1a-aussstrg\/ungarisch-magyar\/#primaryimage\"},\"thumbnailUrl\":\"https:\/\/trennungundscheidung.web-email.at\/elternberatung-vor-scheidung\/wp-content\/uploads\/sites\/3\/2017\/12\/ungarisch_magyar.png\",\"datePublished\":\"2017-12-05T09:10:17+00:00\",\"dateModified\":\"2017-12-07T06:43:39+00:00\",\"breadcrumb\":{\"@id\":\"https:\/\/trennungundscheidung.web-email.at\/elternberatung-vor-scheidung\/beratung-vor-einvernehmlicher-scheidung-gemaess-%c2%a7-95-abs-1a-aussstrg\/ungarisch-magyar\/#breadcrumb\"},\"inLanguage\":\"de\",\"potentialAction\":[{\"@type\":\"ReadAction\",\"target\":[\"https:\/\/trennungundscheidung.web-email.at\/elternberatung-vor-scheidung\/beratung-vor-einvernehmlicher-scheidung-gemaess-%c2%a7-95-abs-1a-aussstrg\/ungarisch-magyar\/\"]}]},{\"@type\":\"ImageObject\",\"inLanguage\":\"de\",\"@id\":\"https:\/\/trennungundscheidung.web-email.at\/elternberatung-vor-scheidung\/beratung-vor-einvernehmlicher-scheidung-gemaess-%c2%a7-95-abs-1a-aussstrg\/ungarisch-magyar\/#primaryimage\",\"url\":\"https:\/\/trennungundscheidung.web-email.at\/elternberatung-vor-scheidung\/wp-content\/uploads\/sites\/3\/2017\/12\/ungarisch_magyar.png\",\"contentUrl\":\"https:\/\/trennungundscheidung.web-email.at\/elternberatung-vor-scheidung\/wp-content\/uploads\/sites\/3\/2017\/12\/ungarisch_magyar.png\",\"width\":50,\"height\":32,\"caption\":\"ungarisch - magyar\"},{\"@type\":\"BreadcrumbList\",\"@id\":\"https:\/\/trennungundscheidung.web-email.at\/elternberatung-vor-scheidung\/beratung-vor-einvernehmlicher-scheidung-gemaess-%c2%a7-95-abs-1a-aussstrg\/ungarisch-magyar\/#breadcrumb\",\"itemListElement\":[{\"@type\":\"ListItem\",\"position\":1,\"name\":\"Home\",\"item\":\"https:\/\/trennungundscheidung.web-email.at\/elternberatung-vor-scheidung\/\"},{\"@type\":\"ListItem\",\"position\":2,\"name\":\"Beratung vor einvernehmlicher Scheidung gem\u00e4\u00df \u00a7 95 Abs. 1a Au\u00dfStrG\",\"item\":\"https:\/\/trennungundscheidung.web-email.at\/elternberatung-vor-scheidung\/\"},{\"@type\":\"ListItem\",\"position\":3,\"name\":\"Ungarisch (Magyar)\"}]},{\"@type\":\"WebSite\",\"@id\":\"https:\/\/trennungundscheidung.web-email.at\/elternberatung-vor-scheidung\/#website\",\"url\":\"https:\/\/trennungundscheidung.web-email.at\/elternberatung-vor-scheidung\/\",\"name\":\"Elternberatung vor Scheidung nach \u00a7 95\",\"description\":\"\",\"potentialAction\":[{\"@type\":\"SearchAction\",\"target\":{\"@type\":\"EntryPoint\",\"urlTemplate\":\"https:\/\/trennungundscheidung.web-email.at\/elternberatung-vor-scheidung\/?s={search_term_string}\"},\"query-input\":{\"@type\":\"PropertyValueSpecification\",\"valueRequired\":true,\"valueName\":\"search_term_string\"}}],\"inLanguage\":\"de\"}]}<\/script>\n<!-- \/ Yoast SEO plugin. -->","yoast_head_json":{"title":"Ungarisch (Magyar) - Elternberatung vor Scheidung nach \u00a7 95","robots":{"index":"index","follow":"follow","max-snippet":"max-snippet:-1","max-image-preview":"max-image-preview:large","max-video-preview":"max-video-preview:-1"},"canonical":"https:\/\/trennungundscheidung.web-email.at\/elternberatung-vor-scheidung\/beratung-vor-einvernehmlicher-scheidung-gemaess-\u00a7-95-abs-1a-aussstrg\/ungarisch-magyar\/","og_locale":"de_DE","og_type":"article","og_title":"Ungarisch (Magyar) - Elternberatung vor Scheidung nach \u00a7 95","og_description":"T\u00e1j\u00e9koztat\u00f3 h\u00e1zass\u00e1g k\u00f6z\u00f6s megegyez\u00e9ssel t\u00f6rt\u00e9n\u0151 megsz\u00fcntet\u00e9se el\u0151tti k\u00f6telez\u0151 tan\u00e1csad\u00e1sr\u00f3l (\u00a795 Abs. 1a Au\u00dfStrG) A gyermekjogi t\u00f6rv\u00e9ny 2013-ban hat\u00e1lyba l\u00e9pett m\u00f3dos\u00edt\u00e1sa (\u00a795 Abs. 1a Au\u00dfStrG) alapj\u00e1n azok a kiskor\u00fa gyermekkel rendelkez\u0151 sz\u00fcl\u0151k, akik a h\u00e1zass\u00e1gukat k\u00f6z\u00f6s megegyez\u00e9ssel k\u00edv\u00e1nj\u00e1k megsz\u00fcntetni, k\u00f6telesek nevel\u00e9si tan\u00e1csad\u00e1son r\u00e9szt venni. A tan\u00e1csad\u00e1son a kiskor\u00fa gyermekeket a v\u00e1l\u00e1s alatt \u00e9s ut\u00e1n \u00e9rint\u0151 k\u00e9rd\u00e9sekr\u0151l, [&hellip;]","og_url":"https:\/\/trennungundscheidung.web-email.at\/elternberatung-vor-scheidung\/beratung-vor-einvernehmlicher-scheidung-gemaess-\u00a7-95-abs-1a-aussstrg\/ungarisch-magyar\/","og_site_name":"Elternberatung vor Scheidung nach \u00a7 95","article_modified_time":"2017-12-07T06:43:39+00:00","og_image":[{"url":"https:\/\/trennungundscheidung.web-email.at\/elternberatung-vor-scheidung\/wp-content\/uploads\/sites\/3\/2017\/12\/ungarisch_magyar.png","type":"","width":"","height":""}],"twitter_card":"summary_large_image","twitter_misc":{"Gesch\u00e4tzte Lesezeit":"1\u00a0Minute"},"schema":{"@context":"https:\/\/schema.org","@graph":[{"@type":"WebPage","@id":"https:\/\/trennungundscheidung.web-email.at\/elternberatung-vor-scheidung\/beratung-vor-einvernehmlicher-scheidung-gemaess-%c2%a7-95-abs-1a-aussstrg\/ungarisch-magyar\/","url":"https:\/\/trennungundscheidung.web-email.at\/elternberatung-vor-scheidung\/beratung-vor-einvernehmlicher-scheidung-gemaess-%c2%a7-95-abs-1a-aussstrg\/ungarisch-magyar\/","name":"Ungarisch (Magyar) - Elternberatung vor Scheidung nach \u00a7 95","isPartOf":{"@id":"https:\/\/trennungundscheidung.web-email.at\/elternberatung-vor-scheidung\/#website"},"primaryImageOfPage":{"@id":"https:\/\/trennungundscheidung.web-email.at\/elternberatung-vor-scheidung\/beratung-vor-einvernehmlicher-scheidung-gemaess-%c2%a7-95-abs-1a-aussstrg\/ungarisch-magyar\/#primaryimage"},"image":{"@id":"https:\/\/trennungundscheidung.web-email.at\/elternberatung-vor-scheidung\/beratung-vor-einvernehmlicher-scheidung-gemaess-%c2%a7-95-abs-1a-aussstrg\/ungarisch-magyar\/#primaryimage"},"thumbnailUrl":"https:\/\/trennungundscheidung.web-email.at\/elternberatung-vor-scheidung\/wp-content\/uploads\/sites\/3\/2017\/12\/ungarisch_magyar.png","datePublished":"2017-12-05T09:10:17+00:00","dateModified":"2017-12-07T06:43:39+00:00","breadcrumb":{"@id":"https:\/\/trennungundscheidung.web-email.at\/elternberatung-vor-scheidung\/beratung-vor-einvernehmlicher-scheidung-gemaess-%c2%a7-95-abs-1a-aussstrg\/ungarisch-magyar\/#breadcrumb"},"inLanguage":"de","potentialAction":[{"@type":"ReadAction","target":["https:\/\/trennungundscheidung.web-email.at\/elternberatung-vor-scheidung\/beratung-vor-einvernehmlicher-scheidung-gemaess-%c2%a7-95-abs-1a-aussstrg\/ungarisch-magyar\/"]}]},{"@type":"ImageObject","inLanguage":"de","@id":"https:\/\/trennungundscheidung.web-email.at\/elternberatung-vor-scheidung\/beratung-vor-einvernehmlicher-scheidung-gemaess-%c2%a7-95-abs-1a-aussstrg\/ungarisch-magyar\/#primaryimage","url":"https:\/\/trennungundscheidung.web-email.at\/elternberatung-vor-scheidung\/wp-content\/uploads\/sites\/3\/2017\/12\/ungarisch_magyar.png","contentUrl":"https:\/\/trennungundscheidung.web-email.at\/elternberatung-vor-scheidung\/wp-content\/uploads\/sites\/3\/2017\/12\/ungarisch_magyar.png","width":50,"height":32,"caption":"ungarisch - magyar"},{"@type":"BreadcrumbList","@id":"https:\/\/trennungundscheidung.web-email.at\/elternberatung-vor-scheidung\/beratung-vor-einvernehmlicher-scheidung-gemaess-%c2%a7-95-abs-1a-aussstrg\/ungarisch-magyar\/#breadcrumb","itemListElement":[{"@type":"ListItem","position":1,"name":"Home","item":"https:\/\/trennungundscheidung.web-email.at\/elternberatung-vor-scheidung\/"},{"@type":"ListItem","position":2,"name":"Beratung vor einvernehmlicher Scheidung gem\u00e4\u00df \u00a7 95 Abs. 1a Au\u00dfStrG","item":"https:\/\/trennungundscheidung.web-email.at\/elternberatung-vor-scheidung\/"},{"@type":"ListItem","position":3,"name":"Ungarisch (Magyar)"}]},{"@type":"WebSite","@id":"https:\/\/trennungundscheidung.web-email.at\/elternberatung-vor-scheidung\/#website","url":"https:\/\/trennungundscheidung.web-email.at\/elternberatung-vor-scheidung\/","name":"Elternberatung vor Scheidung nach \u00a7 95","description":"","potentialAction":[{"@type":"SearchAction","target":{"@type":"EntryPoint","urlTemplate":"https:\/\/trennungundscheidung.web-email.at\/elternberatung-vor-scheidung\/?s={search_term_string}"},"query-input":{"@type":"PropertyValueSpecification","valueRequired":true,"valueName":"search_term_string"}}],"inLanguage":"de"}]}},"_links":{"self":[{"href":"https:\/\/trennungundscheidung.web-email.at\/elternberatung-vor-scheidung\/wp-json\/wp\/v2\/pages\/202","targetHints":{"allow":["GET"]}}],"collection":[{"href":"https:\/\/trennungundscheidung.web-email.at\/elternberatung-vor-scheidung\/wp-json\/wp\/v2\/pages"}],"about":[{"href":"https:\/\/trennungundscheidung.web-email.at\/elternberatung-vor-scheidung\/wp-json\/wp\/v2\/types\/page"}],"author":[{"embeddable":true,"href":"https:\/\/trennungundscheidung.web-email.at\/elternberatung-vor-scheidung\/wp-json\/wp\/v2\/users\/8"}],"replies":[{"embeddable":true,"href":"https:\/\/trennungundscheidung.web-email.at\/elternberatung-vor-scheidung\/wp-json\/wp\/v2\/comments?post=202"}],"version-history":[{"count":2,"href":"https:\/\/trennungundscheidung.web-email.at\/elternberatung-vor-scheidung\/wp-json\/wp\/v2\/pages\/202\/revisions"}],"predecessor-version":[{"id":251,"href":"https:\/\/trennungundscheidung.web-email.at\/elternberatung-vor-scheidung\/wp-json\/wp\/v2\/pages\/202\/revisions\/251"}],"up":[{"embeddable":true,"href":"https:\/\/trennungundscheidung.web-email.at\/elternberatung-vor-scheidung\/wp-json\/wp\/v2\/pages\/10"}],"wp:attachment":[{"href":"https:\/\/trennungundscheidung.web-email.at\/elternberatung-vor-scheidung\/wp-json\/wp\/v2\/media?parent=202"}],"curies":[{"name":"wp","href":"https:\/\/api.w.org\/{rel}","templated":true}]}}