{"id":230,"date":"2017-12-05T14:11:02","date_gmt":"2017-12-05T13:11:02","guid":{"rendered":"https:\/\/trennungundscheidung.web-email.at\/elternberatung-vor-scheidung\/?page_id=230"},"modified":"2017-12-05T14:28:11","modified_gmt":"2017-12-05T13:28:11","slug":"deutsch","status":"publish","type":"page","link":"https:\/\/trennungundscheidung.web-email.at\/elternberatung-vor-scheidung\/beratung-vor-einvernehmlicher-scheidung-gemaess-%c2%a7-95-abs-1a-aussstrg\/deutsch\/","title":{"rendered":"Deutsch"},"content":{"rendered":"<p>Beratung vor einvernehmlicher Scheidung gem\u00e4\u00df \u00a7 95 Abs. 1a Au\u00dfStrG<\/p>\n<p><strong>Vorrang f\u00fcr das Kindeswohl<\/strong><\/p>\n<div class=\"container container-xs-fluid container-sm-fluid container-md-fluid\">\n<div class=\"layout-two-columns sidebar-right\">\n<div class=\"row\">\n<div id=\"content\" class=\"content col-xs-12 col-sm-9 col-md-9 col-lg-9\">\n<div class=\"inner\">\n<section role=\"main\">\n<article id=\"post-10\" class=\"post-10 page type-page status-publish hentry\">\n<section class=\"entry-content\">Bei den meisten Scheidungen gelingt es bereits im Vorfeld Einvernehmen \u00fcber die Regelung der Scheidungsfolgen (z.B. haupts\u00e4chlicher Aufenthalt der Kinder, Obsorge, Aus\u00fcbung des Rechtes auf pers\u00f6nlichen Verkehr, Kindesunterhalt) zu erzielen.Aber auch dann, wenn es zu einer einvernehmlichen Scheidung der Eltern kommt, bedeutet das f\u00fcr Kinder<\/p>\n<ul>\n<li>einen schmerzlichen Einschnitt in ihre Lebenssituation,<\/li>\n<li>einen massiven Verlust (auch, wenn unmittelbar dadurch eine Entspannung der aktuellen Lebenssituation eintreten kann),<\/li>\n<li>das Gef\u00fchl von Ohnmacht, Hilflosigkeit, Wut und Scham,<\/li>\n<li>Schuldgef\u00fchle, dass vielleicht eigenes Fehlverhalten der m\u00f6gliche Grund f\u00fcr die Scheidung gewesen sein k\u00f6nnte,<\/li>\n<li>\u00c4ngste, den Elternteil \u2013 der weggeht oder nicht mehr so h\u00e4ufig da ist \u2013 zu verlieren,<\/li>\n<li>Loyalit\u00e4tskonflikte gegen\u00fcber den Eltern,<\/li>\n<li>Neuorientierung im Familienleben bei ge\u00e4nderten Lebensverh\u00e4ltnissen \/ getrennten Wohnorten.<\/li>\n<\/ul>\n<p>Damit Eltern erfahren, wie es Kindern in dieser Situation geht und was sie von ihren Eltern brauchen, um die Trennung gut zu bew\u00e4ltigen, gibt es vor der einvernehmlichen Scheidung eine verpflichtende Beratung. In einem einmaligen Termin (Einzel-, Elternpaargespr\u00e4ch oder Gruppe) bekommen Sie Informationen \u00fcber typische Gef\u00fchlen, Sorgen, \u00c4ngste und Konflikte von Kindern und Jugendlichen, deren Eltern sich trennen, und erfahren, wie Sie Ihre Kinder bestm\u00f6glichen unterst\u00fctzen k\u00f6nnen.<\/p>\n<p>Sie erhalten eine Best\u00e4tigung \u00fcber die Teilnahme an der Beratung, die Sie dem Gericht vorlegen m\u00fcssen.<\/p>\n<p>Gesetzestext: \u00a7 95 Abs. 1a Au\u00dfStrG<\/p>\n<p>Vor Abschluss oder Vorlage einer Regelung der Scheidungsfolgen bei Gericht haben die Parteien zu bescheinigen, dass sie sich \u00fcber die spezifischen aus der Scheidung resultierenden Bed\u00fcrfnisse ihrer minderj\u00e4hrigen Kinder bei einer geeigneten Person oder Einrichtung haben beraten lassen.<\/p>\n<\/section>\n<\/article>\n<\/section>\n<\/div>\n<\/div>\n<\/div>\n<\/div>\n<\/div>\n","protected":false},"excerpt":{"rendered":"<p>Beratung vor einvernehmlicher Scheidung gem\u00e4\u00df \u00a7 95 Abs. 1a Au\u00dfStrG Vorrang f\u00fcr das Kindeswohl Bei den meisten Scheidungen gelingt es bereits im Vorfeld Einvernehmen \u00fcber die Regelung der Scheidungsfolgen (z.B. haupts\u00e4chlicher Aufenthalt der Kinder, Obsorge, Aus\u00fcbung des Rechtes auf pers\u00f6nlichen Verkehr, Kindesunterhalt) zu erzielen.Aber auch dann, wenn es zu einer einvernehmlichen Scheidung der Eltern kommt, [&hellip;]<\/p>\n","protected":false},"author":8,"featured_media":0,"parent":10,"menu_order":0,"comment_status":"closed","ping_status":"closed","template":"","meta":{"_acf_changed":false,"footnotes":""},"class_list":["post-230","page","type-page","status-publish","hentry"],"acf":[],"yoast_head":"<!-- This site is optimized with the Yoast SEO plugin v26.9 - https:\/\/yoast.com\/product\/yoast-seo-wordpress\/ -->\n<title>Deutsch - Elternberatung vor Scheidung nach \u00a7 95<\/title>\n<meta name=\"robots\" content=\"index, follow, max-snippet:-1, max-image-preview:large, max-video-preview:-1\" \/>\n<link rel=\"canonical\" href=\"https:\/\/trennungundscheidung.web-email.at\/elternberatung-vor-scheidung\/beratung-vor-einvernehmlicher-scheidung-gemaess-\u00a7-95-abs-1a-aussstrg\/deutsch\/\" \/>\n<meta property=\"og:locale\" content=\"de_DE\" \/>\n<meta property=\"og:type\" content=\"article\" \/>\n<meta property=\"og:title\" content=\"Deutsch - Elternberatung vor Scheidung nach \u00a7 95\" \/>\n<meta property=\"og:description\" content=\"Beratung vor einvernehmlicher Scheidung gem\u00e4\u00df \u00a7 95 Abs. 1a Au\u00dfStrG Vorrang f\u00fcr das Kindeswohl Bei den meisten Scheidungen gelingt es bereits im Vorfeld Einvernehmen \u00fcber die Regelung der Scheidungsfolgen (z.B. haupts\u00e4chlicher Aufenthalt der Kinder, Obsorge, Aus\u00fcbung des Rechtes auf pers\u00f6nlichen Verkehr, Kindesunterhalt) zu erzielen.Aber auch dann, wenn es zu einer einvernehmlichen Scheidung der Eltern kommt, [&hellip;]\" \/>\n<meta property=\"og:url\" content=\"https:\/\/trennungundscheidung.web-email.at\/elternberatung-vor-scheidung\/beratung-vor-einvernehmlicher-scheidung-gemaess-\u00a7-95-abs-1a-aussstrg\/deutsch\/\" \/>\n<meta property=\"og:site_name\" content=\"Elternberatung vor Scheidung nach \u00a7 95\" \/>\n<meta property=\"article:modified_time\" content=\"2017-12-05T13:28:11+00:00\" \/>\n<meta name=\"twitter:card\" content=\"summary_large_image\" \/>\n<meta name=\"twitter:label1\" content=\"Gesch\u00e4tzte Lesezeit\" \/>\n\t<meta name=\"twitter:data1\" content=\"1\u00a0Minute\" \/>\n<script type=\"application\/ld+json\" class=\"yoast-schema-graph\">{\"@context\":\"https:\/\/schema.org\",\"@graph\":[{\"@type\":\"WebPage\",\"@id\":\"https:\/\/trennungundscheidung.web-email.at\/elternberatung-vor-scheidung\/beratung-vor-einvernehmlicher-scheidung-gemaess-%c2%a7-95-abs-1a-aussstrg\/deutsch\/\",\"url\":\"https:\/\/trennungundscheidung.web-email.at\/elternberatung-vor-scheidung\/beratung-vor-einvernehmlicher-scheidung-gemaess-%c2%a7-95-abs-1a-aussstrg\/deutsch\/\",\"name\":\"Deutsch - Elternberatung vor Scheidung nach \u00a7 95\",\"isPartOf\":{\"@id\":\"https:\/\/trennungundscheidung.web-email.at\/elternberatung-vor-scheidung\/#website\"},\"datePublished\":\"2017-12-05T13:11:02+00:00\",\"dateModified\":\"2017-12-05T13:28:11+00:00\",\"breadcrumb\":{\"@id\":\"https:\/\/trennungundscheidung.web-email.at\/elternberatung-vor-scheidung\/beratung-vor-einvernehmlicher-scheidung-gemaess-%c2%a7-95-abs-1a-aussstrg\/deutsch\/#breadcrumb\"},\"inLanguage\":\"de\",\"potentialAction\":[{\"@type\":\"ReadAction\",\"target\":[\"https:\/\/trennungundscheidung.web-email.at\/elternberatung-vor-scheidung\/beratung-vor-einvernehmlicher-scheidung-gemaess-%c2%a7-95-abs-1a-aussstrg\/deutsch\/\"]}]},{\"@type\":\"BreadcrumbList\",\"@id\":\"https:\/\/trennungundscheidung.web-email.at\/elternberatung-vor-scheidung\/beratung-vor-einvernehmlicher-scheidung-gemaess-%c2%a7-95-abs-1a-aussstrg\/deutsch\/#breadcrumb\",\"itemListElement\":[{\"@type\":\"ListItem\",\"position\":1,\"name\":\"Home\",\"item\":\"https:\/\/trennungundscheidung.web-email.at\/elternberatung-vor-scheidung\/\"},{\"@type\":\"ListItem\",\"position\":2,\"name\":\"Beratung vor einvernehmlicher Scheidung gem\u00e4\u00df \u00a7 95 Abs. 1a Au\u00dfStrG\",\"item\":\"https:\/\/trennungundscheidung.web-email.at\/elternberatung-vor-scheidung\/\"},{\"@type\":\"ListItem\",\"position\":3,\"name\":\"Deutsch\"}]},{\"@type\":\"WebSite\",\"@id\":\"https:\/\/trennungundscheidung.web-email.at\/elternberatung-vor-scheidung\/#website\",\"url\":\"https:\/\/trennungundscheidung.web-email.at\/elternberatung-vor-scheidung\/\",\"name\":\"Elternberatung vor Scheidung nach \u00a7 95\",\"description\":\"\",\"potentialAction\":[{\"@type\":\"SearchAction\",\"target\":{\"@type\":\"EntryPoint\",\"urlTemplate\":\"https:\/\/trennungundscheidung.web-email.at\/elternberatung-vor-scheidung\/?s={search_term_string}\"},\"query-input\":{\"@type\":\"PropertyValueSpecification\",\"valueRequired\":true,\"valueName\":\"search_term_string\"}}],\"inLanguage\":\"de\"}]}<\/script>\n<!-- \/ Yoast SEO plugin. -->","yoast_head_json":{"title":"Deutsch - Elternberatung vor Scheidung nach \u00a7 95","robots":{"index":"index","follow":"follow","max-snippet":"max-snippet:-1","max-image-preview":"max-image-preview:large","max-video-preview":"max-video-preview:-1"},"canonical":"https:\/\/trennungundscheidung.web-email.at\/elternberatung-vor-scheidung\/beratung-vor-einvernehmlicher-scheidung-gemaess-\u00a7-95-abs-1a-aussstrg\/deutsch\/","og_locale":"de_DE","og_type":"article","og_title":"Deutsch - Elternberatung vor Scheidung nach \u00a7 95","og_description":"Beratung vor einvernehmlicher Scheidung gem\u00e4\u00df \u00a7 95 Abs. 1a Au\u00dfStrG Vorrang f\u00fcr das Kindeswohl Bei den meisten Scheidungen gelingt es bereits im Vorfeld Einvernehmen \u00fcber die Regelung der Scheidungsfolgen (z.B. haupts\u00e4chlicher Aufenthalt der Kinder, Obsorge, Aus\u00fcbung des Rechtes auf pers\u00f6nlichen Verkehr, Kindesunterhalt) zu erzielen.Aber auch dann, wenn es zu einer einvernehmlichen Scheidung der Eltern kommt, [&hellip;]","og_url":"https:\/\/trennungundscheidung.web-email.at\/elternberatung-vor-scheidung\/beratung-vor-einvernehmlicher-scheidung-gemaess-\u00a7-95-abs-1a-aussstrg\/deutsch\/","og_site_name":"Elternberatung vor Scheidung nach \u00a7 95","article_modified_time":"2017-12-05T13:28:11+00:00","twitter_card":"summary_large_image","twitter_misc":{"Gesch\u00e4tzte Lesezeit":"1\u00a0Minute"},"schema":{"@context":"https:\/\/schema.org","@graph":[{"@type":"WebPage","@id":"https:\/\/trennungundscheidung.web-email.at\/elternberatung-vor-scheidung\/beratung-vor-einvernehmlicher-scheidung-gemaess-%c2%a7-95-abs-1a-aussstrg\/deutsch\/","url":"https:\/\/trennungundscheidung.web-email.at\/elternberatung-vor-scheidung\/beratung-vor-einvernehmlicher-scheidung-gemaess-%c2%a7-95-abs-1a-aussstrg\/deutsch\/","name":"Deutsch - Elternberatung vor Scheidung nach \u00a7 95","isPartOf":{"@id":"https:\/\/trennungundscheidung.web-email.at\/elternberatung-vor-scheidung\/#website"},"datePublished":"2017-12-05T13:11:02+00:00","dateModified":"2017-12-05T13:28:11+00:00","breadcrumb":{"@id":"https:\/\/trennungundscheidung.web-email.at\/elternberatung-vor-scheidung\/beratung-vor-einvernehmlicher-scheidung-gemaess-%c2%a7-95-abs-1a-aussstrg\/deutsch\/#breadcrumb"},"inLanguage":"de","potentialAction":[{"@type":"ReadAction","target":["https:\/\/trennungundscheidung.web-email.at\/elternberatung-vor-scheidung\/beratung-vor-einvernehmlicher-scheidung-gemaess-%c2%a7-95-abs-1a-aussstrg\/deutsch\/"]}]},{"@type":"BreadcrumbList","@id":"https:\/\/trennungundscheidung.web-email.at\/elternberatung-vor-scheidung\/beratung-vor-einvernehmlicher-scheidung-gemaess-%c2%a7-95-abs-1a-aussstrg\/deutsch\/#breadcrumb","itemListElement":[{"@type":"ListItem","position":1,"name":"Home","item":"https:\/\/trennungundscheidung.web-email.at\/elternberatung-vor-scheidung\/"},{"@type":"ListItem","position":2,"name":"Beratung vor einvernehmlicher Scheidung gem\u00e4\u00df \u00a7 95 Abs. 1a Au\u00dfStrG","item":"https:\/\/trennungundscheidung.web-email.at\/elternberatung-vor-scheidung\/"},{"@type":"ListItem","position":3,"name":"Deutsch"}]},{"@type":"WebSite","@id":"https:\/\/trennungundscheidung.web-email.at\/elternberatung-vor-scheidung\/#website","url":"https:\/\/trennungundscheidung.web-email.at\/elternberatung-vor-scheidung\/","name":"Elternberatung vor Scheidung nach \u00a7 95","description":"","potentialAction":[{"@type":"SearchAction","target":{"@type":"EntryPoint","urlTemplate":"https:\/\/trennungundscheidung.web-email.at\/elternberatung-vor-scheidung\/?s={search_term_string}"},"query-input":{"@type":"PropertyValueSpecification","valueRequired":true,"valueName":"search_term_string"}}],"inLanguage":"de"}]}},"_links":{"self":[{"href":"https:\/\/trennungundscheidung.web-email.at\/elternberatung-vor-scheidung\/wp-json\/wp\/v2\/pages\/230","targetHints":{"allow":["GET"]}}],"collection":[{"href":"https:\/\/trennungundscheidung.web-email.at\/elternberatung-vor-scheidung\/wp-json\/wp\/v2\/pages"}],"about":[{"href":"https:\/\/trennungundscheidung.web-email.at\/elternberatung-vor-scheidung\/wp-json\/wp\/v2\/types\/page"}],"author":[{"embeddable":true,"href":"https:\/\/trennungundscheidung.web-email.at\/elternberatung-vor-scheidung\/wp-json\/wp\/v2\/users\/8"}],"replies":[{"embeddable":true,"href":"https:\/\/trennungundscheidung.web-email.at\/elternberatung-vor-scheidung\/wp-json\/wp\/v2\/comments?post=230"}],"version-history":[{"count":3,"href":"https:\/\/trennungundscheidung.web-email.at\/elternberatung-vor-scheidung\/wp-json\/wp\/v2\/pages\/230\/revisions"}],"predecessor-version":[{"id":241,"href":"https:\/\/trennungundscheidung.web-email.at\/elternberatung-vor-scheidung\/wp-json\/wp\/v2\/pages\/230\/revisions\/241"}],"up":[{"embeddable":true,"href":"https:\/\/trennungundscheidung.web-email.at\/elternberatung-vor-scheidung\/wp-json\/wp\/v2\/pages\/10"}],"wp:attachment":[{"href":"https:\/\/trennungundscheidung.web-email.at\/elternberatung-vor-scheidung\/wp-json\/wp\/v2\/media?parent=230"}],"curies":[{"name":"wp","href":"https:\/\/api.w.org\/{rel}","templated":true}]}}