{"id":13,"date":"2017-02-24T08:17:02","date_gmt":"2017-02-24T07:17:02","guid":{"rendered":"https:\/\/trennungundscheidung.web-email.at\/familien-eltern-oder-erziehungsberatung\/?page_id=13"},"modified":"2022-10-10T12:28:09","modified_gmt":"2022-10-10T10:28:09","slug":"den-blick-wieder-auf-die-kinder-richten","status":"publish","type":"page","link":"https:\/\/trennungundscheidung.web-email.at\/familien-eltern-oder-erziehungsberatung\/","title":{"rendered":"&#8230; den Blick wieder auf die Kinder richten!"},"content":{"rendered":"<p>Ein gemeinsames Kind verbindet ein Leben lang. Nach einer Trennung gestaltet es sich f\u00fcr die ehemaligen Partner oft schwierig, Obsorge- und Kontaktrechtsregelungen f\u00fcr das gemeinsame Kind bzw. die gemeinsamen Kinder zu treffen. Gelingt es den Eltern nicht, Regelungen im besten Interesse des Kindes zu treffen und diese auch im Alltag einzuhalten, dann kann das Gericht eine Familien-, Eltern \u2013 oder Erziehungsberatung nach \u00a7 107 Abs. 3 Z. 1 Au\u00dfStrG<a name=\"_ftnref1\"><\/a><a href=\"https:\/\/trennungundscheidung.web-email.at\/familien-eltern-oder-erziehungsberatung\/wp-content\/uploads\/sites\/6\/2017\/04\/Qualita\u0308tsstandards-zur-Familien-Eltern-oder-Erziehungsberatung-nach-\u00a7-107-Abs.-3-Z-1-Au\u00dfStrG.pdf\">[1]<\/a> anordnen.<\/p>\n<p>Eine solche Familien-, Eltern- oder Erziehungsberatung kann vom Gericht angeordnet werden:<\/p>\n<ul>\n<li>bei nicht funktionierenden Obsorge- und Kontaktrechtsregelungen<\/li>\n<li>bei Uneinigkeit der Eltern \u00fcber die Gestaltung der Elternschaft<\/li>\n<li>bei gest\u00f6rter elterlicher Kommunikation und mangelnder Kooperation<\/li>\n<li>bei Negieren kindlicher Entwicklungsbed\u00fcrfnisse<\/li>\n<li>in hocheskalierten Konflikten zwischen den Eltern (Hochstrittigkeit)<\/li>\n<li>bei der Sorge \u00fcber die Erziehungsf\u00e4higkeit der Eltern bzw. eines Elternteils<\/li>\n<\/ul>\n<p>Das Gericht legt das Stundenausma\u00df der Beratung fest. Die Erziehungsberatung soll Eltern die M\u00f6glichkeit bieten in gesch\u00fctztem Rahmen, au\u00dferhalb des Gerichtssaals \u00fcber die Bed\u00fcrfnisse ihrer Kinder zu sprechen. Idealtypisch nehmen beide Eltern teil, um gemeinsame L\u00f6sungen erarbeiten zu k\u00f6nnen.<\/p>\n<p>Als Expert\/innen in p\u00e4dagogischen und kinderpsychologischen Angelegenheiten lenken die Erziehungsberater\/innen <a href=\"https:\/\/trennungundscheidung.web-email.at\/familien-eltern-oder-erziehungsberatung\/berater\/\">https:\/\/trennungundscheidung.web-email.at\/familien-eltern-oder-erziehungsberatung\/berater\/<\/a> die Aufmerksamkeit der Eltern auf ein gemeinsames Interesse: das Wohlergehen des Kindes.<\/p>\n<p>Wichtig:<\/p>\n<p>\u2013 Die Liste der anerkannten Familien-, Eltern- oder Erziehungsberater\/innen <a href=\"https:\/\/trennungundscheidung.web-email.at\/familien-eltern-oder-erziehungsberatung\/berater\/\"><u>https:\/\/trennungundscheidung.web-email.at\/familien-eltern-oder-erziehungsberatung\/berater\/<\/u><\/a> \u00a0soll eine Orientierungshilfe bei der Suche nach einem\/r geeigneten Berater\/in bieten. Den Richter\/innen bleibt es unbenommen, Erziehungsberatungen im Sinn des \u00a7 107 Abs. 3 Z. 1 Au\u00dfStrG durch andere Berater\/innen als geeignet anzuerkennen.<\/p>\n<p>\u2013 Die Kosten der gerichtlich angeordneten Erziehungsberatung sind von den Eltern selbst zu tragen. Als Richtwert gilt nach den <a href=\"https:\/\/trennungundscheidung.web-email.at\/familien-eltern-oder-erziehungsberatung\/wp-content\/uploads\/sites\/6\/2018\/05\/Qualita\u0308sstandards-Ma\u0308rz-2018.pdf\">[1] Qualit\u00e4tsstandards zur Familien-, Eltern- oder Erziehungsberatung nach \u00a7 107 Abs. 3 Z. 1\u00a0<\/a> ein Honorar zwischen 70 \u2013 120 Euro (exkl. USt.) pro Stunde.<\/p>\n<p>\u2013 Wirkt das Kind nach Einsch\u00e4tzung des Richters \/ der Richterin von dem Obsorge- bzw. Kontaktrechtsverfahren sehr belastet, kann er\/sie zu seiner Unterst\u00fctzung einen Kinderbeistand <a href=\"https:\/\/trennungundscheidung.web-email.at\/kinderbeistand\/\">https:\/\/trennungundscheidung.web-email.at\/kinderbeistand\/<\/a> einsetzen.<\/p>\n<p>In den von einer multidisziplin\u00e4ren ExpertInnenkommission erarbeiteten Qualit\u00e4tsstandards finden Sie weitere Informationen zur Familien-, Eltern- oder Erziehungsberatung nach \u00a7 107 Abs. 3 Z. 1<\/p>\n<p>[1] <a href=\"https:\/\/trennungundscheidung.web-email.at\/familien-eltern-oder-erziehungsberatung\/wp-content\/uploads\/sites\/6\/2018\/05\/Qualita\u0308sstandards-Ma\u0308rz-2018.pdf\">Qualit\u00e4tsstandards zur Familien-, Eltern- oder Erziehungsberatung nach \u00a7 107 Abs. 3 Z. 1<\/a><\/p>\n<p><em>In die Liste der anerkannten Familien-, Eltern- oder Erziehungsberater\/innen nach \u00a7 107 Abs. 3 Z 1 Au\u00dfStrG eingetragene Personen haben alle f\u00fcnf Jahre (erstmals f\u00fcnf Jahre nach Eintragung) Nachweise zu erbringen, dass sie an qualit\u00e4tssichernden Ma\u00dfnahmen teilgenommen haben (siehe Pkt. 6 der Qualit\u00e4tsstandards). Aufgrund der gro\u00dfen Anzahl von eingelangten Nachweisen kommt es derzeit zu l\u00e4ngeren Wartezeiten in Hinblick auf die Beurteilung der Nachweise. Familien -, Eltern &#8211; oder Erziehungsberater\/innen erhalten eine Benachrichtigung, sobald die \u00dcberpr\u00fcfung der von ihnen \u00fcbermittelten Nachweise erfolgt ist. Es ist beabsichtigt, die Beurteilung der Nachweise f\u00fcr die Familien -, Eltern &#8211; oder Erziehungsberater\/innen, die im Jahre 2016 in die Liste eingetragen wurden, bis M\u00e4rz 2023 abzuschlie\u00dfen.<\/em><\/p>\n<p><a href=\"https:\/\/trennungundscheidung.web-email.at\/familien-eltern-oder-erziehungsberatung\/\"><img loading=\"lazy\" decoding=\"async\" class=\"alignnone wp-image-112\" src=\"https:\/\/trennungundscheidung.web-email.at\/familien-eltern-oder-erziehungsberatung\/wp-content\/uploads\/sites\/6\/2020\/02\/deutsch.png\" alt=\"deutsch\" width=\"30\" height=\"19\" \/><\/a> <a href=\"https:\/\/trennungundscheidung.web-email.at\/familien-eltern-oder-erziehungsberatung\/putting-the-focus-back-on-the-children\/\"><img loading=\"lazy\" decoding=\"async\" class=\"alignnone wp-image-112\" src=\"https:\/\/trennungundscheidung.web-email.at\/familien-eltern-oder-erziehungsberatung\/wp-content\/uploads\/sites\/6\/2020\/02\/englisch_english.jpg\" alt=\"englisch\" width=\"30\" height=\"19\" \/><\/a> <a href=\"https:\/\/trennungundscheidung.web-email.at\/familien-eltern-oder-erziehungsberatung\/den-blick-wieder-auf-die-kinder-richten\/pour-se-concentrer-a-nouveau-sur-les-enfants-franzoesisch-francais\/\"><img loading=\"lazy\" decoding=\"async\" class=\"alignnone wp-image-112\" src=\"https:\/\/trennungundscheidung.web-email.at\/familien-eltern-oder-erziehungsberatung\/wp-content\/uploads\/sites\/6\/2020\/02\/franzoesisch_francais.png\" alt=\"franz\u00f6sisch\" width=\"30\" height=\"19\" \/><\/a> <a href=\"https:\/\/trennungundscheidung.web-email.at\/familien-eltern-oder-erziehungsberatung\/den-blick-wieder-auf-die-kinder-richten\/yoenuemuezue-tekrar-cocuklara-cevirelim-tuerkisch-turkce\/\"><img loading=\"lazy\" decoding=\"async\" class=\"alignnone wp-image-112\" src=\"https:\/\/trennungundscheidung.web-email.at\/familien-eltern-oder-erziehungsberatung\/wp-content\/uploads\/sites\/6\/2020\/02\/tuerkisch-turkce.png\" alt=\"t\u00fcrkisch\" width=\"30\" height=\"19\" \/><\/a> <a href=\"https:\/\/trennungundscheidung.web-email.at\/familien-eltern-oder-erziehungsberatung\/den-blick-wieder-auf-die-kinder-richten\/uwage-na-dzieci-zwrocic-polnisch-polski\/\"><img loading=\"lazy\" decoding=\"async\" class=\"alignnone wp-image-112\" src=\"https:\/\/trennungundscheidung.web-email.at\/familien-eltern-oder-erziehungsberatung\/wp-content\/uploads\/sites\/6\/2020\/02\/polnisch_polski.png\" alt=\"t\u00fcrkisch\" width=\"30\" height=\"19\" \/><\/a> <a href=\"https:\/\/trennungundscheidung.web-email.at\/familien-eltern-oder-erziehungsberatung\/den-blick-wieder-auf-die-kinder-richten\/forditsunk-toebb-figyelmet-a-gyerekre-ungarisch-magyar\/\"><img loading=\"lazy\" decoding=\"async\" class=\"alignnone wp-image-112\" src=\"https:\/\/trennungundscheidung.web-email.at\/familien-eltern-oder-erziehungsberatung\/wp-content\/uploads\/sites\/6\/2020\/02\/ungarisch_magyar.png\" alt=\"ungarisch\" width=\"30\" height=\"19\" \/><\/a> <a href=\"https:\/\/trennungundscheidung.web-email.at\/familien-eltern-oder-erziehungsberatung\/den-blick-wieder-auf-die-kinder-richten\/skrenimo-paznju-ponovo-ka-djeci-kroatisch-hrvatski\/\"><img loading=\"lazy\" decoding=\"async\" class=\"alignnone wp-image-112\" src=\"https:\/\/trennungundscheidung.web-email.at\/familien-eltern-oder-erziehungsberatung\/wp-content\/uploads\/sites\/6\/2020\/02\/kroatisch_hrvatski.png\" alt=\"kroatisch\" width=\"30\" height=\"19\" \/><\/a> <a href=\"https:\/\/trennungundscheidung.web-email.at\/familien-eltern-oder-erziehungsberatung\/den-blick-wieder-auf-die-kinder-richten\/skrenimo-paznju-ponovo-ka-djeci-bosnisch-bosanski\/\"><img loading=\"lazy\" decoding=\"async\" class=\"alignnone wp-image-112\" src=\"https:\/\/trennungundscheidung.web-email.at\/familien-eltern-oder-erziehungsberatung\/wp-content\/uploads\/sites\/6\/2020\/02\/bosnisch_bosanski.png\" alt=\"bosnisch\" width=\"30\" height=\"19\" \/><\/a> <a href=\"https:\/\/trennungundscheidung.web-email.at\/familien-eltern-oder-erziehungsberatung\/den-blick-wieder-auf-die-kinder-richten\/%d8%a7%d8%b3%d8%aa%d8%b9%d8%a7%d8%af%d8%a9-%d8%a7%d9%84%d9%86%d8%b8%d8%b1%d8%a9-%d8%b9%d9%84%d9%89-%d8%a7%d9%84%d8%a3%d8%b7%d9%81%d8%a7%d9%84-arabisch-%d8%a7%d9%8e%d9%84%d9%92%d8%b9%d9%8e%d8%b1\/\"><img loading=\"lazy\" decoding=\"async\" class=\"alignnone wp-image-112\" src=\"https:\/\/trennungundscheidung.web-email.at\/familien-eltern-oder-erziehungsberatung\/wp-content\/uploads\/sites\/6\/2020\/02\/arabisch.png\" alt=\"arabisch\" width=\"30\" height=\"19\" \/><\/a> <a href=\"https:\/\/trennungundscheidung.web-email.at\/familien-eltern-oder-erziehungsberatung\/den-blick-wieder-auf-die-kinder-richten\/%d8%a7%d8%b7%d9%81%d8%a7%d9%84-%d9%85%d8%b1%da%a9%d8%b2-%d8%aa%d9%88%d8%ac%d9%87-%d9%85%d8%a7-%d9%87%d8%b3%d8%aa%d9%86%d8%af-persisch-%d9%85%d8%b4%d8%a7%d9%88%d8%b1%d9%87-%d8%ae%d8%a7%d9%86\/\"><img loading=\"lazy\" decoding=\"async\" class=\"alignnone wp-image-112\" src=\"https:\/\/trennungundscheidung.web-email.at\/familien-eltern-oder-erziehungsberatung\/wp-content\/uploads\/sites\/6\/2020\/02\/farsi_\u0641\u0627\u0631\u0633\u06cc_.png\" alt=\"persisch\" width=\"30\" height=\"19\" \/><\/a> <a href=\"https:\/\/trennungundscheidung.web-email.at\/familien-eltern-oder-erziehungsberatung\/den-blick-wieder-auf-die-kinder-richten\/volgere-di-nuovo-lo-sguardo-ai-bambini-italienisch-italiano\/\"><img loading=\"lazy\" decoding=\"async\" class=\"alignnone wp-image-112\" src=\"https:\/\/trennungundscheidung.web-email.at\/familien-eltern-oder-erziehungsberatung\/wp-content\/uploads\/sites\/6\/2020\/02\/Italienisch.png\" alt=\"italienisch\" width=\"30\" height=\"19\" \/><\/a><\/p>\n","protected":false},"excerpt":{"rendered":"<p>Ein gemeinsames Kind verbindet ein Leben lang. Nach einer Trennung gestaltet es sich f\u00fcr die ehemaligen Partner oft schwierig, Obsorge- und Kontaktrechtsregelungen f\u00fcr das gemeinsame Kind bzw. die gemeinsamen Kinder zu treffen. Gelingt es den Eltern nicht, Regelungen im besten Interesse des Kindes zu treffen und diese auch im Alltag einzuhalten, dann kann das Gericht [&hellip;]<\/p>\n","protected":false},"author":1,"featured_media":0,"parent":0,"menu_order":0,"comment_status":"closed","ping_status":"closed","template":"","meta":{"_acf_changed":false,"footnotes":""},"class_list":["post-13","page","type-page","status-publish","hentry"],"acf":[],"yoast_head":"<!-- This site is optimized with the Yoast SEO plugin v26.9 - https:\/\/yoast.com\/product\/yoast-seo-wordpress\/ -->\n<title>Familien-, Eltern \u2013 oder Erziehungsberatung nach \u00a7 107 | Trennung &amp; Scheidung<\/title>\n<meta name=\"description\" content=\"Eine Familien-, Eltern \u2013 oder Erziehungsberatung nach \u00a7 107 unterst\u00fctzt Eltern dabei, den Blick auf die Bed\u00fcrfnisse und N\u00f6te ihrer Kinder zu richten.\" \/>\n<meta name=\"robots\" content=\"index, follow, max-snippet:-1, max-image-preview:large, max-video-preview:-1\" \/>\n<link rel=\"canonical\" href=\"https:\/\/trennungundscheidung.web-email.at\/familien-eltern-oder-erziehungsberatung\/\" \/>\n<meta property=\"og:locale\" content=\"de_DE\" \/>\n<meta property=\"og:type\" content=\"article\" \/>\n<meta property=\"og:title\" content=\"Familien-, Eltern \u2013 oder Erziehungsberatung nach \u00a7 107 | Trennung &amp; Scheidung\" \/>\n<meta property=\"og:description\" content=\"Eine Familien-, Eltern \u2013 oder Erziehungsberatung nach \u00a7 107 unterst\u00fctzt Eltern dabei, den Blick auf die Bed\u00fcrfnisse und N\u00f6te ihrer Kinder zu richten.\" \/>\n<meta property=\"og:url\" content=\"https:\/\/trennungundscheidung.web-email.at\/familien-eltern-oder-erziehungsberatung\/\" \/>\n<meta property=\"og:site_name\" content=\"Familien-, Eltern- oder Erziehungsberatung nach \u00a7 107\" \/>\n<meta property=\"article:modified_time\" content=\"2022-10-10T10:28:09+00:00\" \/>\n<meta property=\"og:image\" content=\"https:\/\/trennungundscheidung.web-email.at\/familien-eltern-oder-erziehungsberatung\/wp-content\/uploads\/sites\/6\/2020\/02\/deutsch.png\" \/>\n<meta name=\"twitter:card\" content=\"summary_large_image\" \/>\n<meta name=\"twitter:label1\" content=\"Gesch\u00e4tzte Lesezeit\" \/>\n\t<meta name=\"twitter:data1\" content=\"5\u00a0Minuten\" \/>\n<script type=\"application\/ld+json\" class=\"yoast-schema-graph\">{\"@context\":\"https:\/\/schema.org\",\"@graph\":[{\"@type\":\"WebPage\",\"@id\":\"https:\/\/trennungundscheidung.web-email.at\/familien-eltern-oder-erziehungsberatung\/\",\"url\":\"https:\/\/trennungundscheidung.web-email.at\/familien-eltern-oder-erziehungsberatung\/\",\"name\":\"Familien-, Eltern \u2013 oder Erziehungsberatung nach \u00a7 107 | Trennung & Scheidung\",\"isPartOf\":{\"@id\":\"https:\/\/trennungundscheidung.web-email.at\/familien-eltern-oder-erziehungsberatung\/#website\"},\"primaryImageOfPage\":{\"@id\":\"https:\/\/trennungundscheidung.web-email.at\/familien-eltern-oder-erziehungsberatung\/#primaryimage\"},\"image\":{\"@id\":\"https:\/\/trennungundscheidung.web-email.at\/familien-eltern-oder-erziehungsberatung\/#primaryimage\"},\"thumbnailUrl\":\"https:\/\/trennungundscheidung.web-email.at\/familien-eltern-oder-erziehungsberatung\/wp-content\/uploads\/sites\/6\/2020\/02\/deutsch.png\",\"datePublished\":\"2017-02-24T07:17:02+00:00\",\"dateModified\":\"2022-10-10T10:28:09+00:00\",\"description\":\"Eine Familien-, Eltern \u2013 oder Erziehungsberatung nach \u00a7 107 unterst\u00fctzt Eltern dabei, den Blick auf die Bed\u00fcrfnisse und N\u00f6te ihrer Kinder zu richten.\",\"breadcrumb\":{\"@id\":\"https:\/\/trennungundscheidung.web-email.at\/familien-eltern-oder-erziehungsberatung\/#breadcrumb\"},\"inLanguage\":\"de\",\"potentialAction\":[{\"@type\":\"ReadAction\",\"target\":[\"https:\/\/trennungundscheidung.web-email.at\/familien-eltern-oder-erziehungsberatung\/\"]}]},{\"@type\":\"ImageObject\",\"inLanguage\":\"de\",\"@id\":\"https:\/\/trennungundscheidung.web-email.at\/familien-eltern-oder-erziehungsberatung\/#primaryimage\",\"url\":\"https:\/\/trennungundscheidung.web-email.at\/familien-eltern-oder-erziehungsberatung\/wp-content\/uploads\/sites\/6\/2020\/02\/deutsch.png\",\"contentUrl\":\"https:\/\/trennungundscheidung.web-email.at\/familien-eltern-oder-erziehungsberatung\/wp-content\/uploads\/sites\/6\/2020\/02\/deutsch.png\",\"width\":50,\"height\":32},{\"@type\":\"BreadcrumbList\",\"@id\":\"https:\/\/trennungundscheidung.web-email.at\/familien-eltern-oder-erziehungsberatung\/#breadcrumb\",\"itemListElement\":[{\"@type\":\"ListItem\",\"position\":1,\"name\":\"Home\",\"item\":\"https:\/\/trennungundscheidung.web-email.at\/familien-eltern-oder-erziehungsberatung\/\"},{\"@type\":\"ListItem\",\"position\":2,\"name\":\"&#8230; den Blick wieder auf die Kinder richten!\"}]},{\"@type\":\"WebSite\",\"@id\":\"https:\/\/trennungundscheidung.web-email.at\/familien-eltern-oder-erziehungsberatung\/#website\",\"url\":\"https:\/\/trennungundscheidung.web-email.at\/familien-eltern-oder-erziehungsberatung\/\",\"name\":\"Familien-, Eltern- oder Erziehungsberatung nach \u00a7 107\",\"description\":\"\",\"potentialAction\":[{\"@type\":\"SearchAction\",\"target\":{\"@type\":\"EntryPoint\",\"urlTemplate\":\"https:\/\/trennungundscheidung.web-email.at\/familien-eltern-oder-erziehungsberatung\/?s={search_term_string}\"},\"query-input\":{\"@type\":\"PropertyValueSpecification\",\"valueRequired\":true,\"valueName\":\"search_term_string\"}}],\"inLanguage\":\"de\"}]}<\/script>\n<!-- \/ Yoast SEO plugin. -->","yoast_head_json":{"title":"Familien-, Eltern \u2013 oder Erziehungsberatung nach \u00a7 107 | Trennung & Scheidung","description":"Eine Familien-, Eltern \u2013 oder Erziehungsberatung nach \u00a7 107 unterst\u00fctzt Eltern dabei, den Blick auf die Bed\u00fcrfnisse und N\u00f6te ihrer Kinder zu richten.","robots":{"index":"index","follow":"follow","max-snippet":"max-snippet:-1","max-image-preview":"max-image-preview:large","max-video-preview":"max-video-preview:-1"},"canonical":"https:\/\/trennungundscheidung.web-email.at\/familien-eltern-oder-erziehungsberatung\/","og_locale":"de_DE","og_type":"article","og_title":"Familien-, Eltern \u2013 oder Erziehungsberatung nach \u00a7 107 | Trennung & Scheidung","og_description":"Eine Familien-, Eltern \u2013 oder Erziehungsberatung nach \u00a7 107 unterst\u00fctzt Eltern dabei, den Blick auf die Bed\u00fcrfnisse und N\u00f6te ihrer Kinder zu richten.","og_url":"https:\/\/trennungundscheidung.web-email.at\/familien-eltern-oder-erziehungsberatung\/","og_site_name":"Familien-, Eltern- oder Erziehungsberatung nach \u00a7 107","article_modified_time":"2022-10-10T10:28:09+00:00","og_image":[{"url":"https:\/\/trennungundscheidung.web-email.at\/familien-eltern-oder-erziehungsberatung\/wp-content\/uploads\/sites\/6\/2020\/02\/deutsch.png","type":"","width":"","height":""}],"twitter_card":"summary_large_image","twitter_misc":{"Gesch\u00e4tzte Lesezeit":"5\u00a0Minuten"},"schema":{"@context":"https:\/\/schema.org","@graph":[{"@type":"WebPage","@id":"https:\/\/trennungundscheidung.web-email.at\/familien-eltern-oder-erziehungsberatung\/","url":"https:\/\/trennungundscheidung.web-email.at\/familien-eltern-oder-erziehungsberatung\/","name":"Familien-, Eltern \u2013 oder Erziehungsberatung nach \u00a7 107 | Trennung & Scheidung","isPartOf":{"@id":"https:\/\/trennungundscheidung.web-email.at\/familien-eltern-oder-erziehungsberatung\/#website"},"primaryImageOfPage":{"@id":"https:\/\/trennungundscheidung.web-email.at\/familien-eltern-oder-erziehungsberatung\/#primaryimage"},"image":{"@id":"https:\/\/trennungundscheidung.web-email.at\/familien-eltern-oder-erziehungsberatung\/#primaryimage"},"thumbnailUrl":"https:\/\/trennungundscheidung.web-email.at\/familien-eltern-oder-erziehungsberatung\/wp-content\/uploads\/sites\/6\/2020\/02\/deutsch.png","datePublished":"2017-02-24T07:17:02+00:00","dateModified":"2022-10-10T10:28:09+00:00","description":"Eine Familien-, Eltern \u2013 oder Erziehungsberatung nach \u00a7 107 unterst\u00fctzt Eltern dabei, den Blick auf die Bed\u00fcrfnisse und N\u00f6te ihrer Kinder zu richten.","breadcrumb":{"@id":"https:\/\/trennungundscheidung.web-email.at\/familien-eltern-oder-erziehungsberatung\/#breadcrumb"},"inLanguage":"de","potentialAction":[{"@type":"ReadAction","target":["https:\/\/trennungundscheidung.web-email.at\/familien-eltern-oder-erziehungsberatung\/"]}]},{"@type":"ImageObject","inLanguage":"de","@id":"https:\/\/trennungundscheidung.web-email.at\/familien-eltern-oder-erziehungsberatung\/#primaryimage","url":"https:\/\/trennungundscheidung.web-email.at\/familien-eltern-oder-erziehungsberatung\/wp-content\/uploads\/sites\/6\/2020\/02\/deutsch.png","contentUrl":"https:\/\/trennungundscheidung.web-email.at\/familien-eltern-oder-erziehungsberatung\/wp-content\/uploads\/sites\/6\/2020\/02\/deutsch.png","width":50,"height":32},{"@type":"BreadcrumbList","@id":"https:\/\/trennungundscheidung.web-email.at\/familien-eltern-oder-erziehungsberatung\/#breadcrumb","itemListElement":[{"@type":"ListItem","position":1,"name":"Home","item":"https:\/\/trennungundscheidung.web-email.at\/familien-eltern-oder-erziehungsberatung\/"},{"@type":"ListItem","position":2,"name":"&#8230; den Blick wieder auf die Kinder richten!"}]},{"@type":"WebSite","@id":"https:\/\/trennungundscheidung.web-email.at\/familien-eltern-oder-erziehungsberatung\/#website","url":"https:\/\/trennungundscheidung.web-email.at\/familien-eltern-oder-erziehungsberatung\/","name":"Familien-, Eltern- oder Erziehungsberatung nach \u00a7 107","description":"","potentialAction":[{"@type":"SearchAction","target":{"@type":"EntryPoint","urlTemplate":"https:\/\/trennungundscheidung.web-email.at\/familien-eltern-oder-erziehungsberatung\/?s={search_term_string}"},"query-input":{"@type":"PropertyValueSpecification","valueRequired":true,"valueName":"search_term_string"}}],"inLanguage":"de"}]}},"_links":{"self":[{"href":"https:\/\/trennungundscheidung.web-email.at\/familien-eltern-oder-erziehungsberatung\/wp-json\/wp\/v2\/pages\/13","targetHints":{"allow":["GET"]}}],"collection":[{"href":"https:\/\/trennungundscheidung.web-email.at\/familien-eltern-oder-erziehungsberatung\/wp-json\/wp\/v2\/pages"}],"about":[{"href":"https:\/\/trennungundscheidung.web-email.at\/familien-eltern-oder-erziehungsberatung\/wp-json\/wp\/v2\/types\/page"}],"author":[{"embeddable":true,"href":"https:\/\/trennungundscheidung.web-email.at\/familien-eltern-oder-erziehungsberatung\/wp-json\/wp\/v2\/users\/1"}],"replies":[{"embeddable":true,"href":"https:\/\/trennungundscheidung.web-email.at\/familien-eltern-oder-erziehungsberatung\/wp-json\/wp\/v2\/comments?post=13"}],"version-history":[{"count":10,"href":"https:\/\/trennungundscheidung.web-email.at\/familien-eltern-oder-erziehungsberatung\/wp-json\/wp\/v2\/pages\/13\/revisions"}],"predecessor-version":[{"id":460,"href":"https:\/\/trennungundscheidung.web-email.at\/familien-eltern-oder-erziehungsberatung\/wp-json\/wp\/v2\/pages\/13\/revisions\/460"}],"wp:attachment":[{"href":"https:\/\/trennungundscheidung.web-email.at\/familien-eltern-oder-erziehungsberatung\/wp-json\/wp\/v2\/media?parent=13"}],"curies":[{"name":"wp","href":"https:\/\/api.w.org\/{rel}","templated":true}]}}