{"id":165,"date":"2018-05-09T08:39:27","date_gmt":"2018-05-09T06:39:27","guid":{"rendered":"https:\/\/trennungundscheidung.web-email.at\/familien-eltern-oder-erziehungsberatung\/?page_id=165"},"modified":"2018-10-15T14:18:04","modified_gmt":"2018-10-15T12:18:04","slug":"fachkonferenz-der-familien-eltern-und-erziehungsberatung-nach-%c2%a7-107-abs-3-aussstrg","status":"publish","type":"page","link":"https:\/\/trennungundscheidung.web-email.at\/familien-eltern-oder-erziehungsberatung\/fachkonferenz-der-familien-eltern-und-erziehungsberatung-nach-%c2%a7-107-abs-3-aussstrg\/","title":{"rendered":"Fachkonferenz"},"content":{"rendered":"<h2>Am 5.\/6. Oktober 2018 fand die 1. Fachtagung zur angeordneten Familien-, Eltern- und Erziehungsberatung nach \u00a7 107 Abs. 3 Z 1 Au\u00dfStrG in <a href=\"https:\/\/www.schlosshofen.at\/\" target=\"_blank\" rel=\"noopener\">Schloss Hofen<\/a>, Lochau (Vorarlberg) statt.<\/h2>\n<p>Mit dieser Fachtagung wurde ein zentraler Beitrag zur <strong>Qualit\u00e4tssicherung und Weiterentwicklung der Beratung nach \u00a7 107 Abs. 3 Z 1 Au\u00dfStrG<\/strong> geleistet; und zwar<\/p>\n<ul>\n<li>durch <strong>Vertiefung des Basiswissens<\/strong> \u00fcber dieses relativ neue, im Kontext von Verfahren \u00fcber die Obsorge oder die pers\u00f6nlichen Kontakte anwendbare, Instrument sowie<\/li>\n<li>durch die <strong>Vermittlung von entsprechenden Fertigkeiten bzw. Kompetenz<\/strong> in diesem T\u00e4tigkeitsfeld.<\/li>\n<\/ul>\n<p>Die Tagung wird im Ausma\u00df von 10 Einheiten anerkannt als<\/p>\n<ul>\n<li>Fortbildung nach Punkt 6 der <a href=\"https:\/\/trennungundscheidung.web-email.at\/familien-eltern-oder-erziehungsberatung\/wp-content\/uploads\/sites\/6\/2018\/05\/Qualita\u0308sstandards-Ma\u0308rz-2018.pdf\">Qualit\u00e4tsstandards<\/a> zur Familien-, Eltern- oder Erziehungsberatung nach \u00a7 107 Abs. 3 Z 1 Au\u00dfStrG (\u201eQualit\u00e4tssicherende Ma\u00dfnahmen\u201c)<\/li>\n<li>Fortbildung nach \u00a7 20 ZivMediatG<\/li>\n<li>anrechenbare Weiterbildung f\u00fcr PsychotherapeutInnen und als<\/li>\n<li>f\u00fcr Klinische- und GesundheitspsychologInnen<\/li>\n<\/ul>\n<p><a href=\"https:\/\/trennungundscheidung.web-email.at\/familien-eltern-oder-erziehungsberatung\/wp-content\/uploads\/sites\/6\/2018\/09\/Programm-Fachtagung-zur-gerichtlich-angeordneten-Erziehungsberatung-nach-\u00a7-107-Abs.-3-Z-1-Au\u00dfStrG.pdf\"><u>Programm der 1. Fachtagung zur angeordneten Erziehungsberatung<\/u><\/a><\/p>\n","protected":false},"excerpt":{"rendered":"<p>Am 5.\/6. Oktober 2018 fand die 1. Fachtagung zur angeordneten Familien-, Eltern- und Erziehungsberatung nach \u00a7 107 Abs. 3 Z 1 Au\u00dfStrG in Schloss Hofen, Lochau (Vorarlberg) statt. Mit dieser Fachtagung wurde ein zentraler Beitrag zur Qualit\u00e4tssicherung und Weiterentwicklung der Beratung nach \u00a7 107 Abs. 3 Z 1 Au\u00dfStrG geleistet; und zwar durch Vertiefung des [&hellip;]<\/p>\n","protected":false},"author":8,"featured_media":0,"parent":0,"menu_order":0,"comment_status":"closed","ping_status":"closed","template":"","meta":{"_acf_changed":false,"footnotes":""},"class_list":["post-165","page","type-page","status-publish","hentry"],"acf":[],"yoast_head":"<!-- This site is optimized with the Yoast SEO plugin v26.9 - https:\/\/yoast.com\/product\/yoast-seo-wordpress\/ -->\n<title>Fachkonferenz - Familien-, Eltern- oder Erziehungsberatung nach \u00a7 107<\/title>\n<meta name=\"robots\" content=\"index, follow, max-snippet:-1, max-image-preview:large, max-video-preview:-1\" \/>\n<link rel=\"canonical\" href=\"https:\/\/trennungundscheidung.web-email.at\/familien-eltern-oder-erziehungsberatung\/fachkonferenz-der-familien-eltern-und-erziehungsberatung-nach-\u00a7-107-abs-3-aussstrg\/\" \/>\n<meta property=\"og:locale\" content=\"de_DE\" \/>\n<meta property=\"og:type\" content=\"article\" \/>\n<meta property=\"og:title\" content=\"Fachkonferenz - Familien-, Eltern- oder Erziehungsberatung nach \u00a7 107\" \/>\n<meta property=\"og:description\" content=\"Am 5.\/6. Oktober 2018 fand die 1. Fachtagung zur angeordneten Familien-, Eltern- und Erziehungsberatung nach \u00a7 107 Abs. 3 Z 1 Au\u00dfStrG in Schloss Hofen, Lochau (Vorarlberg) statt. Mit dieser Fachtagung wurde ein zentraler Beitrag zur Qualit\u00e4tssicherung und Weiterentwicklung der Beratung nach \u00a7 107 Abs. 3 Z 1 Au\u00dfStrG geleistet; und zwar durch Vertiefung des [&hellip;]\" \/>\n<meta property=\"og:url\" content=\"https:\/\/trennungundscheidung.web-email.at\/familien-eltern-oder-erziehungsberatung\/fachkonferenz-der-familien-eltern-und-erziehungsberatung-nach-\u00a7-107-abs-3-aussstrg\/\" \/>\n<meta property=\"og:site_name\" content=\"Familien-, Eltern- oder Erziehungsberatung nach \u00a7 107\" \/>\n<meta property=\"article:modified_time\" content=\"2018-10-15T12:18:04+00:00\" \/>\n<meta name=\"twitter:card\" content=\"summary_large_image\" \/>\n<meta name=\"twitter:label1\" content=\"Gesch\u00e4tzte Lesezeit\" \/>\n\t<meta name=\"twitter:data1\" content=\"1\u00a0Minute\" \/>\n<script type=\"application\/ld+json\" class=\"yoast-schema-graph\">{\"@context\":\"https:\/\/schema.org\",\"@graph\":[{\"@type\":\"WebPage\",\"@id\":\"https:\/\/trennungundscheidung.web-email.at\/familien-eltern-oder-erziehungsberatung\/fachkonferenz-der-familien-eltern-und-erziehungsberatung-nach-%c2%a7-107-abs-3-aussstrg\/\",\"url\":\"https:\/\/trennungundscheidung.web-email.at\/familien-eltern-oder-erziehungsberatung\/fachkonferenz-der-familien-eltern-und-erziehungsberatung-nach-%c2%a7-107-abs-3-aussstrg\/\",\"name\":\"Fachkonferenz - Familien-, Eltern- oder Erziehungsberatung nach \u00a7 107\",\"isPartOf\":{\"@id\":\"https:\/\/trennungundscheidung.web-email.at\/familien-eltern-oder-erziehungsberatung\/#website\"},\"datePublished\":\"2018-05-09T06:39:27+00:00\",\"dateModified\":\"2018-10-15T12:18:04+00:00\",\"breadcrumb\":{\"@id\":\"https:\/\/trennungundscheidung.web-email.at\/familien-eltern-oder-erziehungsberatung\/fachkonferenz-der-familien-eltern-und-erziehungsberatung-nach-%c2%a7-107-abs-3-aussstrg\/#breadcrumb\"},\"inLanguage\":\"de\",\"potentialAction\":[{\"@type\":\"ReadAction\",\"target\":[\"https:\/\/trennungundscheidung.web-email.at\/familien-eltern-oder-erziehungsberatung\/fachkonferenz-der-familien-eltern-und-erziehungsberatung-nach-%c2%a7-107-abs-3-aussstrg\/\"]}]},{\"@type\":\"BreadcrumbList\",\"@id\":\"https:\/\/trennungundscheidung.web-email.at\/familien-eltern-oder-erziehungsberatung\/fachkonferenz-der-familien-eltern-und-erziehungsberatung-nach-%c2%a7-107-abs-3-aussstrg\/#breadcrumb\",\"itemListElement\":[{\"@type\":\"ListItem\",\"position\":1,\"name\":\"Home\",\"item\":\"https:\/\/trennungundscheidung.web-email.at\/familien-eltern-oder-erziehungsberatung\/\"},{\"@type\":\"ListItem\",\"position\":2,\"name\":\"Fachkonferenz\"}]},{\"@type\":\"WebSite\",\"@id\":\"https:\/\/trennungundscheidung.web-email.at\/familien-eltern-oder-erziehungsberatung\/#website\",\"url\":\"https:\/\/trennungundscheidung.web-email.at\/familien-eltern-oder-erziehungsberatung\/\",\"name\":\"Familien-, Eltern- oder Erziehungsberatung nach \u00a7 107\",\"description\":\"\",\"potentialAction\":[{\"@type\":\"SearchAction\",\"target\":{\"@type\":\"EntryPoint\",\"urlTemplate\":\"https:\/\/trennungundscheidung.web-email.at\/familien-eltern-oder-erziehungsberatung\/?s={search_term_string}\"},\"query-input\":{\"@type\":\"PropertyValueSpecification\",\"valueRequired\":true,\"valueName\":\"search_term_string\"}}],\"inLanguage\":\"de\"}]}<\/script>\n<!-- \/ Yoast SEO plugin. -->","yoast_head_json":{"title":"Fachkonferenz - Familien-, Eltern- oder Erziehungsberatung nach \u00a7 107","robots":{"index":"index","follow":"follow","max-snippet":"max-snippet:-1","max-image-preview":"max-image-preview:large","max-video-preview":"max-video-preview:-1"},"canonical":"https:\/\/trennungundscheidung.web-email.at\/familien-eltern-oder-erziehungsberatung\/fachkonferenz-der-familien-eltern-und-erziehungsberatung-nach-\u00a7-107-abs-3-aussstrg\/","og_locale":"de_DE","og_type":"article","og_title":"Fachkonferenz - Familien-, Eltern- oder Erziehungsberatung nach \u00a7 107","og_description":"Am 5.\/6. Oktober 2018 fand die 1. Fachtagung zur angeordneten Familien-, Eltern- und Erziehungsberatung nach \u00a7 107 Abs. 3 Z 1 Au\u00dfStrG in Schloss Hofen, Lochau (Vorarlberg) statt. Mit dieser Fachtagung wurde ein zentraler Beitrag zur Qualit\u00e4tssicherung und Weiterentwicklung der Beratung nach \u00a7 107 Abs. 3 Z 1 Au\u00dfStrG geleistet; und zwar durch Vertiefung des [&hellip;]","og_url":"https:\/\/trennungundscheidung.web-email.at\/familien-eltern-oder-erziehungsberatung\/fachkonferenz-der-familien-eltern-und-erziehungsberatung-nach-\u00a7-107-abs-3-aussstrg\/","og_site_name":"Familien-, Eltern- oder Erziehungsberatung nach \u00a7 107","article_modified_time":"2018-10-15T12:18:04+00:00","twitter_card":"summary_large_image","twitter_misc":{"Gesch\u00e4tzte Lesezeit":"1\u00a0Minute"},"schema":{"@context":"https:\/\/schema.org","@graph":[{"@type":"WebPage","@id":"https:\/\/trennungundscheidung.web-email.at\/familien-eltern-oder-erziehungsberatung\/fachkonferenz-der-familien-eltern-und-erziehungsberatung-nach-%c2%a7-107-abs-3-aussstrg\/","url":"https:\/\/trennungundscheidung.web-email.at\/familien-eltern-oder-erziehungsberatung\/fachkonferenz-der-familien-eltern-und-erziehungsberatung-nach-%c2%a7-107-abs-3-aussstrg\/","name":"Fachkonferenz - Familien-, Eltern- oder Erziehungsberatung nach \u00a7 107","isPartOf":{"@id":"https:\/\/trennungundscheidung.web-email.at\/familien-eltern-oder-erziehungsberatung\/#website"},"datePublished":"2018-05-09T06:39:27+00:00","dateModified":"2018-10-15T12:18:04+00:00","breadcrumb":{"@id":"https:\/\/trennungundscheidung.web-email.at\/familien-eltern-oder-erziehungsberatung\/fachkonferenz-der-familien-eltern-und-erziehungsberatung-nach-%c2%a7-107-abs-3-aussstrg\/#breadcrumb"},"inLanguage":"de","potentialAction":[{"@type":"ReadAction","target":["https:\/\/trennungundscheidung.web-email.at\/familien-eltern-oder-erziehungsberatung\/fachkonferenz-der-familien-eltern-und-erziehungsberatung-nach-%c2%a7-107-abs-3-aussstrg\/"]}]},{"@type":"BreadcrumbList","@id":"https:\/\/trennungundscheidung.web-email.at\/familien-eltern-oder-erziehungsberatung\/fachkonferenz-der-familien-eltern-und-erziehungsberatung-nach-%c2%a7-107-abs-3-aussstrg\/#breadcrumb","itemListElement":[{"@type":"ListItem","position":1,"name":"Home","item":"https:\/\/trennungundscheidung.web-email.at\/familien-eltern-oder-erziehungsberatung\/"},{"@type":"ListItem","position":2,"name":"Fachkonferenz"}]},{"@type":"WebSite","@id":"https:\/\/trennungundscheidung.web-email.at\/familien-eltern-oder-erziehungsberatung\/#website","url":"https:\/\/trennungundscheidung.web-email.at\/familien-eltern-oder-erziehungsberatung\/","name":"Familien-, Eltern- oder Erziehungsberatung nach \u00a7 107","description":"","potentialAction":[{"@type":"SearchAction","target":{"@type":"EntryPoint","urlTemplate":"https:\/\/trennungundscheidung.web-email.at\/familien-eltern-oder-erziehungsberatung\/?s={search_term_string}"},"query-input":{"@type":"PropertyValueSpecification","valueRequired":true,"valueName":"search_term_string"}}],"inLanguage":"de"}]}},"_links":{"self":[{"href":"https:\/\/trennungundscheidung.web-email.at\/familien-eltern-oder-erziehungsberatung\/wp-json\/wp\/v2\/pages\/165","targetHints":{"allow":["GET"]}}],"collection":[{"href":"https:\/\/trennungundscheidung.web-email.at\/familien-eltern-oder-erziehungsberatung\/wp-json\/wp\/v2\/pages"}],"about":[{"href":"https:\/\/trennungundscheidung.web-email.at\/familien-eltern-oder-erziehungsberatung\/wp-json\/wp\/v2\/types\/page"}],"author":[{"embeddable":true,"href":"https:\/\/trennungundscheidung.web-email.at\/familien-eltern-oder-erziehungsberatung\/wp-json\/wp\/v2\/users\/8"}],"replies":[{"embeddable":true,"href":"https:\/\/trennungundscheidung.web-email.at\/familien-eltern-oder-erziehungsberatung\/wp-json\/wp\/v2\/comments?post=165"}],"version-history":[{"count":9,"href":"https:\/\/trennungundscheidung.web-email.at\/familien-eltern-oder-erziehungsberatung\/wp-json\/wp\/v2\/pages\/165\/revisions"}],"predecessor-version":[{"id":270,"href":"https:\/\/trennungundscheidung.web-email.at\/familien-eltern-oder-erziehungsberatung\/wp-json\/wp\/v2\/pages\/165\/revisions\/270"}],"wp:attachment":[{"href":"https:\/\/trennungundscheidung.web-email.at\/familien-eltern-oder-erziehungsberatung\/wp-json\/wp\/v2\/media?parent=165"}],"curies":[{"name":"wp","href":"https:\/\/api.w.org\/{rel}","templated":true}]}}