{"id":386,"date":"2020-02-27T09:06:42","date_gmt":"2020-02-27T08:06:42","guid":{"rendered":"https:\/\/trennungundscheidung.web-email.at\/familien-eltern-oder-erziehungsberatung\/?page_id=386"},"modified":"2020-02-27T09:15:29","modified_gmt":"2020-02-27T08:15:29","slug":"volgere-di-nuovo-lo-sguardo-ai-bambini-italienisch-italiano","status":"publish","type":"page","link":"https:\/\/trennungundscheidung.web-email.at\/familien-eltern-oder-erziehungsberatung\/den-blick-wieder-auf-die-kinder-richten\/volgere-di-nuovo-lo-sguardo-ai-bambini-italienisch-italiano\/","title":{"rendered":"\u2026\u2026volgere di nuovo lo sguardo ai bambini &#8211; Italienisch (Italiano)"},"content":{"rendered":"\n<figure class=\"wp-block-image size-large\"><img loading=\"lazy\" decoding=\"async\" width=\"50\" height=\"32\" src=\"https:\/\/trennungundscheidung.web-email.at\/familien-eltern-oder-erziehungsberatung\/wp-content\/uploads\/sites\/6\/2020\/02\/Italienisch.png\" alt=\"Italienisch\" class=\"wp-image-388\"\/><\/figure>\n\n\n\n<p>Se i genitori &#8211; dopo una separazione- non riescono a trovare un regolamento giuridico di vigilanza&nbsp;<\/p>\n\n\n\n<p>&nbsp;e di contatto, nel miglior interesse del figlio o die figli comuni e di rispetto tale regolamento anche nella vita quotidiana, il Tribunale pu\u00f2 disporre una consulenza per le famiglie, i genitori o l\u00b4 educazione ai sensi del \u00a7107, comma 3, nr.1 della Legge sul procedimento di giurisdizione volontaria (Au\u00dferstreitgesetz)<\/p>\n\n\n\n<p>Il Tribunale pu\u00f2 disporre un tale consulenza pu\u00f2 per le famiglie, i genitori o l\u00b4 educazione&nbsp;<\/p>\n\n\n\n<ul class=\"wp-block-list\"><li>Nel caso di mancato funzionamento die regolamenti giudici di vigilanza e di contatto<\/li><li>Nel caso di discordia fra I genitori nella configurazione dell\u00b4 essere genitori<\/li><li>Nel caso di perturbazioni nella comunicazione o di mancanza di cooperazione fra i genitori<\/li><li>Nel caso di negazione della necessit\u00e0 di sviluppo die minori<\/li><li>Nel caso di elevate escalation nelle situazioni di conflitto fra i genitori (elevato dissidio)<\/li><li>Nel caso di dubbio in merito alla capacit\u00e0 di educazione die genitori o di un genitore&nbsp;<\/li><\/ul>\n\n\n\n<p>Il Tribunale fissa le unit\u00e0 della consulenza. Durante la consulenza i genitori hanno la possibilit\u00e0 di discutere in merito alle necessit\u00e0 dei loro figli al di fuori della sala d\u00b4 udienza. Per questo motivo nel caso ideale entrambi i genitori prendono parte alla consulenza per elaborare soluzioni communi.<\/p>\n\n\n\n<p>Nota bene!<\/p>\n\n\n\n<p>Esiste una liste di riconosciuti consulenti&nbsp; per le famiglie, i genitori o l\u00b4educazione <a href=\"https:\/\/trennungundscheidung.web-email.at\/familien-eltern-oder-erziehungsberatung\/berater\/\">https:\/\/trennungundscheidung.web-email.at\/familien-eltern-oder-erziehungsberatung\/berater\/<\/a> &nbsp;per facilitare l\u00b4orientamento nella ricerca di un consulente adeguato. Il Giudice \u00e8 libero di riconoscere idonee consulenze di altri consulenti ai sensi del \u00a7107, comma 3, nr.1 della Legge sul procedimento di giurisdizione volontaria (Au\u00dferstreitgesetz)<\/p>\n\n\n\n<p>I costi per le consulenze disposte dal Giudice vanno a carico dei genitori. Il valore indicativo d\u00b4 onorario varia da 70 e 120 Euro all\u00b4ora (I.G.E. escluso).<\/p>\n\n\n\n<p>Se il minore, in base alla valutazione del Giudice, si dimostra gravemente oppresso dal procedimento giuridico di vigilanza o di contatto, il Giudice pu\u00f2 nominare un tutore d\u00b4assistenza del minore <a href=\"https:\/\/trennungundscheidung.web-email.at\/kinderbeistand\/\">https:\/\/trennungundscheidung.web-email.at\/kinderbeistand\/<\/a><\/p>\n","protected":false},"excerpt":{"rendered":"<p>Se i genitori &#8211; dopo una separazione- non riescono a trovare un regolamento giuridico di vigilanza&nbsp; &nbsp;e di contatto, nel miglior interesse del figlio o die figli comuni e di rispetto tale regolamento anche nella vita quotidiana, il Tribunale pu\u00f2 disporre una consulenza per le famiglie, i genitori o l\u00b4 educazione ai sensi del \u00a7107, [&hellip;]<\/p>\n","protected":false},"author":1,"featured_media":0,"parent":13,"menu_order":0,"comment_status":"closed","ping_status":"closed","template":"","meta":{"_acf_changed":false,"footnotes":""},"class_list":["post-386","page","type-page","status-publish","hentry"],"acf":[],"yoast_head":"<!-- This site is optimized with the Yoast SEO plugin v26.9 - https:\/\/yoast.com\/product\/yoast-seo-wordpress\/ -->\n<title>\u2026\u2026volgere di nuovo lo sguardo ai bambini - Italienisch (Italiano) - Familien-, Eltern- oder Erziehungsberatung nach \u00a7 107<\/title>\n<meta name=\"robots\" content=\"index, follow, max-snippet:-1, max-image-preview:large, max-video-preview:-1\" \/>\n<link rel=\"canonical\" href=\"https:\/\/trennungundscheidung.web-email.at\/familien-eltern-oder-erziehungsberatung\/den-blick-wieder-auf-die-kinder-richten\/volgere-di-nuovo-lo-sguardo-ai-bambini-italienisch-italiano\/\" \/>\n<meta property=\"og:locale\" content=\"de_DE\" \/>\n<meta property=\"og:type\" content=\"article\" \/>\n<meta property=\"og:title\" content=\"\u2026\u2026volgere di nuovo lo sguardo ai bambini - Italienisch (Italiano) - Familien-, Eltern- oder Erziehungsberatung nach \u00a7 107\" \/>\n<meta property=\"og:description\" content=\"Se i genitori &#8211; dopo una separazione- non riescono a trovare un regolamento giuridico di vigilanza&nbsp; &nbsp;e di contatto, nel miglior interesse del figlio o die figli comuni e di rispetto tale regolamento anche nella vita quotidiana, il Tribunale pu\u00f2 disporre una consulenza per le famiglie, i genitori o l\u00b4 educazione ai sensi del \u00a7107, [&hellip;]\" \/>\n<meta property=\"og:url\" content=\"https:\/\/trennungundscheidung.web-email.at\/familien-eltern-oder-erziehungsberatung\/den-blick-wieder-auf-die-kinder-richten\/volgere-di-nuovo-lo-sguardo-ai-bambini-italienisch-italiano\/\" \/>\n<meta property=\"og:site_name\" content=\"Familien-, Eltern- oder Erziehungsberatung nach \u00a7 107\" \/>\n<meta property=\"article:modified_time\" content=\"2020-02-27T08:15:29+00:00\" \/>\n<meta property=\"og:image\" content=\"https:\/\/trennungundscheidung.web-email.at\/familien-eltern-oder-erziehungsberatung\/wp-content\/uploads\/sites\/6\/2020\/02\/Italienisch.png\" \/>\n<meta name=\"twitter:card\" content=\"summary_large_image\" \/>\n<meta name=\"twitter:label1\" content=\"Gesch\u00e4tzte Lesezeit\" \/>\n\t<meta name=\"twitter:data1\" content=\"2\u00a0Minuten\" \/>\n<script type=\"application\/ld+json\" class=\"yoast-schema-graph\">{\"@context\":\"https:\/\/schema.org\",\"@graph\":[{\"@type\":\"WebPage\",\"@id\":\"https:\/\/trennungundscheidung.web-email.at\/familien-eltern-oder-erziehungsberatung\/den-blick-wieder-auf-die-kinder-richten\/volgere-di-nuovo-lo-sguardo-ai-bambini-italienisch-italiano\/\",\"url\":\"https:\/\/trennungundscheidung.web-email.at\/familien-eltern-oder-erziehungsberatung\/den-blick-wieder-auf-die-kinder-richten\/volgere-di-nuovo-lo-sguardo-ai-bambini-italienisch-italiano\/\",\"name\":\"\u2026\u2026volgere di nuovo lo sguardo ai bambini - Italienisch (Italiano) - Familien-, Eltern- oder Erziehungsberatung nach \u00a7 107\",\"isPartOf\":{\"@id\":\"https:\/\/trennungundscheidung.web-email.at\/familien-eltern-oder-erziehungsberatung\/#website\"},\"primaryImageOfPage\":{\"@id\":\"https:\/\/trennungundscheidung.web-email.at\/familien-eltern-oder-erziehungsberatung\/den-blick-wieder-auf-die-kinder-richten\/volgere-di-nuovo-lo-sguardo-ai-bambini-italienisch-italiano\/#primaryimage\"},\"image\":{\"@id\":\"https:\/\/trennungundscheidung.web-email.at\/familien-eltern-oder-erziehungsberatung\/den-blick-wieder-auf-die-kinder-richten\/volgere-di-nuovo-lo-sguardo-ai-bambini-italienisch-italiano\/#primaryimage\"},\"thumbnailUrl\":\"https:\/\/trennungundscheidung.web-email.at\/familien-eltern-oder-erziehungsberatung\/wp-content\/uploads\/sites\/6\/2020\/02\/Italienisch.png\",\"datePublished\":\"2020-02-27T08:06:42+00:00\",\"dateModified\":\"2020-02-27T08:15:29+00:00\",\"breadcrumb\":{\"@id\":\"https:\/\/trennungundscheidung.web-email.at\/familien-eltern-oder-erziehungsberatung\/den-blick-wieder-auf-die-kinder-richten\/volgere-di-nuovo-lo-sguardo-ai-bambini-italienisch-italiano\/#breadcrumb\"},\"inLanguage\":\"de\",\"potentialAction\":[{\"@type\":\"ReadAction\",\"target\":[\"https:\/\/trennungundscheidung.web-email.at\/familien-eltern-oder-erziehungsberatung\/den-blick-wieder-auf-die-kinder-richten\/volgere-di-nuovo-lo-sguardo-ai-bambini-italienisch-italiano\/\"]}]},{\"@type\":\"ImageObject\",\"inLanguage\":\"de\",\"@id\":\"https:\/\/trennungundscheidung.web-email.at\/familien-eltern-oder-erziehungsberatung\/den-blick-wieder-auf-die-kinder-richten\/volgere-di-nuovo-lo-sguardo-ai-bambini-italienisch-italiano\/#primaryimage\",\"url\":\"https:\/\/trennungundscheidung.web-email.at\/familien-eltern-oder-erziehungsberatung\/wp-content\/uploads\/sites\/6\/2020\/02\/Italienisch.png\",\"contentUrl\":\"https:\/\/trennungundscheidung.web-email.at\/familien-eltern-oder-erziehungsberatung\/wp-content\/uploads\/sites\/6\/2020\/02\/Italienisch.png\",\"width\":50,\"height\":32,\"caption\":\"Italienisch\"},{\"@type\":\"BreadcrumbList\",\"@id\":\"https:\/\/trennungundscheidung.web-email.at\/familien-eltern-oder-erziehungsberatung\/den-blick-wieder-auf-die-kinder-richten\/volgere-di-nuovo-lo-sguardo-ai-bambini-italienisch-italiano\/#breadcrumb\",\"itemListElement\":[{\"@type\":\"ListItem\",\"position\":1,\"name\":\"Home\",\"item\":\"https:\/\/trennungundscheidung.web-email.at\/familien-eltern-oder-erziehungsberatung\/\"},{\"@type\":\"ListItem\",\"position\":2,\"name\":\"&#8230; den Blick wieder auf die Kinder richten!\",\"item\":\"https:\/\/trennungundscheidung.web-email.at\/familien-eltern-oder-erziehungsberatung\/\"},{\"@type\":\"ListItem\",\"position\":3,\"name\":\"\u2026\u2026volgere di nuovo lo sguardo ai bambini &#8211; Italienisch (Italiano)\"}]},{\"@type\":\"WebSite\",\"@id\":\"https:\/\/trennungundscheidung.web-email.at\/familien-eltern-oder-erziehungsberatung\/#website\",\"url\":\"https:\/\/trennungundscheidung.web-email.at\/familien-eltern-oder-erziehungsberatung\/\",\"name\":\"Familien-, Eltern- oder Erziehungsberatung nach \u00a7 107\",\"description\":\"\",\"potentialAction\":[{\"@type\":\"SearchAction\",\"target\":{\"@type\":\"EntryPoint\",\"urlTemplate\":\"https:\/\/trennungundscheidung.web-email.at\/familien-eltern-oder-erziehungsberatung\/?s={search_term_string}\"},\"query-input\":{\"@type\":\"PropertyValueSpecification\",\"valueRequired\":true,\"valueName\":\"search_term_string\"}}],\"inLanguage\":\"de\"}]}<\/script>\n<!-- \/ Yoast SEO plugin. -->","yoast_head_json":{"title":"\u2026\u2026volgere di nuovo lo sguardo ai bambini - Italienisch (Italiano) - Familien-, Eltern- oder Erziehungsberatung nach \u00a7 107","robots":{"index":"index","follow":"follow","max-snippet":"max-snippet:-1","max-image-preview":"max-image-preview:large","max-video-preview":"max-video-preview:-1"},"canonical":"https:\/\/trennungundscheidung.web-email.at\/familien-eltern-oder-erziehungsberatung\/den-blick-wieder-auf-die-kinder-richten\/volgere-di-nuovo-lo-sguardo-ai-bambini-italienisch-italiano\/","og_locale":"de_DE","og_type":"article","og_title":"\u2026\u2026volgere di nuovo lo sguardo ai bambini - Italienisch (Italiano) - Familien-, Eltern- oder Erziehungsberatung nach \u00a7 107","og_description":"Se i genitori &#8211; dopo una separazione- non riescono a trovare un regolamento giuridico di vigilanza&nbsp; &nbsp;e di contatto, nel miglior interesse del figlio o die figli comuni e di rispetto tale regolamento anche nella vita quotidiana, il Tribunale pu\u00f2 disporre una consulenza per le famiglie, i genitori o l\u00b4 educazione ai sensi del \u00a7107, [&hellip;]","og_url":"https:\/\/trennungundscheidung.web-email.at\/familien-eltern-oder-erziehungsberatung\/den-blick-wieder-auf-die-kinder-richten\/volgere-di-nuovo-lo-sguardo-ai-bambini-italienisch-italiano\/","og_site_name":"Familien-, Eltern- oder Erziehungsberatung nach \u00a7 107","article_modified_time":"2020-02-27T08:15:29+00:00","og_image":[{"url":"https:\/\/trennungundscheidung.web-email.at\/familien-eltern-oder-erziehungsberatung\/wp-content\/uploads\/sites\/6\/2020\/02\/Italienisch.png","type":"","width":"","height":""}],"twitter_card":"summary_large_image","twitter_misc":{"Gesch\u00e4tzte Lesezeit":"2\u00a0Minuten"},"schema":{"@context":"https:\/\/schema.org","@graph":[{"@type":"WebPage","@id":"https:\/\/trennungundscheidung.web-email.at\/familien-eltern-oder-erziehungsberatung\/den-blick-wieder-auf-die-kinder-richten\/volgere-di-nuovo-lo-sguardo-ai-bambini-italienisch-italiano\/","url":"https:\/\/trennungundscheidung.web-email.at\/familien-eltern-oder-erziehungsberatung\/den-blick-wieder-auf-die-kinder-richten\/volgere-di-nuovo-lo-sguardo-ai-bambini-italienisch-italiano\/","name":"\u2026\u2026volgere di nuovo lo sguardo ai bambini - Italienisch (Italiano) - Familien-, Eltern- oder Erziehungsberatung nach \u00a7 107","isPartOf":{"@id":"https:\/\/trennungundscheidung.web-email.at\/familien-eltern-oder-erziehungsberatung\/#website"},"primaryImageOfPage":{"@id":"https:\/\/trennungundscheidung.web-email.at\/familien-eltern-oder-erziehungsberatung\/den-blick-wieder-auf-die-kinder-richten\/volgere-di-nuovo-lo-sguardo-ai-bambini-italienisch-italiano\/#primaryimage"},"image":{"@id":"https:\/\/trennungundscheidung.web-email.at\/familien-eltern-oder-erziehungsberatung\/den-blick-wieder-auf-die-kinder-richten\/volgere-di-nuovo-lo-sguardo-ai-bambini-italienisch-italiano\/#primaryimage"},"thumbnailUrl":"https:\/\/trennungundscheidung.web-email.at\/familien-eltern-oder-erziehungsberatung\/wp-content\/uploads\/sites\/6\/2020\/02\/Italienisch.png","datePublished":"2020-02-27T08:06:42+00:00","dateModified":"2020-02-27T08:15:29+00:00","breadcrumb":{"@id":"https:\/\/trennungundscheidung.web-email.at\/familien-eltern-oder-erziehungsberatung\/den-blick-wieder-auf-die-kinder-richten\/volgere-di-nuovo-lo-sguardo-ai-bambini-italienisch-italiano\/#breadcrumb"},"inLanguage":"de","potentialAction":[{"@type":"ReadAction","target":["https:\/\/trennungundscheidung.web-email.at\/familien-eltern-oder-erziehungsberatung\/den-blick-wieder-auf-die-kinder-richten\/volgere-di-nuovo-lo-sguardo-ai-bambini-italienisch-italiano\/"]}]},{"@type":"ImageObject","inLanguage":"de","@id":"https:\/\/trennungundscheidung.web-email.at\/familien-eltern-oder-erziehungsberatung\/den-blick-wieder-auf-die-kinder-richten\/volgere-di-nuovo-lo-sguardo-ai-bambini-italienisch-italiano\/#primaryimage","url":"https:\/\/trennungundscheidung.web-email.at\/familien-eltern-oder-erziehungsberatung\/wp-content\/uploads\/sites\/6\/2020\/02\/Italienisch.png","contentUrl":"https:\/\/trennungundscheidung.web-email.at\/familien-eltern-oder-erziehungsberatung\/wp-content\/uploads\/sites\/6\/2020\/02\/Italienisch.png","width":50,"height":32,"caption":"Italienisch"},{"@type":"BreadcrumbList","@id":"https:\/\/trennungundscheidung.web-email.at\/familien-eltern-oder-erziehungsberatung\/den-blick-wieder-auf-die-kinder-richten\/volgere-di-nuovo-lo-sguardo-ai-bambini-italienisch-italiano\/#breadcrumb","itemListElement":[{"@type":"ListItem","position":1,"name":"Home","item":"https:\/\/trennungundscheidung.web-email.at\/familien-eltern-oder-erziehungsberatung\/"},{"@type":"ListItem","position":2,"name":"&#8230; den Blick wieder auf die Kinder richten!","item":"https:\/\/trennungundscheidung.web-email.at\/familien-eltern-oder-erziehungsberatung\/"},{"@type":"ListItem","position":3,"name":"\u2026\u2026volgere di nuovo lo sguardo ai bambini &#8211; Italienisch (Italiano)"}]},{"@type":"WebSite","@id":"https:\/\/trennungundscheidung.web-email.at\/familien-eltern-oder-erziehungsberatung\/#website","url":"https:\/\/trennungundscheidung.web-email.at\/familien-eltern-oder-erziehungsberatung\/","name":"Familien-, Eltern- oder Erziehungsberatung nach \u00a7 107","description":"","potentialAction":[{"@type":"SearchAction","target":{"@type":"EntryPoint","urlTemplate":"https:\/\/trennungundscheidung.web-email.at\/familien-eltern-oder-erziehungsberatung\/?s={search_term_string}"},"query-input":{"@type":"PropertyValueSpecification","valueRequired":true,"valueName":"search_term_string"}}],"inLanguage":"de"}]}},"_links":{"self":[{"href":"https:\/\/trennungundscheidung.web-email.at\/familien-eltern-oder-erziehungsberatung\/wp-json\/wp\/v2\/pages\/386","targetHints":{"allow":["GET"]}}],"collection":[{"href":"https:\/\/trennungundscheidung.web-email.at\/familien-eltern-oder-erziehungsberatung\/wp-json\/wp\/v2\/pages"}],"about":[{"href":"https:\/\/trennungundscheidung.web-email.at\/familien-eltern-oder-erziehungsberatung\/wp-json\/wp\/v2\/types\/page"}],"author":[{"embeddable":true,"href":"https:\/\/trennungundscheidung.web-email.at\/familien-eltern-oder-erziehungsberatung\/wp-json\/wp\/v2\/users\/1"}],"replies":[{"embeddable":true,"href":"https:\/\/trennungundscheidung.web-email.at\/familien-eltern-oder-erziehungsberatung\/wp-json\/wp\/v2\/comments?post=386"}],"version-history":[{"count":2,"href":"https:\/\/trennungundscheidung.web-email.at\/familien-eltern-oder-erziehungsberatung\/wp-json\/wp\/v2\/pages\/386\/revisions"}],"predecessor-version":[{"id":389,"href":"https:\/\/trennungundscheidung.web-email.at\/familien-eltern-oder-erziehungsberatung\/wp-json\/wp\/v2\/pages\/386\/revisions\/389"}],"up":[{"embeddable":true,"href":"https:\/\/trennungundscheidung.web-email.at\/familien-eltern-oder-erziehungsberatung\/wp-json\/wp\/v2\/pages\/13"}],"wp:attachment":[{"href":"https:\/\/trennungundscheidung.web-email.at\/familien-eltern-oder-erziehungsberatung\/wp-json\/wp\/v2\/media?parent=386"}],"curies":[{"name":"wp","href":"https:\/\/api.w.org\/{rel}","templated":true}]}}