{"id":399,"date":"2020-02-27T09:17:40","date_gmt":"2020-02-27T08:17:40","guid":{"rendered":"https:\/\/trennungundscheidung.web-email.at\/familien-eltern-oder-erziehungsberatung\/?page_id=399"},"modified":"2020-02-27T09:18:45","modified_gmt":"2020-02-27T08:18:45","slug":"yoenuemuezue-tekrar-cocuklara-cevirelim-tuerkisch-turkce","status":"publish","type":"page","link":"https:\/\/trennungundscheidung.web-email.at\/familien-eltern-oder-erziehungsberatung\/den-blick-wieder-auf-die-kinder-richten\/yoenuemuezue-tekrar-cocuklara-cevirelim-tuerkisch-turkce\/","title":{"rendered":"\u2026Y\u00d6N\u00dcM\u00dcZ\u00dc TEKRAR \u00c7OCUKLARA \u00c7EV\u0130REL\u0130M! &#8211; T\u00fcrkisch (Turk\u00e7e)"},"content":{"rendered":"\n<figure class=\"wp-block-image size-large\"><img loading=\"lazy\" decoding=\"async\" width=\"50\" height=\"32\" src=\"https:\/\/trennungundscheidung.web-email.at\/familien-eltern-oder-erziehungsberatung\/wp-content\/uploads\/sites\/6\/2020\/02\/tuerkisch-turkce.png\" alt=\"t\u00fcrkisch\" class=\"wp-image-400\"\/><\/figure>\n\n\n\n<p>\u00c7ocuklar i\u00e7in anne baba bir \u00f6m\u00fcr y\u00fcz y\u00fcze bakmak zorundad\u0131r. Ayr\u0131ld\u0131ktan sonra velayet ve g\u00f6r\u00fc\u015f haklar\u0131 konusunda eski e\u015flerin ortak bir karara varmalar\u0131 genellikle zor bir s\u00fcre\u00e7ten ge\u00e7er.<\/p>\n\n\n\n<p>Anne babalar \u00e7ocuklar\u0131n ihtiya\u00e7lar\u0131 do\u011frultusunda anla\u015fmalara varamaz veya g\u00fcnl\u00fck ya\u015famlar\u0131 i\u00e7erisinde \u00e7ocuklar i\u00e7in gerekli olan d\u00fczeni oturtamazlarsa, mahkeme, \u00a7 107 Abs. 3 Z. 1 Au\u00dfStrG<a href=\"https:\/\/trennungundscheidung.web-email.at\/familien-eltern-oder-erziehungsberatung\/wp-content\/uploads\/sites\/6\/2017\/04\/Qualita%25CC%2588tsstandards-zur-Familien-Eltern-oder-Erziehungsberatung-nach-%25C2%25A7-107-Abs.-3-Z-1-Au%25C3%259FStrG.pdf\">[1]<\/a> kanununa g\u00f6re \u201cAile, Ebeveyn veya E\u011fitim Dan\u0131\u015fmanl\u0131\u011f\u0131\u201d \u00f6ng\u00f6rebilir.<\/p>\n\n\n\n<p>Bu \u201cAile, Ebeveyn veya E\u011fitim Dan\u0131\u015fmanl\u0131\u011f\u0131\u201c mahkeme taraf\u0131ndan \u015fu \u015fartlarda istenebilir:<\/p>\n\n\n\n<ul class=\"wp-block-list\"><li>velayet ve g\u00f6r\u00fc\u015f haklar\u0131na dair anla\u015fmalar yerine getirilmezse<\/li><li>anne baba tutumu hakk\u0131nda kar\u015f\u0131l\u0131kl\u0131 \u00e7at\u0131\u015fmalar devam ederse<\/li><li>anne baba aras\u0131nda ileti\u015fim bozuklu\u011fu veya i\u015fbirli\u011fi eksili\u011fi varsa<\/li><li>\u00e7ocuklar\u0131n geli\u015fimine has temel ihtiya\u00e7lar\u0131n\u0131 fark edememe veya inkar etme durumunda<\/li><li>anne baba aras\u0131nda artan, \u015fiddetli ge\u00e7imsizlik durumunda<\/li><li>ebeveynlerin birinin veya ikisinin, sorumluluklar\u0131n\u0131 yerine getirebileceklerine dair \u015f\u00fcpheli bir durum s\u00f6z konusuysa<\/li><\/ul>\n\n\n\n<p>Mahkeme, dan\u0131\u015fmanl\u0131\u011f\u0131n s\u00fcresini belirler. E\u011fitim dan\u0131\u015fmanl\u0131\u011f\u0131 anne babaya, mahkeme salonunun d\u0131\u015f\u0131nda, \u00f6zel ve korunmu\u015f bir alanda, \u00e7ocuklar\u0131n ihtiya\u00e7lar\u0131 hakk\u0131nda konu\u015fma imkan\u0131 sa\u011flar. Hedeflenen, m\u00fcmk\u00fcn meretebe anne ve baban\u0131n bu dan\u0131\u015fmanl\u0131klara birlikte kat\u0131l\u0131p, birlikte \u00e7\u00f6z\u00fcm \u00fcretim yoluna girmeleridir.<\/p>\n\n\n\n<p>Pedagoji ve \u00c7ocuk Psikolojisi uzmanlar\u0131 olarak, bu e\u011fitim dan\u0131\u015fmanlar\u0131 <a href=\"https:\/\/trennungundscheidung.web-email.at\/familien-eltern-oder-erziehungsberatung\/berater\/\">https:\/\/trennungundscheidung.web-email.at\/familien-eltern-oder-erziehungsberatung\/berater\/<\/a> anne babalar\u0131 ortak bir hedefe y\u00f6nlendirir: \u00c7ocuklar\u0131n \u0130yili\u011fi.<\/p>\n\n\n\n<p>\u00d6nemli bilgiler:<\/p>\n\n\n\n<p>Mahkeme onayl\u0131 \u201eAile, Ebeveyn veya E\u011fitim Dan\u0131\u015fmanlar\u0131\u201dn\u0131n listesi https:\/\/trennungundscheidung.web-email.at\/familien-eltern-oder-erziehungsberatung\/berater\/ uygun bir dan\u0131\u015fman bulmay\u0131 kolayla\u015ft\u0131rmaktad\u0131r. Hakim, \u00a7 107 Abs. 3 Z. 1 AussStrG kanun maddesinin \u00f6ng\u00f6rd\u00fc\u011f\u00fc e\u011fitim dan\u0131\u015fmanl\u0131\u011f\u0131 i\u00e7in, bu listede yer almayan ba\u015fka dan\u0131\u015fmanlar\u0131 da yeterli k\u0131labilir.&nbsp;<\/p>\n\n\n\n<p>&#8211; Mahkeme karar\u0131yla \u00f6ng\u00f6r\u00fclen e\u011fitim dan\u0131\u015fmanl\u0131\u011f\u0131n\u0131n maliyeti ebeveynler taraf\u0131ndan kar\u015f\u0131lanmal\u0131d\u0131r. Aile, Ebeveyn veya E\u011fitim Dan\u0131\u015fmanl\u0131\u011f\u0131\u2019n\u0131n, kalite standartlar\u0131 beyannamesine g\u00f6re (\u00a7 107 Abs. 3 Z. 1) saat ba\u015f\u0131na 70 ile 120 Euro aras\u0131nda bir \u00fccret belirlenmi\u015ftir (vergi hari\u00e7).<\/p>\n\n\n\n<p>&#8211; Hakim, velayet veya g\u00f6r\u00fc\u015f haklar\u0131 duru\u015fmalar\u0131 nedeniyle \u00e7ocu\u011fun \u00fczerinde fazla y\u00fck tesbit ederse, \u00e7ocuk i\u00e7in destek olacak bir psikolog (Kinderbeistand) \u00f6ng\u00f6rebilir. <a href=\"https:\/\/trennungundscheidung.web-email.at\/kinderbeistand\/\">https:\/\/trennungundscheidung.web-email.at\/kinderbeistand\/<\/a>.<\/p>\n\n\n\n<p>Farkl\u0131 disiplinlerden experlerin olu\u015fturmu\u015f oldu\u011fu kalite standartlar\u0131 beyannamesinde, \u00a7 107 Abs. 3 Z. 1 AussStrG kanun maddesince \u00f6ng\u00f6r\u00fclen \u201cAile, ebeveyn veya E\u011fitim Dan\u0131\u015fmanl\u0131\u011f\u0131\u201d hakk\u0131nda daha detayl\u0131 bilgi edinebilirsiniz.&nbsp;<\/p>\n\n\n\n<p><a href=\"https:\/\/trennungundscheidung.web-email.at\/familien-eltern-oder-erziehungsberatung\/wp-content\/uploads\/sites\/6\/2018\/05\/Qualita%CC%88sstandards-Ma%CC%88rz-2018.pdf\" target=\"_blank\" rel=\"noreferrer noopener\" aria-label=\"[1]\u00a0\u201cAile, ebeveyn veya E\u011fitim Dan\u0131\u015fmanl\u0131\u011f\u0131\u201d \u00a7 107 Abs. 3 Z. 1\u00a0 (\u00f6ffnet in neuem Tab)\">[1]\u00a0\u201cAile, ebeveyn veya E\u011fitim Dan\u0131\u015fmanl\u0131\u011f\u0131\u201d \u00a7 107 Abs. 3 Z. 1\u00a0<\/a><\/p>\n","protected":false},"excerpt":{"rendered":"<p>\u00c7ocuklar i\u00e7in anne baba bir \u00f6m\u00fcr y\u00fcz y\u00fcze bakmak zorundad\u0131r. Ayr\u0131ld\u0131ktan sonra velayet ve g\u00f6r\u00fc\u015f haklar\u0131 konusunda eski e\u015flerin ortak bir karara varmalar\u0131 genellikle zor bir s\u00fcre\u00e7ten ge\u00e7er. Anne babalar \u00e7ocuklar\u0131n ihtiya\u00e7lar\u0131 do\u011frultusunda anla\u015fmalara varamaz veya g\u00fcnl\u00fck ya\u015famlar\u0131 i\u00e7erisinde \u00e7ocuklar i\u00e7in gerekli olan d\u00fczeni oturtamazlarsa, mahkeme, \u00a7 107 Abs. 3 Z. 1 Au\u00dfStrG[1] kanununa g\u00f6re [&hellip;]<\/p>\n","protected":false},"author":1,"featured_media":0,"parent":13,"menu_order":0,"comment_status":"closed","ping_status":"closed","template":"","meta":{"_acf_changed":false,"footnotes":""},"class_list":["post-399","page","type-page","status-publish","hentry"],"acf":[],"yoast_head":"<!-- This site is optimized with the Yoast SEO plugin v26.9 - https:\/\/yoast.com\/product\/yoast-seo-wordpress\/ -->\n<title>\u2026Y\u00d6N\u00dcM\u00dcZ\u00dc TEKRAR \u00c7OCUKLARA \u00c7EV\u0130REL\u0130M! - T\u00fcrkisch (Turk\u00e7e) - Familien-, Eltern- oder Erziehungsberatung nach \u00a7 107<\/title>\n<meta name=\"robots\" content=\"index, follow, max-snippet:-1, max-image-preview:large, max-video-preview:-1\" \/>\n<link rel=\"canonical\" href=\"https:\/\/trennungundscheidung.web-email.at\/familien-eltern-oder-erziehungsberatung\/den-blick-wieder-auf-die-kinder-richten\/yoenuemuezue-tekrar-cocuklara-cevirelim-tuerkisch-turkce\/\" \/>\n<meta property=\"og:locale\" content=\"de_DE\" \/>\n<meta property=\"og:type\" content=\"article\" \/>\n<meta property=\"og:title\" content=\"\u2026Y\u00d6N\u00dcM\u00dcZ\u00dc TEKRAR \u00c7OCUKLARA \u00c7EV\u0130REL\u0130M! - T\u00fcrkisch (Turk\u00e7e) - Familien-, Eltern- oder Erziehungsberatung nach \u00a7 107\" \/>\n<meta property=\"og:description\" content=\"\u00c7ocuklar i\u00e7in anne baba bir \u00f6m\u00fcr y\u00fcz y\u00fcze bakmak zorundad\u0131r. Ayr\u0131ld\u0131ktan sonra velayet ve g\u00f6r\u00fc\u015f haklar\u0131 konusunda eski e\u015flerin ortak bir karara varmalar\u0131 genellikle zor bir s\u00fcre\u00e7ten ge\u00e7er. Anne babalar \u00e7ocuklar\u0131n ihtiya\u00e7lar\u0131 do\u011frultusunda anla\u015fmalara varamaz veya g\u00fcnl\u00fck ya\u015famlar\u0131 i\u00e7erisinde \u00e7ocuklar i\u00e7in gerekli olan d\u00fczeni oturtamazlarsa, mahkeme, \u00a7 107 Abs. 3 Z. 1 Au\u00dfStrG[1] kanununa g\u00f6re [&hellip;]\" \/>\n<meta property=\"og:url\" content=\"https:\/\/trennungundscheidung.web-email.at\/familien-eltern-oder-erziehungsberatung\/den-blick-wieder-auf-die-kinder-richten\/yoenuemuezue-tekrar-cocuklara-cevirelim-tuerkisch-turkce\/\" \/>\n<meta property=\"og:site_name\" content=\"Familien-, Eltern- oder Erziehungsberatung nach \u00a7 107\" \/>\n<meta property=\"article:modified_time\" content=\"2020-02-27T08:18:45+00:00\" \/>\n<meta property=\"og:image\" content=\"https:\/\/trennungundscheidung.web-email.at\/familien-eltern-oder-erziehungsberatung\/wp-content\/uploads\/sites\/6\/2020\/02\/tuerkisch-turkce.png\" \/>\n<meta name=\"twitter:card\" content=\"summary_large_image\" \/>\n<meta name=\"twitter:label1\" content=\"Gesch\u00e4tzte Lesezeit\" \/>\n\t<meta name=\"twitter:data1\" content=\"2\u00a0Minuten\" \/>\n<script type=\"application\/ld+json\" class=\"yoast-schema-graph\">{\"@context\":\"https:\/\/schema.org\",\"@graph\":[{\"@type\":\"WebPage\",\"@id\":\"https:\/\/trennungundscheidung.web-email.at\/familien-eltern-oder-erziehungsberatung\/den-blick-wieder-auf-die-kinder-richten\/yoenuemuezue-tekrar-cocuklara-cevirelim-tuerkisch-turkce\/\",\"url\":\"https:\/\/trennungundscheidung.web-email.at\/familien-eltern-oder-erziehungsberatung\/den-blick-wieder-auf-die-kinder-richten\/yoenuemuezue-tekrar-cocuklara-cevirelim-tuerkisch-turkce\/\",\"name\":\"\u2026Y\u00d6N\u00dcM\u00dcZ\u00dc TEKRAR \u00c7OCUKLARA \u00c7EV\u0130REL\u0130M! - T\u00fcrkisch (Turk\u00e7e) - Familien-, Eltern- oder Erziehungsberatung nach \u00a7 107\",\"isPartOf\":{\"@id\":\"https:\/\/trennungundscheidung.web-email.at\/familien-eltern-oder-erziehungsberatung\/#website\"},\"primaryImageOfPage\":{\"@id\":\"https:\/\/trennungundscheidung.web-email.at\/familien-eltern-oder-erziehungsberatung\/den-blick-wieder-auf-die-kinder-richten\/yoenuemuezue-tekrar-cocuklara-cevirelim-tuerkisch-turkce\/#primaryimage\"},\"image\":{\"@id\":\"https:\/\/trennungundscheidung.web-email.at\/familien-eltern-oder-erziehungsberatung\/den-blick-wieder-auf-die-kinder-richten\/yoenuemuezue-tekrar-cocuklara-cevirelim-tuerkisch-turkce\/#primaryimage\"},\"thumbnailUrl\":\"https:\/\/trennungundscheidung.web-email.at\/familien-eltern-oder-erziehungsberatung\/wp-content\/uploads\/sites\/6\/2020\/02\/tuerkisch-turkce.png\",\"datePublished\":\"2020-02-27T08:17:40+00:00\",\"dateModified\":\"2020-02-27T08:18:45+00:00\",\"breadcrumb\":{\"@id\":\"https:\/\/trennungundscheidung.web-email.at\/familien-eltern-oder-erziehungsberatung\/den-blick-wieder-auf-die-kinder-richten\/yoenuemuezue-tekrar-cocuklara-cevirelim-tuerkisch-turkce\/#breadcrumb\"},\"inLanguage\":\"de\",\"potentialAction\":[{\"@type\":\"ReadAction\",\"target\":[\"https:\/\/trennungundscheidung.web-email.at\/familien-eltern-oder-erziehungsberatung\/den-blick-wieder-auf-die-kinder-richten\/yoenuemuezue-tekrar-cocuklara-cevirelim-tuerkisch-turkce\/\"]}]},{\"@type\":\"ImageObject\",\"inLanguage\":\"de\",\"@id\":\"https:\/\/trennungundscheidung.web-email.at\/familien-eltern-oder-erziehungsberatung\/den-blick-wieder-auf-die-kinder-richten\/yoenuemuezue-tekrar-cocuklara-cevirelim-tuerkisch-turkce\/#primaryimage\",\"url\":\"https:\/\/trennungundscheidung.web-email.at\/familien-eltern-oder-erziehungsberatung\/wp-content\/uploads\/sites\/6\/2020\/02\/tuerkisch-turkce.png\",\"contentUrl\":\"https:\/\/trennungundscheidung.web-email.at\/familien-eltern-oder-erziehungsberatung\/wp-content\/uploads\/sites\/6\/2020\/02\/tuerkisch-turkce.png\",\"width\":50,\"height\":32,\"caption\":\"t\u00fcrkisch\"},{\"@type\":\"BreadcrumbList\",\"@id\":\"https:\/\/trennungundscheidung.web-email.at\/familien-eltern-oder-erziehungsberatung\/den-blick-wieder-auf-die-kinder-richten\/yoenuemuezue-tekrar-cocuklara-cevirelim-tuerkisch-turkce\/#breadcrumb\",\"itemListElement\":[{\"@type\":\"ListItem\",\"position\":1,\"name\":\"Home\",\"item\":\"https:\/\/trennungundscheidung.web-email.at\/familien-eltern-oder-erziehungsberatung\/\"},{\"@type\":\"ListItem\",\"position\":2,\"name\":\"&#8230; den Blick wieder auf die Kinder richten!\",\"item\":\"https:\/\/trennungundscheidung.web-email.at\/familien-eltern-oder-erziehungsberatung\/\"},{\"@type\":\"ListItem\",\"position\":3,\"name\":\"\u2026Y\u00d6N\u00dcM\u00dcZ\u00dc TEKRAR \u00c7OCUKLARA \u00c7EV\u0130REL\u0130M! &#8211; T\u00fcrkisch (Turk\u00e7e)\"}]},{\"@type\":\"WebSite\",\"@id\":\"https:\/\/trennungundscheidung.web-email.at\/familien-eltern-oder-erziehungsberatung\/#website\",\"url\":\"https:\/\/trennungundscheidung.web-email.at\/familien-eltern-oder-erziehungsberatung\/\",\"name\":\"Familien-, Eltern- oder Erziehungsberatung nach \u00a7 107\",\"description\":\"\",\"potentialAction\":[{\"@type\":\"SearchAction\",\"target\":{\"@type\":\"EntryPoint\",\"urlTemplate\":\"https:\/\/trennungundscheidung.web-email.at\/familien-eltern-oder-erziehungsberatung\/?s={search_term_string}\"},\"query-input\":{\"@type\":\"PropertyValueSpecification\",\"valueRequired\":true,\"valueName\":\"search_term_string\"}}],\"inLanguage\":\"de\"}]}<\/script>\n<!-- \/ Yoast SEO plugin. -->","yoast_head_json":{"title":"\u2026Y\u00d6N\u00dcM\u00dcZ\u00dc TEKRAR \u00c7OCUKLARA \u00c7EV\u0130REL\u0130M! - T\u00fcrkisch (Turk\u00e7e) - Familien-, Eltern- oder Erziehungsberatung nach \u00a7 107","robots":{"index":"index","follow":"follow","max-snippet":"max-snippet:-1","max-image-preview":"max-image-preview:large","max-video-preview":"max-video-preview:-1"},"canonical":"https:\/\/trennungundscheidung.web-email.at\/familien-eltern-oder-erziehungsberatung\/den-blick-wieder-auf-die-kinder-richten\/yoenuemuezue-tekrar-cocuklara-cevirelim-tuerkisch-turkce\/","og_locale":"de_DE","og_type":"article","og_title":"\u2026Y\u00d6N\u00dcM\u00dcZ\u00dc TEKRAR \u00c7OCUKLARA \u00c7EV\u0130REL\u0130M! - T\u00fcrkisch (Turk\u00e7e) - Familien-, Eltern- oder Erziehungsberatung nach \u00a7 107","og_description":"\u00c7ocuklar i\u00e7in anne baba bir \u00f6m\u00fcr y\u00fcz y\u00fcze bakmak zorundad\u0131r. Ayr\u0131ld\u0131ktan sonra velayet ve g\u00f6r\u00fc\u015f haklar\u0131 konusunda eski e\u015flerin ortak bir karara varmalar\u0131 genellikle zor bir s\u00fcre\u00e7ten ge\u00e7er. Anne babalar \u00e7ocuklar\u0131n ihtiya\u00e7lar\u0131 do\u011frultusunda anla\u015fmalara varamaz veya g\u00fcnl\u00fck ya\u015famlar\u0131 i\u00e7erisinde \u00e7ocuklar i\u00e7in gerekli olan d\u00fczeni oturtamazlarsa, mahkeme, \u00a7 107 Abs. 3 Z. 1 Au\u00dfStrG[1] kanununa g\u00f6re [&hellip;]","og_url":"https:\/\/trennungundscheidung.web-email.at\/familien-eltern-oder-erziehungsberatung\/den-blick-wieder-auf-die-kinder-richten\/yoenuemuezue-tekrar-cocuklara-cevirelim-tuerkisch-turkce\/","og_site_name":"Familien-, Eltern- oder Erziehungsberatung nach \u00a7 107","article_modified_time":"2020-02-27T08:18:45+00:00","og_image":[{"url":"https:\/\/trennungundscheidung.web-email.at\/familien-eltern-oder-erziehungsberatung\/wp-content\/uploads\/sites\/6\/2020\/02\/tuerkisch-turkce.png","type":"","width":"","height":""}],"twitter_card":"summary_large_image","twitter_misc":{"Gesch\u00e4tzte Lesezeit":"2\u00a0Minuten"},"schema":{"@context":"https:\/\/schema.org","@graph":[{"@type":"WebPage","@id":"https:\/\/trennungundscheidung.web-email.at\/familien-eltern-oder-erziehungsberatung\/den-blick-wieder-auf-die-kinder-richten\/yoenuemuezue-tekrar-cocuklara-cevirelim-tuerkisch-turkce\/","url":"https:\/\/trennungundscheidung.web-email.at\/familien-eltern-oder-erziehungsberatung\/den-blick-wieder-auf-die-kinder-richten\/yoenuemuezue-tekrar-cocuklara-cevirelim-tuerkisch-turkce\/","name":"\u2026Y\u00d6N\u00dcM\u00dcZ\u00dc TEKRAR \u00c7OCUKLARA \u00c7EV\u0130REL\u0130M! - T\u00fcrkisch (Turk\u00e7e) - Familien-, Eltern- oder Erziehungsberatung nach \u00a7 107","isPartOf":{"@id":"https:\/\/trennungundscheidung.web-email.at\/familien-eltern-oder-erziehungsberatung\/#website"},"primaryImageOfPage":{"@id":"https:\/\/trennungundscheidung.web-email.at\/familien-eltern-oder-erziehungsberatung\/den-blick-wieder-auf-die-kinder-richten\/yoenuemuezue-tekrar-cocuklara-cevirelim-tuerkisch-turkce\/#primaryimage"},"image":{"@id":"https:\/\/trennungundscheidung.web-email.at\/familien-eltern-oder-erziehungsberatung\/den-blick-wieder-auf-die-kinder-richten\/yoenuemuezue-tekrar-cocuklara-cevirelim-tuerkisch-turkce\/#primaryimage"},"thumbnailUrl":"https:\/\/trennungundscheidung.web-email.at\/familien-eltern-oder-erziehungsberatung\/wp-content\/uploads\/sites\/6\/2020\/02\/tuerkisch-turkce.png","datePublished":"2020-02-27T08:17:40+00:00","dateModified":"2020-02-27T08:18:45+00:00","breadcrumb":{"@id":"https:\/\/trennungundscheidung.web-email.at\/familien-eltern-oder-erziehungsberatung\/den-blick-wieder-auf-die-kinder-richten\/yoenuemuezue-tekrar-cocuklara-cevirelim-tuerkisch-turkce\/#breadcrumb"},"inLanguage":"de","potentialAction":[{"@type":"ReadAction","target":["https:\/\/trennungundscheidung.web-email.at\/familien-eltern-oder-erziehungsberatung\/den-blick-wieder-auf-die-kinder-richten\/yoenuemuezue-tekrar-cocuklara-cevirelim-tuerkisch-turkce\/"]}]},{"@type":"ImageObject","inLanguage":"de","@id":"https:\/\/trennungundscheidung.web-email.at\/familien-eltern-oder-erziehungsberatung\/den-blick-wieder-auf-die-kinder-richten\/yoenuemuezue-tekrar-cocuklara-cevirelim-tuerkisch-turkce\/#primaryimage","url":"https:\/\/trennungundscheidung.web-email.at\/familien-eltern-oder-erziehungsberatung\/wp-content\/uploads\/sites\/6\/2020\/02\/tuerkisch-turkce.png","contentUrl":"https:\/\/trennungundscheidung.web-email.at\/familien-eltern-oder-erziehungsberatung\/wp-content\/uploads\/sites\/6\/2020\/02\/tuerkisch-turkce.png","width":50,"height":32,"caption":"t\u00fcrkisch"},{"@type":"BreadcrumbList","@id":"https:\/\/trennungundscheidung.web-email.at\/familien-eltern-oder-erziehungsberatung\/den-blick-wieder-auf-die-kinder-richten\/yoenuemuezue-tekrar-cocuklara-cevirelim-tuerkisch-turkce\/#breadcrumb","itemListElement":[{"@type":"ListItem","position":1,"name":"Home","item":"https:\/\/trennungundscheidung.web-email.at\/familien-eltern-oder-erziehungsberatung\/"},{"@type":"ListItem","position":2,"name":"&#8230; den Blick wieder auf die Kinder richten!","item":"https:\/\/trennungundscheidung.web-email.at\/familien-eltern-oder-erziehungsberatung\/"},{"@type":"ListItem","position":3,"name":"\u2026Y\u00d6N\u00dcM\u00dcZ\u00dc TEKRAR \u00c7OCUKLARA \u00c7EV\u0130REL\u0130M! &#8211; T\u00fcrkisch (Turk\u00e7e)"}]},{"@type":"WebSite","@id":"https:\/\/trennungundscheidung.web-email.at\/familien-eltern-oder-erziehungsberatung\/#website","url":"https:\/\/trennungundscheidung.web-email.at\/familien-eltern-oder-erziehungsberatung\/","name":"Familien-, Eltern- oder Erziehungsberatung nach \u00a7 107","description":"","potentialAction":[{"@type":"SearchAction","target":{"@type":"EntryPoint","urlTemplate":"https:\/\/trennungundscheidung.web-email.at\/familien-eltern-oder-erziehungsberatung\/?s={search_term_string}"},"query-input":{"@type":"PropertyValueSpecification","valueRequired":true,"valueName":"search_term_string"}}],"inLanguage":"de"}]}},"_links":{"self":[{"href":"https:\/\/trennungundscheidung.web-email.at\/familien-eltern-oder-erziehungsberatung\/wp-json\/wp\/v2\/pages\/399","targetHints":{"allow":["GET"]}}],"collection":[{"href":"https:\/\/trennungundscheidung.web-email.at\/familien-eltern-oder-erziehungsberatung\/wp-json\/wp\/v2\/pages"}],"about":[{"href":"https:\/\/trennungundscheidung.web-email.at\/familien-eltern-oder-erziehungsberatung\/wp-json\/wp\/v2\/types\/page"}],"author":[{"embeddable":true,"href":"https:\/\/trennungundscheidung.web-email.at\/familien-eltern-oder-erziehungsberatung\/wp-json\/wp\/v2\/users\/1"}],"replies":[{"embeddable":true,"href":"https:\/\/trennungundscheidung.web-email.at\/familien-eltern-oder-erziehungsberatung\/wp-json\/wp\/v2\/comments?post=399"}],"version-history":[{"count":1,"href":"https:\/\/trennungundscheidung.web-email.at\/familien-eltern-oder-erziehungsberatung\/wp-json\/wp\/v2\/pages\/399\/revisions"}],"predecessor-version":[{"id":401,"href":"https:\/\/trennungundscheidung.web-email.at\/familien-eltern-oder-erziehungsberatung\/wp-json\/wp\/v2\/pages\/399\/revisions\/401"}],"up":[{"embeddable":true,"href":"https:\/\/trennungundscheidung.web-email.at\/familien-eltern-oder-erziehungsberatung\/wp-json\/wp\/v2\/pages\/13"}],"wp:attachment":[{"href":"https:\/\/trennungundscheidung.web-email.at\/familien-eltern-oder-erziehungsberatung\/wp-json\/wp\/v2\/media?parent=399"}],"curies":[{"name":"wp","href":"https:\/\/api.w.org\/{rel}","templated":true}]}}