{"id":402,"date":"2020-02-27T09:22:02","date_gmt":"2020-02-27T08:22:02","guid":{"rendered":"https:\/\/trennungundscheidung.web-email.at\/familien-eltern-oder-erziehungsberatung\/?page_id=402"},"modified":"2020-02-27T09:22:03","modified_gmt":"2020-02-27T08:22:03","slug":"forditsunk-toebb-figyelmet-a-gyerekre-ungarisch-magyar","status":"publish","type":"page","link":"https:\/\/trennungundscheidung.web-email.at\/familien-eltern-oder-erziehungsberatung\/den-blick-wieder-auf-die-kinder-richten\/forditsunk-toebb-figyelmet-a-gyerekre-ungarisch-magyar\/","title":{"rendered":"&#8230;FORD\u00cdTSUNK T\u00d6BB FIGYELMET A GYEREKRE! &#8211; Ungarisch (Magyar)"},"content":{"rendered":"\n<figure class=\"wp-block-image size-large\"><img loading=\"lazy\" decoding=\"async\" width=\"50\" height=\"32\" src=\"https:\/\/trennungundscheidung.web-email.at\/familien-eltern-oder-erziehungsberatung\/wp-content\/uploads\/sites\/6\/2020\/02\/ungarisch_magyar.png\" alt=\"ungarisch\" class=\"wp-image-403\"\/><\/figure>\n\n\n\n<p>Ha a sz\u00fcl\u0151k k\u00fcl\u00f6n v\u00e1l\u00e1sa ut\u00e1n nem siker\u00fcl a gyerek ill. a k\u00f6z\u00f6s gyerekek \u00e9rdekeinek legmegfelel\u0151bben elrendezni a sz\u00fcl\u0151i fel\u00fcgyelet ill. a l\u00e1that\u00e1s szab\u00e1lyoz\u00e1s\u00e1t \u00e9s azt a mindennapokban be is tartani, akkor a b\u00edr\u00f3s\u00e1g elrendelhet egy csal\u00e1d-, sz\u00fcl\u0151-, \u00e9s nevel\u00e9si tan\u00e1csad\u00e1st a \u00a7107 Abs.3Z. 1.Au\u00dfStrG alapj\u00e1n.<\/p>\n\n\n\n<p>Az al\u00e1bbi esetekben rendelhet el a b\u00edr\u00f3s\u00e1g egy ilyen (csal\u00e1d-, sz\u00fcl\u0151-, \u00e9s nevel\u00e9si) tan\u00e1csad\u00e1st:<\/p>\n\n\n\n<ul class=\"wp-block-list\"><li>ha nem m\u0171k\u00f6dik a sz\u00fcl\u0151i fel\u00fcgyelet \u00e9s l\u00e1that\u00e1s szab\u00e1lyoz\u00e1sa<\/li><li>ha a sz\u00fcl\u0151i fel\u00fcgyelet sor\u00e1n fell\u00e9p\u0151, a gyermeket \u00e9rint\u0151, fontos k\u00e9rd\u00e9sekben nem tudnak megegyezni<\/li><li>ha a sz\u00fcl\u0151k k\u00f6z\u00f6tt nincs megfelel\u00f6 kommunik\u00e1ci\u00f3 ill. kooper\u00e1ci\u00f3<\/li><li>ha a gyermeknek a fejl\u0151d\u00e9s\u00e9hez sz\u00fcks\u00e9ges ig\u00e9nyei nincsenek kiel\u00e9g\u00edtve<\/li><li>ha a sz\u00fcl\u0151k k\u00f6z\u00f6tt nagyon megromlott a viszony<\/li><li>ha a sz\u00fcl\u0151k vagy az egyik sz\u00fcl\u0151 nevel\u00e9si k\u00e9pess\u00e9ge k\u00e9ts\u00e9gbe vonhat\u00f3<\/li><\/ul>\n\n\n\n<p>A b\u00edr\u00f3s\u00e1g szabja meg, hogy h\u00e1ny \u00f3ra&nbsp;&nbsp;tan\u00e1csad\u00e1s&nbsp;&nbsp;sz\u00fcks\u00e9ges. A tan\u00e1csad\u00e1s sor\u00e1n a sz\u00fcl\u0151knek lehet\u0151s\u00e9g\u00fck van a b\u00edr\u00f3s\u00e1gon k\u00edv\u00fcl besz\u00e9lni gyermek\u00fck sz\u00fcks\u00e9gleteir\u00f6l. Ez\u00e9rt ide\u00e1lis esetben a tan\u00e1csad\u00e1son mindk\u00e9t sz\u00fcl\u0151 r\u00e9szt vesz, igy egy\u00fctt k\u00f6z\u00f6s megold\u00e1sokat tudnak kidolgozni a probl\u00e9m\u00e1ikra.<\/p>\n\n\n\n<p>Fontos!<\/p>\n\n\n\n<p>A hivatalosan elismert csal\u00e1d-, sz\u00fcl\u0151-, \u00e9s nevel\u00e9si tan\u00e1csad\u00f3k list\u00e1ja&nbsp;&nbsp;<a href=\"https:\/\/trennungundscheidung.web-email.at\/familien-eltern-oder-erziehungsberatung\/berater\/\">https:\/\/trennungundscheidung.web-email.at\/familien-eltern-oder-erziehungsberatung\/berater\/<\/a><\/p>\n\n\n\n<p>seg\u00edts\u00e9get ny\u00fajt a megfelel\u00f6 seg\u00edt\u0151 megtal\u00e1l\u00e1s\u00e1ban . A b\u00edr\u00f3 saj\u00e1t hat\u00e1sk\u00f6rben hozz\u00e1j\u00e1rulhat, hogy a nevel\u00e9si tan\u00e1csad\u00e1st a \u00a7107 Abs.3Z. 1.Au\u00dfStrG alapj\u00e1n m\u00e1s, a list\u00e1n nem szerepl\u0151&nbsp;&nbsp;tan\u00e1csad\u00f3 v\u00e9gezze.<\/p>\n\n\n\n<p>A b\u00edr\u00f3s\u00e1g \u00e1ltal elrendelt nevel\u00e9si tan\u00e1csad\u00e1s k\u00f6lts\u00e9ge a sz\u00fcl\u0151ket terheli. Ir\u00e1ny\u00e1rk\u00e9nt 70-120 Euro-val (exkl. USt) lehet sz\u00e1molni.<\/p>\n\n\n\n<p>Ha a b\u00edr\u00f3 \u00fagy \u00edt\u00e9li meg, hogy az elhelyez\u00e9si, \u00e9s l\u00e1that\u00e1st szab\u00e1lyoz\u00f3 elj\u00e1r\u00e1s a gyereket nagyon megviseli, kijel\u00f6lhet sz\u00e1m\u00e1ra k\u00fcl\u00f6n egy \u00fagy nevezett Kinderbeistand-ot aki csak a gyereket t\u00e1mogatja az elj\u00e1r\u00e1s alatt.<\/p>\n\n\n\n<p> <a href=\"https:\/\/trennungundscheidung.web-email.at\/kinderbeistand\/\">https:\/\/trennungundscheidung.web-email.at\/kinderbeistand\/ <\/a><\/p>\n","protected":false},"excerpt":{"rendered":"<p>Ha a sz\u00fcl\u0151k k\u00fcl\u00f6n v\u00e1l\u00e1sa ut\u00e1n nem siker\u00fcl a gyerek ill. a k\u00f6z\u00f6s gyerekek \u00e9rdekeinek legmegfelel\u0151bben elrendezni a sz\u00fcl\u0151i fel\u00fcgyelet ill. a l\u00e1that\u00e1s szab\u00e1lyoz\u00e1s\u00e1t \u00e9s azt a mindennapokban be is tartani, akkor a b\u00edr\u00f3s\u00e1g elrendelhet egy csal\u00e1d-, sz\u00fcl\u0151-, \u00e9s nevel\u00e9si tan\u00e1csad\u00e1st a \u00a7107 Abs.3Z. 1.Au\u00dfStrG alapj\u00e1n. Az al\u00e1bbi esetekben rendelhet el a b\u00edr\u00f3s\u00e1g egy ilyen [&hellip;]<\/p>\n","protected":false},"author":1,"featured_media":0,"parent":13,"menu_order":0,"comment_status":"closed","ping_status":"closed","template":"","meta":{"_acf_changed":false,"footnotes":""},"class_list":["post-402","page","type-page","status-publish","hentry"],"acf":[],"yoast_head":"<!-- This site is optimized with the Yoast SEO plugin v26.9 - https:\/\/yoast.com\/product\/yoast-seo-wordpress\/ -->\n<title>...FORD\u00cdTSUNK T\u00d6BB FIGYELMET A GYEREKRE! - Ungarisch (Magyar) - Familien-, Eltern- oder Erziehungsberatung nach \u00a7 107<\/title>\n<meta name=\"robots\" content=\"index, follow, max-snippet:-1, max-image-preview:large, max-video-preview:-1\" \/>\n<link rel=\"canonical\" href=\"https:\/\/trennungundscheidung.web-email.at\/familien-eltern-oder-erziehungsberatung\/den-blick-wieder-auf-die-kinder-richten\/forditsunk-toebb-figyelmet-a-gyerekre-ungarisch-magyar\/\" \/>\n<meta property=\"og:locale\" content=\"de_DE\" \/>\n<meta property=\"og:type\" content=\"article\" \/>\n<meta property=\"og:title\" content=\"...FORD\u00cdTSUNK T\u00d6BB FIGYELMET A GYEREKRE! - Ungarisch (Magyar) - Familien-, Eltern- oder Erziehungsberatung nach \u00a7 107\" \/>\n<meta property=\"og:description\" content=\"Ha a sz\u00fcl\u0151k k\u00fcl\u00f6n v\u00e1l\u00e1sa ut\u00e1n nem siker\u00fcl a gyerek ill. a k\u00f6z\u00f6s gyerekek \u00e9rdekeinek legmegfelel\u0151bben elrendezni a sz\u00fcl\u0151i fel\u00fcgyelet ill. a l\u00e1that\u00e1s szab\u00e1lyoz\u00e1s\u00e1t \u00e9s azt a mindennapokban be is tartani, akkor a b\u00edr\u00f3s\u00e1g elrendelhet egy csal\u00e1d-, sz\u00fcl\u0151-, \u00e9s nevel\u00e9si tan\u00e1csad\u00e1st a \u00a7107 Abs.3Z. 1.Au\u00dfStrG alapj\u00e1n. Az al\u00e1bbi esetekben rendelhet el a b\u00edr\u00f3s\u00e1g egy ilyen [&hellip;]\" \/>\n<meta property=\"og:url\" content=\"https:\/\/trennungundscheidung.web-email.at\/familien-eltern-oder-erziehungsberatung\/den-blick-wieder-auf-die-kinder-richten\/forditsunk-toebb-figyelmet-a-gyerekre-ungarisch-magyar\/\" \/>\n<meta property=\"og:site_name\" content=\"Familien-, Eltern- oder Erziehungsberatung nach \u00a7 107\" \/>\n<meta property=\"article:modified_time\" content=\"2020-02-27T08:22:03+00:00\" \/>\n<meta property=\"og:image\" content=\"https:\/\/trennungundscheidung.web-email.at\/familien-eltern-oder-erziehungsberatung\/wp-content\/uploads\/sites\/6\/2020\/02\/ungarisch_magyar.png\" \/>\n<meta name=\"twitter:card\" content=\"summary_large_image\" \/>\n<meta name=\"twitter:label1\" content=\"Gesch\u00e4tzte Lesezeit\" \/>\n\t<meta name=\"twitter:data1\" content=\"2\u00a0Minuten\" \/>\n<script type=\"application\/ld+json\" class=\"yoast-schema-graph\">{\"@context\":\"https:\/\/schema.org\",\"@graph\":[{\"@type\":\"WebPage\",\"@id\":\"https:\/\/trennungundscheidung.web-email.at\/familien-eltern-oder-erziehungsberatung\/den-blick-wieder-auf-die-kinder-richten\/forditsunk-toebb-figyelmet-a-gyerekre-ungarisch-magyar\/\",\"url\":\"https:\/\/trennungundscheidung.web-email.at\/familien-eltern-oder-erziehungsberatung\/den-blick-wieder-auf-die-kinder-richten\/forditsunk-toebb-figyelmet-a-gyerekre-ungarisch-magyar\/\",\"name\":\"...FORD\u00cdTSUNK T\u00d6BB FIGYELMET A GYEREKRE! - Ungarisch (Magyar) - Familien-, Eltern- oder Erziehungsberatung nach \u00a7 107\",\"isPartOf\":{\"@id\":\"https:\/\/trennungundscheidung.web-email.at\/familien-eltern-oder-erziehungsberatung\/#website\"},\"primaryImageOfPage\":{\"@id\":\"https:\/\/trennungundscheidung.web-email.at\/familien-eltern-oder-erziehungsberatung\/den-blick-wieder-auf-die-kinder-richten\/forditsunk-toebb-figyelmet-a-gyerekre-ungarisch-magyar\/#primaryimage\"},\"image\":{\"@id\":\"https:\/\/trennungundscheidung.web-email.at\/familien-eltern-oder-erziehungsberatung\/den-blick-wieder-auf-die-kinder-richten\/forditsunk-toebb-figyelmet-a-gyerekre-ungarisch-magyar\/#primaryimage\"},\"thumbnailUrl\":\"https:\/\/trennungundscheidung.web-email.at\/familien-eltern-oder-erziehungsberatung\/wp-content\/uploads\/sites\/6\/2020\/02\/ungarisch_magyar.png\",\"datePublished\":\"2020-02-27T08:22:02+00:00\",\"dateModified\":\"2020-02-27T08:22:03+00:00\",\"breadcrumb\":{\"@id\":\"https:\/\/trennungundscheidung.web-email.at\/familien-eltern-oder-erziehungsberatung\/den-blick-wieder-auf-die-kinder-richten\/forditsunk-toebb-figyelmet-a-gyerekre-ungarisch-magyar\/#breadcrumb\"},\"inLanguage\":\"de\",\"potentialAction\":[{\"@type\":\"ReadAction\",\"target\":[\"https:\/\/trennungundscheidung.web-email.at\/familien-eltern-oder-erziehungsberatung\/den-blick-wieder-auf-die-kinder-richten\/forditsunk-toebb-figyelmet-a-gyerekre-ungarisch-magyar\/\"]}]},{\"@type\":\"ImageObject\",\"inLanguage\":\"de\",\"@id\":\"https:\/\/trennungundscheidung.web-email.at\/familien-eltern-oder-erziehungsberatung\/den-blick-wieder-auf-die-kinder-richten\/forditsunk-toebb-figyelmet-a-gyerekre-ungarisch-magyar\/#primaryimage\",\"url\":\"https:\/\/trennungundscheidung.web-email.at\/familien-eltern-oder-erziehungsberatung\/wp-content\/uploads\/sites\/6\/2020\/02\/ungarisch_magyar.png\",\"contentUrl\":\"https:\/\/trennungundscheidung.web-email.at\/familien-eltern-oder-erziehungsberatung\/wp-content\/uploads\/sites\/6\/2020\/02\/ungarisch_magyar.png\",\"width\":50,\"height\":32,\"caption\":\"ungarisch\"},{\"@type\":\"BreadcrumbList\",\"@id\":\"https:\/\/trennungundscheidung.web-email.at\/familien-eltern-oder-erziehungsberatung\/den-blick-wieder-auf-die-kinder-richten\/forditsunk-toebb-figyelmet-a-gyerekre-ungarisch-magyar\/#breadcrumb\",\"itemListElement\":[{\"@type\":\"ListItem\",\"position\":1,\"name\":\"Home\",\"item\":\"https:\/\/trennungundscheidung.web-email.at\/familien-eltern-oder-erziehungsberatung\/\"},{\"@type\":\"ListItem\",\"position\":2,\"name\":\"&#8230; den Blick wieder auf die Kinder richten!\",\"item\":\"https:\/\/trennungundscheidung.web-email.at\/familien-eltern-oder-erziehungsberatung\/\"},{\"@type\":\"ListItem\",\"position\":3,\"name\":\"&#8230;FORD\u00cdTSUNK T\u00d6BB FIGYELMET A GYEREKRE! &#8211; Ungarisch (Magyar)\"}]},{\"@type\":\"WebSite\",\"@id\":\"https:\/\/trennungundscheidung.web-email.at\/familien-eltern-oder-erziehungsberatung\/#website\",\"url\":\"https:\/\/trennungundscheidung.web-email.at\/familien-eltern-oder-erziehungsberatung\/\",\"name\":\"Familien-, Eltern- oder Erziehungsberatung nach \u00a7 107\",\"description\":\"\",\"potentialAction\":[{\"@type\":\"SearchAction\",\"target\":{\"@type\":\"EntryPoint\",\"urlTemplate\":\"https:\/\/trennungundscheidung.web-email.at\/familien-eltern-oder-erziehungsberatung\/?s={search_term_string}\"},\"query-input\":{\"@type\":\"PropertyValueSpecification\",\"valueRequired\":true,\"valueName\":\"search_term_string\"}}],\"inLanguage\":\"de\"}]}<\/script>\n<!-- \/ Yoast SEO plugin. -->","yoast_head_json":{"title":"...FORD\u00cdTSUNK T\u00d6BB FIGYELMET A GYEREKRE! - Ungarisch (Magyar) - Familien-, Eltern- oder Erziehungsberatung nach \u00a7 107","robots":{"index":"index","follow":"follow","max-snippet":"max-snippet:-1","max-image-preview":"max-image-preview:large","max-video-preview":"max-video-preview:-1"},"canonical":"https:\/\/trennungundscheidung.web-email.at\/familien-eltern-oder-erziehungsberatung\/den-blick-wieder-auf-die-kinder-richten\/forditsunk-toebb-figyelmet-a-gyerekre-ungarisch-magyar\/","og_locale":"de_DE","og_type":"article","og_title":"...FORD\u00cdTSUNK T\u00d6BB FIGYELMET A GYEREKRE! - Ungarisch (Magyar) - Familien-, Eltern- oder Erziehungsberatung nach \u00a7 107","og_description":"Ha a sz\u00fcl\u0151k k\u00fcl\u00f6n v\u00e1l\u00e1sa ut\u00e1n nem siker\u00fcl a gyerek ill. a k\u00f6z\u00f6s gyerekek \u00e9rdekeinek legmegfelel\u0151bben elrendezni a sz\u00fcl\u0151i fel\u00fcgyelet ill. a l\u00e1that\u00e1s szab\u00e1lyoz\u00e1s\u00e1t \u00e9s azt a mindennapokban be is tartani, akkor a b\u00edr\u00f3s\u00e1g elrendelhet egy csal\u00e1d-, sz\u00fcl\u0151-, \u00e9s nevel\u00e9si tan\u00e1csad\u00e1st a \u00a7107 Abs.3Z. 1.Au\u00dfStrG alapj\u00e1n. Az al\u00e1bbi esetekben rendelhet el a b\u00edr\u00f3s\u00e1g egy ilyen [&hellip;]","og_url":"https:\/\/trennungundscheidung.web-email.at\/familien-eltern-oder-erziehungsberatung\/den-blick-wieder-auf-die-kinder-richten\/forditsunk-toebb-figyelmet-a-gyerekre-ungarisch-magyar\/","og_site_name":"Familien-, Eltern- oder Erziehungsberatung nach \u00a7 107","article_modified_time":"2020-02-27T08:22:03+00:00","og_image":[{"url":"https:\/\/trennungundscheidung.web-email.at\/familien-eltern-oder-erziehungsberatung\/wp-content\/uploads\/sites\/6\/2020\/02\/ungarisch_magyar.png","type":"","width":"","height":""}],"twitter_card":"summary_large_image","twitter_misc":{"Gesch\u00e4tzte Lesezeit":"2\u00a0Minuten"},"schema":{"@context":"https:\/\/schema.org","@graph":[{"@type":"WebPage","@id":"https:\/\/trennungundscheidung.web-email.at\/familien-eltern-oder-erziehungsberatung\/den-blick-wieder-auf-die-kinder-richten\/forditsunk-toebb-figyelmet-a-gyerekre-ungarisch-magyar\/","url":"https:\/\/trennungundscheidung.web-email.at\/familien-eltern-oder-erziehungsberatung\/den-blick-wieder-auf-die-kinder-richten\/forditsunk-toebb-figyelmet-a-gyerekre-ungarisch-magyar\/","name":"...FORD\u00cdTSUNK T\u00d6BB FIGYELMET A GYEREKRE! - Ungarisch (Magyar) - Familien-, Eltern- oder Erziehungsberatung nach \u00a7 107","isPartOf":{"@id":"https:\/\/trennungundscheidung.web-email.at\/familien-eltern-oder-erziehungsberatung\/#website"},"primaryImageOfPage":{"@id":"https:\/\/trennungundscheidung.web-email.at\/familien-eltern-oder-erziehungsberatung\/den-blick-wieder-auf-die-kinder-richten\/forditsunk-toebb-figyelmet-a-gyerekre-ungarisch-magyar\/#primaryimage"},"image":{"@id":"https:\/\/trennungundscheidung.web-email.at\/familien-eltern-oder-erziehungsberatung\/den-blick-wieder-auf-die-kinder-richten\/forditsunk-toebb-figyelmet-a-gyerekre-ungarisch-magyar\/#primaryimage"},"thumbnailUrl":"https:\/\/trennungundscheidung.web-email.at\/familien-eltern-oder-erziehungsberatung\/wp-content\/uploads\/sites\/6\/2020\/02\/ungarisch_magyar.png","datePublished":"2020-02-27T08:22:02+00:00","dateModified":"2020-02-27T08:22:03+00:00","breadcrumb":{"@id":"https:\/\/trennungundscheidung.web-email.at\/familien-eltern-oder-erziehungsberatung\/den-blick-wieder-auf-die-kinder-richten\/forditsunk-toebb-figyelmet-a-gyerekre-ungarisch-magyar\/#breadcrumb"},"inLanguage":"de","potentialAction":[{"@type":"ReadAction","target":["https:\/\/trennungundscheidung.web-email.at\/familien-eltern-oder-erziehungsberatung\/den-blick-wieder-auf-die-kinder-richten\/forditsunk-toebb-figyelmet-a-gyerekre-ungarisch-magyar\/"]}]},{"@type":"ImageObject","inLanguage":"de","@id":"https:\/\/trennungundscheidung.web-email.at\/familien-eltern-oder-erziehungsberatung\/den-blick-wieder-auf-die-kinder-richten\/forditsunk-toebb-figyelmet-a-gyerekre-ungarisch-magyar\/#primaryimage","url":"https:\/\/trennungundscheidung.web-email.at\/familien-eltern-oder-erziehungsberatung\/wp-content\/uploads\/sites\/6\/2020\/02\/ungarisch_magyar.png","contentUrl":"https:\/\/trennungundscheidung.web-email.at\/familien-eltern-oder-erziehungsberatung\/wp-content\/uploads\/sites\/6\/2020\/02\/ungarisch_magyar.png","width":50,"height":32,"caption":"ungarisch"},{"@type":"BreadcrumbList","@id":"https:\/\/trennungundscheidung.web-email.at\/familien-eltern-oder-erziehungsberatung\/den-blick-wieder-auf-die-kinder-richten\/forditsunk-toebb-figyelmet-a-gyerekre-ungarisch-magyar\/#breadcrumb","itemListElement":[{"@type":"ListItem","position":1,"name":"Home","item":"https:\/\/trennungundscheidung.web-email.at\/familien-eltern-oder-erziehungsberatung\/"},{"@type":"ListItem","position":2,"name":"&#8230; den Blick wieder auf die Kinder richten!","item":"https:\/\/trennungundscheidung.web-email.at\/familien-eltern-oder-erziehungsberatung\/"},{"@type":"ListItem","position":3,"name":"&#8230;FORD\u00cdTSUNK T\u00d6BB FIGYELMET A GYEREKRE! &#8211; Ungarisch (Magyar)"}]},{"@type":"WebSite","@id":"https:\/\/trennungundscheidung.web-email.at\/familien-eltern-oder-erziehungsberatung\/#website","url":"https:\/\/trennungundscheidung.web-email.at\/familien-eltern-oder-erziehungsberatung\/","name":"Familien-, Eltern- oder Erziehungsberatung nach \u00a7 107","description":"","potentialAction":[{"@type":"SearchAction","target":{"@type":"EntryPoint","urlTemplate":"https:\/\/trennungundscheidung.web-email.at\/familien-eltern-oder-erziehungsberatung\/?s={search_term_string}"},"query-input":{"@type":"PropertyValueSpecification","valueRequired":true,"valueName":"search_term_string"}}],"inLanguage":"de"}]}},"_links":{"self":[{"href":"https:\/\/trennungundscheidung.web-email.at\/familien-eltern-oder-erziehungsberatung\/wp-json\/wp\/v2\/pages\/402","targetHints":{"allow":["GET"]}}],"collection":[{"href":"https:\/\/trennungundscheidung.web-email.at\/familien-eltern-oder-erziehungsberatung\/wp-json\/wp\/v2\/pages"}],"about":[{"href":"https:\/\/trennungundscheidung.web-email.at\/familien-eltern-oder-erziehungsberatung\/wp-json\/wp\/v2\/types\/page"}],"author":[{"embeddable":true,"href":"https:\/\/trennungundscheidung.web-email.at\/familien-eltern-oder-erziehungsberatung\/wp-json\/wp\/v2\/users\/1"}],"replies":[{"embeddable":true,"href":"https:\/\/trennungundscheidung.web-email.at\/familien-eltern-oder-erziehungsberatung\/wp-json\/wp\/v2\/comments?post=402"}],"version-history":[{"count":1,"href":"https:\/\/trennungundscheidung.web-email.at\/familien-eltern-oder-erziehungsberatung\/wp-json\/wp\/v2\/pages\/402\/revisions"}],"predecessor-version":[{"id":404,"href":"https:\/\/trennungundscheidung.web-email.at\/familien-eltern-oder-erziehungsberatung\/wp-json\/wp\/v2\/pages\/402\/revisions\/404"}],"up":[{"embeddable":true,"href":"https:\/\/trennungundscheidung.web-email.at\/familien-eltern-oder-erziehungsberatung\/wp-json\/wp\/v2\/pages\/13"}],"wp:attachment":[{"href":"https:\/\/trennungundscheidung.web-email.at\/familien-eltern-oder-erziehungsberatung\/wp-json\/wp\/v2\/media?parent=402"}],"curies":[{"name":"wp","href":"https:\/\/api.w.org\/{rel}","templated":true}]}}