{"id":13,"date":"2017-02-21T11:25:45","date_gmt":"2017-02-21T10:25:45","guid":{"rendered":"https:\/\/trennungundscheidung.web-email.at\/familien-und-scheidungsberatung-bei-gericht\/?page_id=13"},"modified":"2020-11-13T10:55:46","modified_gmt":"2020-11-13T09:55:46","slug":"guter-rat-schwierigen-zeiten","status":"publish","type":"page","link":"https:\/\/trennungundscheidung.web-email.at\/familien-und-scheidungsberatung-bei-gericht\/","title":{"rendered":"Guter Rat in schwierigen Zeiten"},"content":{"rendered":"<p>Sind die Anzeichen einer Beziehungskrise nicht mehr \u00fcbersehbar oder steht bereits die Frage einer Trennung oder Scheidung im Raum oder gibt es Probleme im Kontakt zu den Kindern oder Fragen zu Obsorge oder Unterhalt, dann ist es Zeit, sich rasch kompetenten Rat und Hilfe holen!<\/p>\n<p>Die Familien- und Scheidungsberatung bei Gericht ist Ansprechstelle f\u00fcr alle, die im Zuge einer Trennung oder Scheidung bzw. bei Problemen danach Information und Orientierung brauchen.<\/p>\n<p>Bei den meisten Bezirksgerichten wird zeitgleich zum Amtstag Beziehungs-, Ehe- und Scheidungsberatung sowie Rechtsinformation angeboten; konkret erhalten Sie dort:<\/p>\n<ul>\n<li style=\"text-align: left\">Rechtsberatung zu Trennung, Scheidung, Unterhalt, Obsorge und Kontaktrecht<\/li>\n<li style=\"text-align: left\">psychologische Unterst\u00fctzung<\/li>\n<li style=\"text-align: left\">Auskunft \u00fcber Mediation und weitere Unterst\u00fctzungsangebote<\/li>\n<\/ul>\n<p>Das professionelle Berater\/innen-Team (bestehend aus einer Juristin \/ einem Juristen und einer\/einem diplomierten Ehe- und Familienberater\/in) geht nicht nur auf rechtliche Fragen ein, sondern ber\u00fccksichtigt auch die psychische Situation und soziale Faktoren.<\/p>\n<p>Bei der Familien- und Scheidungsberatung erhalten Sie konkrete Informationen zu wichtigen Themen, wie z.B.:<\/p>\n<ul>\n<li>Was muss ich bei einer Trennung\/Scheidung alles bedenken?<\/li>\n<li>Wie finde ich f\u00fcr die anstehenden Herausforderungen und Probleme eine L\u00f6sung?<\/li>\n<li>Wie bew\u00e4ltige ich \u2013 bzw. wir als Eltern \u2013 m\u00f6gliche Ver\u00e4nderungen im Alltag? Wer kann uns dabei unterst\u00fctzen?<\/li>\n<li>Wie kann die Elternbeziehung zu den Kindern erhalten bleiben?<\/li>\n<\/ul>\n<p>Wichtig:<\/p>\n<p>\u2013 Die Familien- und Scheidungsberatung ist anonym. Sie brauchen Ihre Identit\u00e4t nicht bekannt geben und die Berater\/innen sind zur Verschwiegenheit verpflichtet.<\/p>\n<p>\u2013 Sie k\u00f6nnen die Beratung an den Amtstagen in Anspruch nehmen. Sie haben etwa 30 Minuten Zeit, Ihr Anliegen zu besprechen.<\/p>\n<p>\u2013 Die gef\u00f6rderte Familien- und Scheidungsberatung ist kostenlos.<\/p>\n<p><strong>&nbsp;<\/strong><\/p>\n<p>Adressen, Anmeldeformalit\u00e4ten und \u00d6ffnungszeiten der Beratungsstellen finden Sie auf den nachstehenden Seiten.<\/p>\n\n\n<figure class=\"wp-block-image size-large\"><a href=\"https:\/\/trennungundscheidung.web-email.at\/familien-und-scheidungsberatung-bei-gericht\/good-advice-in-difficult-times-en\/\"><img loading=\"lazy\" decoding=\"async\" width=\"50\" height=\"32\" src=\"https:\/\/trennungundscheidung.web-email.at\/familien-und-scheidungsberatung-bei-gericht\/wp-content\/uploads\/sites\/2\/2020\/11\/englisch_english.jpg\" alt=\"\" class=\"wp-image-140\"\/><\/a><\/figure>\n\n\n\n<p><\/p>\n","protected":false},"excerpt":{"rendered":"<p>Sind die Anzeichen einer Beziehungskrise nicht mehr \u00fcbersehbar oder steht bereits die Frage einer Trennung oder Scheidung im Raum oder gibt es Probleme im Kontakt zu den Kindern oder Fragen zu Obsorge oder Unterhalt, dann ist es Zeit, sich rasch kompetenten Rat und Hilfe holen! Die Familien- und Scheidungsberatung bei Gericht ist Ansprechstelle f\u00fcr alle, [&hellip;]<\/p>\n","protected":false},"author":1,"featured_media":0,"parent":0,"menu_order":0,"comment_status":"closed","ping_status":"closed","template":"","meta":{"_acf_changed":false,"footnotes":""},"class_list":["post-13","page","type-page","status-publish","hentry"],"acf":[],"yoast_head":"<!-- This site is optimized with the Yoast SEO plugin v26.9 - https:\/\/yoast.com\/product\/yoast-seo-wordpress\/ -->\n<title>Familien- und Scheidungsberatung - Trennung &amp; Scheidung<\/title>\n<meta name=\"description\" content=\"Die Familien- und Scheidungsberatung ist Ansprechstelle f\u00fcr alle, die im Zuge einer Trennung oder Scheidung Information und Orientierung brauchen.\" \/>\n<meta name=\"robots\" content=\"index, follow, max-snippet:-1, max-image-preview:large, max-video-preview:-1\" \/>\n<link rel=\"canonical\" href=\"https:\/\/trennungundscheidung.web-email.at\/familien-und-scheidungsberatung-bei-gericht\/\" \/>\n<meta property=\"og:locale\" content=\"de_DE\" \/>\n<meta property=\"og:type\" content=\"article\" \/>\n<meta property=\"og:title\" content=\"Familien- und Scheidungsberatung - Trennung &amp; Scheidung\" \/>\n<meta property=\"og:description\" content=\"Die Familien- und Scheidungsberatung ist Ansprechstelle f\u00fcr alle, die im Zuge einer Trennung oder Scheidung Information und Orientierung brauchen.\" \/>\n<meta property=\"og:url\" content=\"https:\/\/trennungundscheidung.web-email.at\/familien-und-scheidungsberatung-bei-gericht\/\" \/>\n<meta property=\"og:site_name\" content=\"Familien- und Scheidungsberatung bei Gericht\" \/>\n<meta property=\"article:modified_time\" content=\"2020-11-13T09:55:46+00:00\" \/>\n<meta property=\"og:image\" content=\"https:\/\/trennungundscheidung.web-email.at\/familien-und-scheidungsberatung-bei-gericht\/wp-content\/uploads\/sites\/2\/2020\/11\/englisch_english.jpg\" \/>\n<meta name=\"twitter:card\" content=\"summary_large_image\" \/>\n<meta name=\"twitter:label1\" content=\"Gesch\u00e4tzte Lesezeit\" \/>\n\t<meta name=\"twitter:data1\" content=\"1\u00a0Minute\" \/>\n<script type=\"application\/ld+json\" class=\"yoast-schema-graph\">{\"@context\":\"https:\/\/schema.org\",\"@graph\":[{\"@type\":\"WebPage\",\"@id\":\"https:\/\/trennungundscheidung.web-email.at\/familien-und-scheidungsberatung-bei-gericht\/\",\"url\":\"https:\/\/trennungundscheidung.web-email.at\/familien-und-scheidungsberatung-bei-gericht\/\",\"name\":\"Familien- und Scheidungsberatung - Trennung & Scheidung\",\"isPartOf\":{\"@id\":\"https:\/\/trennungundscheidung.web-email.at\/familien-und-scheidungsberatung-bei-gericht\/#website\"},\"primaryImageOfPage\":{\"@id\":\"https:\/\/trennungundscheidung.web-email.at\/familien-und-scheidungsberatung-bei-gericht\/#primaryimage\"},\"image\":{\"@id\":\"https:\/\/trennungundscheidung.web-email.at\/familien-und-scheidungsberatung-bei-gericht\/#primaryimage\"},\"thumbnailUrl\":\"https:\/\/trennungundscheidung.web-email.at\/familien-und-scheidungsberatung-bei-gericht\/wp-content\/uploads\/sites\/2\/2020\/11\/englisch_english.jpg\",\"datePublished\":\"2017-02-21T10:25:45+00:00\",\"dateModified\":\"2020-11-13T09:55:46+00:00\",\"description\":\"Die Familien- und Scheidungsberatung ist Ansprechstelle f\u00fcr alle, die im Zuge einer Trennung oder Scheidung Information und Orientierung brauchen.\",\"breadcrumb\":{\"@id\":\"https:\/\/trennungundscheidung.web-email.at\/familien-und-scheidungsberatung-bei-gericht\/#breadcrumb\"},\"inLanguage\":\"de\",\"potentialAction\":[{\"@type\":\"ReadAction\",\"target\":[\"https:\/\/trennungundscheidung.web-email.at\/familien-und-scheidungsberatung-bei-gericht\/\"]}]},{\"@type\":\"ImageObject\",\"inLanguage\":\"de\",\"@id\":\"https:\/\/trennungundscheidung.web-email.at\/familien-und-scheidungsberatung-bei-gericht\/#primaryimage\",\"url\":\"https:\/\/trennungundscheidung.web-email.at\/familien-und-scheidungsberatung-bei-gericht\/wp-content\/uploads\/sites\/2\/2020\/11\/englisch_english.jpg\",\"contentUrl\":\"https:\/\/trennungundscheidung.web-email.at\/familien-und-scheidungsberatung-bei-gericht\/wp-content\/uploads\/sites\/2\/2020\/11\/englisch_english.jpg\",\"width\":50,\"height\":32},{\"@type\":\"BreadcrumbList\",\"@id\":\"https:\/\/trennungundscheidung.web-email.at\/familien-und-scheidungsberatung-bei-gericht\/#breadcrumb\",\"itemListElement\":[{\"@type\":\"ListItem\",\"position\":1,\"name\":\"Home\",\"item\":\"https:\/\/trennungundscheidung.web-email.at\/familien-und-scheidungsberatung-bei-gericht\/\"},{\"@type\":\"ListItem\",\"position\":2,\"name\":\"Guter Rat in schwierigen Zeiten\"}]},{\"@type\":\"WebSite\",\"@id\":\"https:\/\/trennungundscheidung.web-email.at\/familien-und-scheidungsberatung-bei-gericht\/#website\",\"url\":\"https:\/\/trennungundscheidung.web-email.at\/familien-und-scheidungsberatung-bei-gericht\/\",\"name\":\"Familien- und Scheidungsberatung bei Gericht\",\"description\":\"\",\"potentialAction\":[{\"@type\":\"SearchAction\",\"target\":{\"@type\":\"EntryPoint\",\"urlTemplate\":\"https:\/\/trennungundscheidung.web-email.at\/familien-und-scheidungsberatung-bei-gericht\/?s={search_term_string}\"},\"query-input\":{\"@type\":\"PropertyValueSpecification\",\"valueRequired\":true,\"valueName\":\"search_term_string\"}}],\"inLanguage\":\"de\"}]}<\/script>\n<!-- \/ Yoast SEO plugin. -->","yoast_head_json":{"title":"Familien- und Scheidungsberatung - Trennung & Scheidung","description":"Die Familien- und Scheidungsberatung ist Ansprechstelle f\u00fcr alle, die im Zuge einer Trennung oder Scheidung Information und Orientierung brauchen.","robots":{"index":"index","follow":"follow","max-snippet":"max-snippet:-1","max-image-preview":"max-image-preview:large","max-video-preview":"max-video-preview:-1"},"canonical":"https:\/\/trennungundscheidung.web-email.at\/familien-und-scheidungsberatung-bei-gericht\/","og_locale":"de_DE","og_type":"article","og_title":"Familien- und Scheidungsberatung - Trennung & Scheidung","og_description":"Die Familien- und Scheidungsberatung ist Ansprechstelle f\u00fcr alle, die im Zuge einer Trennung oder Scheidung Information und Orientierung brauchen.","og_url":"https:\/\/trennungundscheidung.web-email.at\/familien-und-scheidungsberatung-bei-gericht\/","og_site_name":"Familien- und Scheidungsberatung bei Gericht","article_modified_time":"2020-11-13T09:55:46+00:00","og_image":[{"url":"https:\/\/trennungundscheidung.web-email.at\/familien-und-scheidungsberatung-bei-gericht\/wp-content\/uploads\/sites\/2\/2020\/11\/englisch_english.jpg","type":"","width":"","height":""}],"twitter_card":"summary_large_image","twitter_misc":{"Gesch\u00e4tzte Lesezeit":"1\u00a0Minute"},"schema":{"@context":"https:\/\/schema.org","@graph":[{"@type":"WebPage","@id":"https:\/\/trennungundscheidung.web-email.at\/familien-und-scheidungsberatung-bei-gericht\/","url":"https:\/\/trennungundscheidung.web-email.at\/familien-und-scheidungsberatung-bei-gericht\/","name":"Familien- und Scheidungsberatung - Trennung & Scheidung","isPartOf":{"@id":"https:\/\/trennungundscheidung.web-email.at\/familien-und-scheidungsberatung-bei-gericht\/#website"},"primaryImageOfPage":{"@id":"https:\/\/trennungundscheidung.web-email.at\/familien-und-scheidungsberatung-bei-gericht\/#primaryimage"},"image":{"@id":"https:\/\/trennungundscheidung.web-email.at\/familien-und-scheidungsberatung-bei-gericht\/#primaryimage"},"thumbnailUrl":"https:\/\/trennungundscheidung.web-email.at\/familien-und-scheidungsberatung-bei-gericht\/wp-content\/uploads\/sites\/2\/2020\/11\/englisch_english.jpg","datePublished":"2017-02-21T10:25:45+00:00","dateModified":"2020-11-13T09:55:46+00:00","description":"Die Familien- und Scheidungsberatung ist Ansprechstelle f\u00fcr alle, die im Zuge einer Trennung oder Scheidung Information und Orientierung brauchen.","breadcrumb":{"@id":"https:\/\/trennungundscheidung.web-email.at\/familien-und-scheidungsberatung-bei-gericht\/#breadcrumb"},"inLanguage":"de","potentialAction":[{"@type":"ReadAction","target":["https:\/\/trennungundscheidung.web-email.at\/familien-und-scheidungsberatung-bei-gericht\/"]}]},{"@type":"ImageObject","inLanguage":"de","@id":"https:\/\/trennungundscheidung.web-email.at\/familien-und-scheidungsberatung-bei-gericht\/#primaryimage","url":"https:\/\/trennungundscheidung.web-email.at\/familien-und-scheidungsberatung-bei-gericht\/wp-content\/uploads\/sites\/2\/2020\/11\/englisch_english.jpg","contentUrl":"https:\/\/trennungundscheidung.web-email.at\/familien-und-scheidungsberatung-bei-gericht\/wp-content\/uploads\/sites\/2\/2020\/11\/englisch_english.jpg","width":50,"height":32},{"@type":"BreadcrumbList","@id":"https:\/\/trennungundscheidung.web-email.at\/familien-und-scheidungsberatung-bei-gericht\/#breadcrumb","itemListElement":[{"@type":"ListItem","position":1,"name":"Home","item":"https:\/\/trennungundscheidung.web-email.at\/familien-und-scheidungsberatung-bei-gericht\/"},{"@type":"ListItem","position":2,"name":"Guter Rat in schwierigen Zeiten"}]},{"@type":"WebSite","@id":"https:\/\/trennungundscheidung.web-email.at\/familien-und-scheidungsberatung-bei-gericht\/#website","url":"https:\/\/trennungundscheidung.web-email.at\/familien-und-scheidungsberatung-bei-gericht\/","name":"Familien- und Scheidungsberatung bei Gericht","description":"","potentialAction":[{"@type":"SearchAction","target":{"@type":"EntryPoint","urlTemplate":"https:\/\/trennungundscheidung.web-email.at\/familien-und-scheidungsberatung-bei-gericht\/?s={search_term_string}"},"query-input":{"@type":"PropertyValueSpecification","valueRequired":true,"valueName":"search_term_string"}}],"inLanguage":"de"}]}},"_links":{"self":[{"href":"https:\/\/trennungundscheidung.web-email.at\/familien-und-scheidungsberatung-bei-gericht\/wp-json\/wp\/v2\/pages\/13","targetHints":{"allow":["GET"]}}],"collection":[{"href":"https:\/\/trennungundscheidung.web-email.at\/familien-und-scheidungsberatung-bei-gericht\/wp-json\/wp\/v2\/pages"}],"about":[{"href":"https:\/\/trennungundscheidung.web-email.at\/familien-und-scheidungsberatung-bei-gericht\/wp-json\/wp\/v2\/types\/page"}],"author":[{"embeddable":true,"href":"https:\/\/trennungundscheidung.web-email.at\/familien-und-scheidungsberatung-bei-gericht\/wp-json\/wp\/v2\/users\/1"}],"replies":[{"embeddable":true,"href":"https:\/\/trennungundscheidung.web-email.at\/familien-und-scheidungsberatung-bei-gericht\/wp-json\/wp\/v2\/comments?post=13"}],"version-history":[{"count":2,"href":"https:\/\/trennungundscheidung.web-email.at\/familien-und-scheidungsberatung-bei-gericht\/wp-json\/wp\/v2\/pages\/13\/revisions"}],"predecessor-version":[{"id":141,"href":"https:\/\/trennungundscheidung.web-email.at\/familien-und-scheidungsberatung-bei-gericht\/wp-json\/wp\/v2\/pages\/13\/revisions\/141"}],"wp:attachment":[{"href":"https:\/\/trennungundscheidung.web-email.at\/familien-und-scheidungsberatung-bei-gericht\/wp-json\/wp\/v2\/media?parent=13"}],"curies":[{"name":"wp","href":"https:\/\/api.w.org\/{rel}","templated":true}]}}