{"id":11,"date":"2017-02-24T08:11:22","date_gmt":"2017-02-24T07:11:22","guid":{"rendered":"https:\/\/trennungundscheidung.web-email.at\/familiengerichtshilfe\/?page_id=11"},"modified":"2020-11-13T11:23:10","modified_gmt":"2020-11-13T10:23:10","slug":"unterstuetzung-fuer-eine-gemeinsame-loesung-der-anstehenden-probleme","status":"publish","type":"page","link":"https:\/\/trennungundscheidung.web-email.at\/familiengerichtshilfe\/","title":{"rendered":"Unterst\u00fctzung f\u00fcr eine gemeinsame L\u00f6sung der anstehenden Probleme"},"content":{"rendered":"<p>Die <strong>FAMILIENGERICHTSHILFE<\/strong> (FGH) steht den Pflegschaftsgerichten in Angelegenheiten der Obsorge und des Rechts auf pers\u00f6nliche Kontakte unterst\u00fctzend zur Seite.<\/p>\n<p>Die Mitarbeiter\/innen der Familien- und Jugendgerichtshilfe (Sozialarbeiter\/innen, Erziehungs- und Bildungswissenschaftler\/innen, Psycholog\/innen) unterst\u00fctzen das Gericht beim Erarbeiten von Entscheidungsgrundlagen in Verfahren \u00fcber die Obsorge und das Kontaktrecht.<\/p>\n<p>Die Familiengerichtshilfe ist allein im Auftrag des Gerichtes t\u00e4tig. Sie ist berechtigt, Personen, die \u00fcber die Lebensumst\u00e4nde eines Kindes Ausk\u00fcnfte erteilen k\u00f6nnen, zu befragen, und Kontakt mit dem Kind bzw. Jugendlichen herzustellen.<\/p>\n<p>Mit einem sogenannten<strong> Clearing<\/strong> wird versucht, M\u00f6glichkeiten und Wege einer g\u00fctlichen Einigung auszuloten, um eine einvernehmliche L\u00f6sung der Streitpunkte zu erreichen. Dabei werden die Parteien des gerichtlichen Verfahrens \u2013 Mutter, Vater, Gro\u00dfeltern, Pflegeeltern etc. \u2013 \u00fcber die speziellen Bed\u00fcrfnisse ihres Kindes in der Trennungssituation informiert und zugleich in ihrem Bem\u00fchen unterst\u00fctzt, einen gemeinsamen L\u00f6sungsweg unter Ber\u00fccksichtigung des Kindeswohls zu finden.<\/p>\n<p>Gelingt das nicht, wird das Gericht bei seiner Entscheidung durch eine von der Familiengerichtshilfe verfasste fachliche Stellungnahme unterst\u00fctzt.<\/p>\n<p>Die Familiengerichtshilfe kann im Auftrag des Gerichts <strong>spezifische Erhebungen<\/strong> durchf\u00fchren, um dem Richter ein genaueres Bild von der in Diskussion stehenden Problematik zu vermitteln. So kann das Gericht die Familiengerichtshilfe etwa beauftragen, mit Kindergartenp\u00e4dagog\/innen oder Lehrer\/innen zu sprechen, die h\u00e4usliche Situation abzukl\u00e4ren oder eine \u00dcbergabe des Kindes zwischen den Parteien am Wochenende zu beobachten.<\/p>\n<p>In den F\u00e4llen, in denen keine einvernehmliche L\u00f6sung der Eltern erzielt werden konnte und eine solche auch nicht zu erwarten ist, kann die Familiengerichtshilfe mit dem Verfassen einer <strong>Fachlichen Stellungnahme<\/strong> beauftragt werden. Im Rahmen dieser Erhebungen werden diverse Gespr\u00e4che mit allen Beteiligten gef\u00fchrt, Nachforschungen bei Einrichtungen, Hausbesuche und sonstige Interaktionsbeobachtungen gemacht oder diagnostische Erhebungsschritte gesetzt, aus welchen eine fachliche Einsch\u00e4tzung der Sachlage abgeleitet werden kann.<\/p>\n<p>Eine weitere Aufgabe der Familiengerichtshilfe ist die <strong>Besuchsmittlung<\/strong>: diese zielt darauf ab, sich mit den Parteien \u00fcber die konkrete Aus\u00fcbung der pers\u00f6nlichen Kontakte des Kindes zu den Parteien zu verst\u00e4ndigen und bei Konflikten zu vermitteln. Die MitarbeiterInnen der Familiengerichtshilfe k\u00f6nnen bei den \u00dcbergaben des Kindes beispielsweise anwesend sein und f\u00fchren mit den Parteien Gespr\u00e4che, um die Kontakte im Hinblick auf die Bed\u00fcrfnisse des Kindes zu verbessern.<\/p>\n<p>Abschlie\u00dfend erstattet die\/der Familiengerichtshilfe-MitarbeiterIn dem\/der zust\u00e4ndigen RichterIn in Form eines Schriftst\u00fccks und\/oder in m\u00fcndlicher Form w\u00e4hrend der Verhandlung Bericht.<\/p>\n<p>In der Arbeit der Familiengerichtshilfe stehen die Entwicklungsbed\u00fcrfnisse des Kindes im Mittelpunkt.<\/p>\n<p>ACHTUNG:\u00a0Die Familiengerichtshilfe ist keine Beratungsstelle.<\/p>\n\n\n<figure class=\"wp-block-image size-large\"><a href=\"https:\/\/trennungundscheidung.web-email.at\/familiengerichtshilfe\/assistance-with-finding-a-joint-solution-to-looming-problems-en\/\"><img loading=\"lazy\" decoding=\"async\" width=\"50\" height=\"32\" src=\"https:\/\/trennungundscheidung.web-email.at\/familiengerichtshilfe\/wp-content\/uploads\/sites\/4\/2020\/11\/englisch_english.jpg\" alt=\"\" class=\"wp-image-59\"\/><\/a><\/figure>\n","protected":false},"excerpt":{"rendered":"<p>Die FAMILIENGERICHTSHILFE (FGH) steht den Pflegschaftsgerichten in Angelegenheiten der Obsorge und des Rechts auf pers\u00f6nliche Kontakte unterst\u00fctzend zur Seite. Die Mitarbeiter\/innen der Familien- und Jugendgerichtshilfe (Sozialarbeiter\/innen, Erziehungs- und Bildungswissenschaftler\/innen, Psycholog\/innen) unterst\u00fctzen das Gericht beim Erarbeiten von Entscheidungsgrundlagen in Verfahren \u00fcber die Obsorge und das Kontaktrecht. Die Familiengerichtshilfe ist allein im Auftrag des Gerichtes t\u00e4tig. Sie [&hellip;]<\/p>\n","protected":false},"author":1,"featured_media":0,"parent":0,"menu_order":0,"comment_status":"closed","ping_status":"closed","template":"","meta":{"_acf_changed":false,"footnotes":""},"class_list":["post-11","page","type-page","status-publish","hentry"],"acf":[],"yoast_head":"<!-- This site is optimized with the Yoast SEO plugin v26.9 - https:\/\/yoast.com\/product\/yoast-seo-wordpress\/ -->\n<title>Familiengerichtshilfe (FGH) - Trennung &amp; Scheidung<\/title>\n<meta name=\"description\" content=\"Die Familiengerichtshilfe (FGH) unterst\u00fctzt das Gericht beim Erarbeiten von Entscheidungsgrundlagen in Verfahren \u00fcber die Obsorge und das Kontaktrecht.\" \/>\n<meta name=\"robots\" content=\"index, follow, max-snippet:-1, max-image-preview:large, max-video-preview:-1\" \/>\n<link rel=\"canonical\" href=\"https:\/\/trennungundscheidung.web-email.at\/familiengerichtshilfe\/\" \/>\n<meta property=\"og:locale\" content=\"de_DE\" \/>\n<meta property=\"og:type\" content=\"article\" \/>\n<meta property=\"og:title\" content=\"Familiengerichtshilfe (FGH) - Trennung &amp; Scheidung\" \/>\n<meta property=\"og:description\" content=\"Die Familiengerichtshilfe (FGH) unterst\u00fctzt das Gericht beim Erarbeiten von Entscheidungsgrundlagen in Verfahren \u00fcber die Obsorge und das Kontaktrecht.\" \/>\n<meta property=\"og:url\" content=\"https:\/\/trennungundscheidung.web-email.at\/familiengerichtshilfe\/\" \/>\n<meta property=\"og:site_name\" content=\"Familiengerichtshilfe\" \/>\n<meta property=\"article:modified_time\" content=\"2020-11-13T10:23:10+00:00\" \/>\n<meta property=\"og:image\" content=\"https:\/\/trennungundscheidung.web-email.at\/familiengerichtshilfe\/wp-content\/uploads\/sites\/4\/2020\/11\/englisch_english.jpg\" \/>\n<meta name=\"twitter:card\" content=\"summary_large_image\" \/>\n<meta name=\"twitter:label1\" content=\"Gesch\u00e4tzte Lesezeit\" \/>\n\t<meta name=\"twitter:data1\" content=\"2\u00a0Minuten\" \/>\n<script type=\"application\/ld+json\" class=\"yoast-schema-graph\">{\"@context\":\"https:\/\/schema.org\",\"@graph\":[{\"@type\":\"WebPage\",\"@id\":\"https:\/\/trennungundscheidung.web-email.at\/familiengerichtshilfe\/\",\"url\":\"https:\/\/trennungundscheidung.web-email.at\/familiengerichtshilfe\/\",\"name\":\"Familiengerichtshilfe (FGH) - Trennung & Scheidung\",\"isPartOf\":{\"@id\":\"https:\/\/trennungundscheidung.web-email.at\/familiengerichtshilfe\/#website\"},\"primaryImageOfPage\":{\"@id\":\"https:\/\/trennungundscheidung.web-email.at\/familiengerichtshilfe\/#primaryimage\"},\"image\":{\"@id\":\"https:\/\/trennungundscheidung.web-email.at\/familiengerichtshilfe\/#primaryimage\"},\"thumbnailUrl\":\"https:\/\/trennungundscheidung.web-email.at\/familiengerichtshilfe\/wp-content\/uploads\/sites\/4\/2020\/11\/englisch_english.jpg\",\"datePublished\":\"2017-02-24T07:11:22+00:00\",\"dateModified\":\"2020-11-13T10:23:10+00:00\",\"description\":\"Die Familiengerichtshilfe (FGH) unterst\u00fctzt das Gericht beim Erarbeiten von Entscheidungsgrundlagen in Verfahren \u00fcber die Obsorge und das Kontaktrecht.\",\"breadcrumb\":{\"@id\":\"https:\/\/trennungundscheidung.web-email.at\/familiengerichtshilfe\/#breadcrumb\"},\"inLanguage\":\"de\",\"potentialAction\":[{\"@type\":\"ReadAction\",\"target\":[\"https:\/\/trennungundscheidung.web-email.at\/familiengerichtshilfe\/\"]}]},{\"@type\":\"ImageObject\",\"inLanguage\":\"de\",\"@id\":\"https:\/\/trennungundscheidung.web-email.at\/familiengerichtshilfe\/#primaryimage\",\"url\":\"https:\/\/trennungundscheidung.web-email.at\/familiengerichtshilfe\/wp-content\/uploads\/sites\/4\/2020\/11\/englisch_english.jpg\",\"contentUrl\":\"https:\/\/trennungundscheidung.web-email.at\/familiengerichtshilfe\/wp-content\/uploads\/sites\/4\/2020\/11\/englisch_english.jpg\",\"width\":50,\"height\":32},{\"@type\":\"BreadcrumbList\",\"@id\":\"https:\/\/trennungundscheidung.web-email.at\/familiengerichtshilfe\/#breadcrumb\",\"itemListElement\":[{\"@type\":\"ListItem\",\"position\":1,\"name\":\"Home\",\"item\":\"https:\/\/trennungundscheidung.web-email.at\/familiengerichtshilfe\/\"},{\"@type\":\"ListItem\",\"position\":2,\"name\":\"Unterst\u00fctzung f\u00fcr eine gemeinsame L\u00f6sung der anstehenden Probleme\"}]},{\"@type\":\"WebSite\",\"@id\":\"https:\/\/trennungundscheidung.web-email.at\/familiengerichtshilfe\/#website\",\"url\":\"https:\/\/trennungundscheidung.web-email.at\/familiengerichtshilfe\/\",\"name\":\"Familiengerichtshilfe\",\"description\":\"\",\"potentialAction\":[{\"@type\":\"SearchAction\",\"target\":{\"@type\":\"EntryPoint\",\"urlTemplate\":\"https:\/\/trennungundscheidung.web-email.at\/familiengerichtshilfe\/?s={search_term_string}\"},\"query-input\":{\"@type\":\"PropertyValueSpecification\",\"valueRequired\":true,\"valueName\":\"search_term_string\"}}],\"inLanguage\":\"de\"}]}<\/script>\n<!-- \/ Yoast SEO plugin. -->","yoast_head_json":{"title":"Familiengerichtshilfe (FGH) - Trennung & Scheidung","description":"Die Familiengerichtshilfe (FGH) unterst\u00fctzt das Gericht beim Erarbeiten von Entscheidungsgrundlagen in Verfahren \u00fcber die Obsorge und das Kontaktrecht.","robots":{"index":"index","follow":"follow","max-snippet":"max-snippet:-1","max-image-preview":"max-image-preview:large","max-video-preview":"max-video-preview:-1"},"canonical":"https:\/\/trennungundscheidung.web-email.at\/familiengerichtshilfe\/","og_locale":"de_DE","og_type":"article","og_title":"Familiengerichtshilfe (FGH) - Trennung & Scheidung","og_description":"Die Familiengerichtshilfe (FGH) unterst\u00fctzt das Gericht beim Erarbeiten von Entscheidungsgrundlagen in Verfahren \u00fcber die Obsorge und das Kontaktrecht.","og_url":"https:\/\/trennungundscheidung.web-email.at\/familiengerichtshilfe\/","og_site_name":"Familiengerichtshilfe","article_modified_time":"2020-11-13T10:23:10+00:00","og_image":[{"url":"https:\/\/trennungundscheidung.web-email.at\/familiengerichtshilfe\/wp-content\/uploads\/sites\/4\/2020\/11\/englisch_english.jpg","type":"","width":"","height":""}],"twitter_card":"summary_large_image","twitter_misc":{"Gesch\u00e4tzte Lesezeit":"2\u00a0Minuten"},"schema":{"@context":"https:\/\/schema.org","@graph":[{"@type":"WebPage","@id":"https:\/\/trennungundscheidung.web-email.at\/familiengerichtshilfe\/","url":"https:\/\/trennungundscheidung.web-email.at\/familiengerichtshilfe\/","name":"Familiengerichtshilfe (FGH) - Trennung & Scheidung","isPartOf":{"@id":"https:\/\/trennungundscheidung.web-email.at\/familiengerichtshilfe\/#website"},"primaryImageOfPage":{"@id":"https:\/\/trennungundscheidung.web-email.at\/familiengerichtshilfe\/#primaryimage"},"image":{"@id":"https:\/\/trennungundscheidung.web-email.at\/familiengerichtshilfe\/#primaryimage"},"thumbnailUrl":"https:\/\/trennungundscheidung.web-email.at\/familiengerichtshilfe\/wp-content\/uploads\/sites\/4\/2020\/11\/englisch_english.jpg","datePublished":"2017-02-24T07:11:22+00:00","dateModified":"2020-11-13T10:23:10+00:00","description":"Die Familiengerichtshilfe (FGH) unterst\u00fctzt das Gericht beim Erarbeiten von Entscheidungsgrundlagen in Verfahren \u00fcber die Obsorge und das Kontaktrecht.","breadcrumb":{"@id":"https:\/\/trennungundscheidung.web-email.at\/familiengerichtshilfe\/#breadcrumb"},"inLanguage":"de","potentialAction":[{"@type":"ReadAction","target":["https:\/\/trennungundscheidung.web-email.at\/familiengerichtshilfe\/"]}]},{"@type":"ImageObject","inLanguage":"de","@id":"https:\/\/trennungundscheidung.web-email.at\/familiengerichtshilfe\/#primaryimage","url":"https:\/\/trennungundscheidung.web-email.at\/familiengerichtshilfe\/wp-content\/uploads\/sites\/4\/2020\/11\/englisch_english.jpg","contentUrl":"https:\/\/trennungundscheidung.web-email.at\/familiengerichtshilfe\/wp-content\/uploads\/sites\/4\/2020\/11\/englisch_english.jpg","width":50,"height":32},{"@type":"BreadcrumbList","@id":"https:\/\/trennungundscheidung.web-email.at\/familiengerichtshilfe\/#breadcrumb","itemListElement":[{"@type":"ListItem","position":1,"name":"Home","item":"https:\/\/trennungundscheidung.web-email.at\/familiengerichtshilfe\/"},{"@type":"ListItem","position":2,"name":"Unterst\u00fctzung f\u00fcr eine gemeinsame L\u00f6sung der anstehenden Probleme"}]},{"@type":"WebSite","@id":"https:\/\/trennungundscheidung.web-email.at\/familiengerichtshilfe\/#website","url":"https:\/\/trennungundscheidung.web-email.at\/familiengerichtshilfe\/","name":"Familiengerichtshilfe","description":"","potentialAction":[{"@type":"SearchAction","target":{"@type":"EntryPoint","urlTemplate":"https:\/\/trennungundscheidung.web-email.at\/familiengerichtshilfe\/?s={search_term_string}"},"query-input":{"@type":"PropertyValueSpecification","valueRequired":true,"valueName":"search_term_string"}}],"inLanguage":"de"}]}},"_links":{"self":[{"href":"https:\/\/trennungundscheidung.web-email.at\/familiengerichtshilfe\/wp-json\/wp\/v2\/pages\/11","targetHints":{"allow":["GET"]}}],"collection":[{"href":"https:\/\/trennungundscheidung.web-email.at\/familiengerichtshilfe\/wp-json\/wp\/v2\/pages"}],"about":[{"href":"https:\/\/trennungundscheidung.web-email.at\/familiengerichtshilfe\/wp-json\/wp\/v2\/types\/page"}],"author":[{"embeddable":true,"href":"https:\/\/trennungundscheidung.web-email.at\/familiengerichtshilfe\/wp-json\/wp\/v2\/users\/1"}],"replies":[{"embeddable":true,"href":"https:\/\/trennungundscheidung.web-email.at\/familiengerichtshilfe\/wp-json\/wp\/v2\/comments?post=11"}],"version-history":[{"count":1,"href":"https:\/\/trennungundscheidung.web-email.at\/familiengerichtshilfe\/wp-json\/wp\/v2\/pages\/11\/revisions"}],"predecessor-version":[{"id":60,"href":"https:\/\/trennungundscheidung.web-email.at\/familiengerichtshilfe\/wp-json\/wp\/v2\/pages\/11\/revisions\/60"}],"wp:attachment":[{"href":"https:\/\/trennungundscheidung.web-email.at\/familiengerichtshilfe\/wp-json\/wp\/v2\/media?parent=11"}],"curies":[{"name":"wp","href":"https:\/\/api.w.org\/{rel}","templated":true}]}}