{"id":9,"date":"2017-02-24T08:15:01","date_gmt":"2017-02-24T07:15:01","guid":{"rendered":"https:\/\/trennungundscheidung.web-email.at\/mediation\/?page_id=9"},"modified":"2020-11-13T11:25:02","modified_gmt":"2020-11-13T10:25:02","slug":"ein-weg-um-probleme-fair-zu-loesen","status":"publish","type":"page","link":"https:\/\/trennungundscheidung.web-email.at\/mediation\/","title":{"rendered":"Ein Weg, um Probleme fair zu l\u00f6sen!"},"content":{"rendered":"<p>Sollten Sie und Ihre Partnerin oder ihr Partner keine Einigung in Fragen Ihrer Trennung oder Scheidung, \u00fcber Verm\u00f6gensaufteilung, den Unterhalt oder das Besuchrecht zum gemeinsamen Kind oder den Kindern erzielen, k\u00f6nnen Sie eine Familienmediation in Anspruch nehmen<\/p>\n<p>Mediation wird jeweils von zwei Mediatorinnen und Mediatoren durchgef\u00fchrt, wobei eine Mediatorin\/ein Mediator eine psychosoziale Ausbildung (Sozialarbeiter\/-in,&nbsp;Therapeut\/-in, &#8230;.) und&nbsp;der\/die andere Mediator\/-in\/Mediator eine juristische Ausbildung (Rechtsanw\u00e4ltin\/Rechtsanwalt, Richter\/-in&#8230;) hat. Neben ihrer eigentlichen Berufsausbildung haben die Mediatorinnen und Mediatoren auch noch eine Mediationsausbildung absolviert.<\/p>\n<p>Eine Mediationsstunde kostet&nbsp;220,- \u20ac pro Mediatorenteam und je nach H\u00f6he Ihres Familieneinkommens, das Sie den Mediatorinnen und Mediatoren durch Vorlage von Lohnbest\u00e4tigungen, Gehaltszetteln u.\u00e4. nachweisen m\u00fcssen, und der Anzahl der unterhaltspflichtigen Kinder gew\u00e4hrt das Ministerium einen Zuschuss&nbsp;bzw. m\u00fcssen Sie einen Selbstbehalt leisten. Die H\u00f6he des Selbstbehaltes wird&nbsp;von den Mediatorinnen und Mediatoren errechnet, Sie bezahlen pro Mediationsstunde Ihren Selbstbehalt und den Zuschuss vom Ministerium wickeln die Mediatorinnen und Mediatoren mit den Vereinen und dem Ministerium ab. Die aktuellen Tarifs\u00e4tze finden Sie&nbsp;in der Tariftabelle.<\/p>\n<p>Das Ministerium f\u00f6rdert&nbsp;f\u00fcnf Vereine, denen ausgebildete Familienmediatorinnen und&nbsp;-mediatoren angeh\u00f6ren. Eine F\u00f6rderung kann nur in Anspruch genommen werden, wenn Sie sich f\u00fcr Mediatorinnen und Mediatoren entschieden haben, die in der Liste des Ministeriums&nbsp;angef\u00fchrt sind. Die von den Mediatorinnen und Mediatoren zu erbringenden Qualifikationen und sonstigen Bestimmungen zur gef\u00f6rderten Familienmediaton sind in den &#8222;Richtlinien zur F\u00f6rderung der Mediation&#8220; n\u00e4her definiert.<\/p>\n<p>In nachstehender Liste der Familienmediatorinnen und -mediatoren finden Sie die Namen und Kontaktdaten der zur Verf\u00fcgung stehenden Familienmediatorinnen und -mediatoren.<\/p>\n\n\n<figure class=\"wp-block-image size-large\"><a href=\"https:\/\/trennungundscheidung.web-email.at\/mediation\/a-way-of-solving-problems-fairly-en\/\"><img loading=\"lazy\" decoding=\"async\" width=\"50\" height=\"32\" src=\"https:\/\/trennungundscheidung.web-email.at\/mediation\/wp-content\/uploads\/sites\/5\/2020\/11\/englisch_english.jpg\" alt=\"\" class=\"wp-image-118\"\/><\/a><\/figure>\n","protected":false},"excerpt":{"rendered":"<p>Sollten Sie und Ihre Partnerin oder ihr Partner keine Einigung in Fragen Ihrer Trennung oder Scheidung, \u00fcber Verm\u00f6gensaufteilung, den Unterhalt oder das Besuchrecht zum gemeinsamen Kind oder den Kindern erzielen, k\u00f6nnen Sie eine Familienmediation in Anspruch nehmen Mediation wird jeweils von zwei Mediatorinnen und Mediatoren durchgef\u00fchrt, wobei eine Mediatorin\/ein Mediator eine psychosoziale Ausbildung (Sozialarbeiter\/-in,&nbsp;Therapeut\/-in, &#8230;.) [&hellip;]<\/p>\n","protected":false},"author":1,"featured_media":0,"parent":0,"menu_order":0,"comment_status":"closed","ping_status":"closed","template":"","meta":{"_acf_changed":false,"footnotes":""},"class_list":["post-9","page","type-page","status-publish","hentry"],"acf":[],"yoast_head":"<!-- This site is optimized with the Yoast SEO plugin v26.9 - https:\/\/yoast.com\/product\/yoast-seo-wordpress\/ -->\n<title>Mediation, Familienmediation | Trennung &amp; Scheidung<\/title>\n<meta name=\"description\" content=\"Sollten sie keine Einigung in Fragen Ihrer Trennung oder Scheidung erzielen, k\u00f6nnen Sie eine Mediation in Anspruch nehmen.\" \/>\n<meta name=\"robots\" content=\"index, follow, max-snippet:-1, max-image-preview:large, max-video-preview:-1\" \/>\n<link rel=\"canonical\" href=\"https:\/\/trennungundscheidung.web-email.at\/mediation\/\" \/>\n<meta property=\"og:locale\" content=\"de_DE\" \/>\n<meta property=\"og:type\" content=\"article\" \/>\n<meta property=\"og:title\" content=\"Mediation, Familienmediation | Trennung &amp; Scheidung\" \/>\n<meta property=\"og:description\" content=\"Sollten sie keine Einigung in Fragen Ihrer Trennung oder Scheidung erzielen, k\u00f6nnen Sie eine Mediation in Anspruch nehmen.\" \/>\n<meta property=\"og:url\" content=\"https:\/\/trennungundscheidung.web-email.at\/mediation\/\" \/>\n<meta property=\"og:site_name\" content=\"Mediation\" \/>\n<meta property=\"article:modified_time\" content=\"2020-11-13T10:25:02+00:00\" \/>\n<meta property=\"og:image\" content=\"https:\/\/trennungundscheidung.web-email.at\/mediation\/wp-content\/uploads\/sites\/5\/2020\/11\/englisch_english.jpg\" \/>\n<meta name=\"twitter:card\" content=\"summary_large_image\" \/>\n<meta name=\"twitter:label1\" content=\"Gesch\u00e4tzte Lesezeit\" \/>\n\t<meta name=\"twitter:data1\" content=\"1\u00a0Minute\" \/>\n<script type=\"application\/ld+json\" class=\"yoast-schema-graph\">{\"@context\":\"https:\/\/schema.org\",\"@graph\":[{\"@type\":\"WebPage\",\"@id\":\"https:\/\/trennungundscheidung.web-email.at\/mediation\/\",\"url\":\"https:\/\/trennungundscheidung.web-email.at\/mediation\/\",\"name\":\"Mediation, Familienmediation | Trennung & Scheidung\",\"isPartOf\":{\"@id\":\"https:\/\/trennungundscheidung.web-email.at\/mediation\/#website\"},\"primaryImageOfPage\":{\"@id\":\"https:\/\/trennungundscheidung.web-email.at\/mediation\/#primaryimage\"},\"image\":{\"@id\":\"https:\/\/trennungundscheidung.web-email.at\/mediation\/#primaryimage\"},\"thumbnailUrl\":\"https:\/\/trennungundscheidung.web-email.at\/mediation\/wp-content\/uploads\/sites\/5\/2020\/11\/englisch_english.jpg\",\"datePublished\":\"2017-02-24T07:15:01+00:00\",\"dateModified\":\"2020-11-13T10:25:02+00:00\",\"description\":\"Sollten sie keine Einigung in Fragen Ihrer Trennung oder Scheidung erzielen, k\u00f6nnen Sie eine Mediation in Anspruch nehmen.\",\"breadcrumb\":{\"@id\":\"https:\/\/trennungundscheidung.web-email.at\/mediation\/#breadcrumb\"},\"inLanguage\":\"de\",\"potentialAction\":[{\"@type\":\"ReadAction\",\"target\":[\"https:\/\/trennungundscheidung.web-email.at\/mediation\/\"]}]},{\"@type\":\"ImageObject\",\"inLanguage\":\"de\",\"@id\":\"https:\/\/trennungundscheidung.web-email.at\/mediation\/#primaryimage\",\"url\":\"https:\/\/trennungundscheidung.web-email.at\/mediation\/wp-content\/uploads\/sites\/5\/2020\/11\/englisch_english.jpg\",\"contentUrl\":\"https:\/\/trennungundscheidung.web-email.at\/mediation\/wp-content\/uploads\/sites\/5\/2020\/11\/englisch_english.jpg\",\"width\":50,\"height\":32},{\"@type\":\"BreadcrumbList\",\"@id\":\"https:\/\/trennungundscheidung.web-email.at\/mediation\/#breadcrumb\",\"itemListElement\":[{\"@type\":\"ListItem\",\"position\":1,\"name\":\"Home\",\"item\":\"https:\/\/trennungundscheidung.web-email.at\/mediation\/\"},{\"@type\":\"ListItem\",\"position\":2,\"name\":\"Ein Weg, um Probleme fair zu l\u00f6sen!\"}]},{\"@type\":\"WebSite\",\"@id\":\"https:\/\/trennungundscheidung.web-email.at\/mediation\/#website\",\"url\":\"https:\/\/trennungundscheidung.web-email.at\/mediation\/\",\"name\":\"Mediation\",\"description\":\"\",\"potentialAction\":[{\"@type\":\"SearchAction\",\"target\":{\"@type\":\"EntryPoint\",\"urlTemplate\":\"https:\/\/trennungundscheidung.web-email.at\/mediation\/?s={search_term_string}\"},\"query-input\":{\"@type\":\"PropertyValueSpecification\",\"valueRequired\":true,\"valueName\":\"search_term_string\"}}],\"inLanguage\":\"de\"}]}<\/script>\n<!-- \/ Yoast SEO plugin. -->","yoast_head_json":{"title":"Mediation, Familienmediation | Trennung & Scheidung","description":"Sollten sie keine Einigung in Fragen Ihrer Trennung oder Scheidung erzielen, k\u00f6nnen Sie eine Mediation in Anspruch nehmen.","robots":{"index":"index","follow":"follow","max-snippet":"max-snippet:-1","max-image-preview":"max-image-preview:large","max-video-preview":"max-video-preview:-1"},"canonical":"https:\/\/trennungundscheidung.web-email.at\/mediation\/","og_locale":"de_DE","og_type":"article","og_title":"Mediation, Familienmediation | Trennung & Scheidung","og_description":"Sollten sie keine Einigung in Fragen Ihrer Trennung oder Scheidung erzielen, k\u00f6nnen Sie eine Mediation in Anspruch nehmen.","og_url":"https:\/\/trennungundscheidung.web-email.at\/mediation\/","og_site_name":"Mediation","article_modified_time":"2020-11-13T10:25:02+00:00","og_image":[{"url":"https:\/\/trennungundscheidung.web-email.at\/mediation\/wp-content\/uploads\/sites\/5\/2020\/11\/englisch_english.jpg","type":"","width":"","height":""}],"twitter_card":"summary_large_image","twitter_misc":{"Gesch\u00e4tzte Lesezeit":"1\u00a0Minute"},"schema":{"@context":"https:\/\/schema.org","@graph":[{"@type":"WebPage","@id":"https:\/\/trennungundscheidung.web-email.at\/mediation\/","url":"https:\/\/trennungundscheidung.web-email.at\/mediation\/","name":"Mediation, Familienmediation | Trennung & Scheidung","isPartOf":{"@id":"https:\/\/trennungundscheidung.web-email.at\/mediation\/#website"},"primaryImageOfPage":{"@id":"https:\/\/trennungundscheidung.web-email.at\/mediation\/#primaryimage"},"image":{"@id":"https:\/\/trennungundscheidung.web-email.at\/mediation\/#primaryimage"},"thumbnailUrl":"https:\/\/trennungundscheidung.web-email.at\/mediation\/wp-content\/uploads\/sites\/5\/2020\/11\/englisch_english.jpg","datePublished":"2017-02-24T07:15:01+00:00","dateModified":"2020-11-13T10:25:02+00:00","description":"Sollten sie keine Einigung in Fragen Ihrer Trennung oder Scheidung erzielen, k\u00f6nnen Sie eine Mediation in Anspruch nehmen.","breadcrumb":{"@id":"https:\/\/trennungundscheidung.web-email.at\/mediation\/#breadcrumb"},"inLanguage":"de","potentialAction":[{"@type":"ReadAction","target":["https:\/\/trennungundscheidung.web-email.at\/mediation\/"]}]},{"@type":"ImageObject","inLanguage":"de","@id":"https:\/\/trennungundscheidung.web-email.at\/mediation\/#primaryimage","url":"https:\/\/trennungundscheidung.web-email.at\/mediation\/wp-content\/uploads\/sites\/5\/2020\/11\/englisch_english.jpg","contentUrl":"https:\/\/trennungundscheidung.web-email.at\/mediation\/wp-content\/uploads\/sites\/5\/2020\/11\/englisch_english.jpg","width":50,"height":32},{"@type":"BreadcrumbList","@id":"https:\/\/trennungundscheidung.web-email.at\/mediation\/#breadcrumb","itemListElement":[{"@type":"ListItem","position":1,"name":"Home","item":"https:\/\/trennungundscheidung.web-email.at\/mediation\/"},{"@type":"ListItem","position":2,"name":"Ein Weg, um Probleme fair zu l\u00f6sen!"}]},{"@type":"WebSite","@id":"https:\/\/trennungundscheidung.web-email.at\/mediation\/#website","url":"https:\/\/trennungundscheidung.web-email.at\/mediation\/","name":"Mediation","description":"","potentialAction":[{"@type":"SearchAction","target":{"@type":"EntryPoint","urlTemplate":"https:\/\/trennungundscheidung.web-email.at\/mediation\/?s={search_term_string}"},"query-input":{"@type":"PropertyValueSpecification","valueRequired":true,"valueName":"search_term_string"}}],"inLanguage":"de"}]}},"_links":{"self":[{"href":"https:\/\/trennungundscheidung.web-email.at\/mediation\/wp-json\/wp\/v2\/pages\/9","targetHints":{"allow":["GET"]}}],"collection":[{"href":"https:\/\/trennungundscheidung.web-email.at\/mediation\/wp-json\/wp\/v2\/pages"}],"about":[{"href":"https:\/\/trennungundscheidung.web-email.at\/mediation\/wp-json\/wp\/v2\/types\/page"}],"author":[{"embeddable":true,"href":"https:\/\/trennungundscheidung.web-email.at\/mediation\/wp-json\/wp\/v2\/users\/1"}],"replies":[{"embeddable":true,"href":"https:\/\/trennungundscheidung.web-email.at\/mediation\/wp-json\/wp\/v2\/comments?post=9"}],"version-history":[{"count":1,"href":"https:\/\/trennungundscheidung.web-email.at\/mediation\/wp-json\/wp\/v2\/pages\/9\/revisions"}],"predecessor-version":[{"id":119,"href":"https:\/\/trennungundscheidung.web-email.at\/mediation\/wp-json\/wp\/v2\/pages\/9\/revisions\/119"}],"wp:attachment":[{"href":"https:\/\/trennungundscheidung.web-email.at\/mediation\/wp-json\/wp\/v2\/media?parent=9"}],"curies":[{"name":"wp","href":"https:\/\/api.w.org\/{rel}","templated":true}]}}